{"id":573,"date":"2017-07-26T08:19:09","date_gmt":"2017-07-26T08:19:09","guid":{"rendered":"http:\/\/www.enka.com\/foundation\/schools\/gebze\/visual-arts\/"},"modified":"2019-12-12T16:43:45","modified_gmt":"2019-12-12T13:43:45","slug":"gorsel-sanatlar","status":"publish","type":"page","link":"https:\/\/www.enka.k12.tr\/kocaeli\/okullarimiz\/fen-ve-teknoloji-lisesi\/gorsel-sanatlar\/","title":{"rendered":"G\u00d6RSEL SANATLAR"},"content":{"rendered":"<div class=\"wpb-content-wrapper\"><p>[vc_row][vc_column]<div id=\"ultimate-heading-92176a0610577b3d6\" class=\"uvc-heading ult-adjust-bottom-margin ultimate-heading-92176a0610577b3d6 uvc-7697 \" data-hspacer=\"line_with_icon\" data-hline_width=\"auto\" data-hicon_type=\"custom\" data-hborder_style=\"solid\" data-hborder_height=\"3\" data-hborder_color=\"#69b3e7\" data-icon_width=\"200\" data-hfixer=\"30\"  data-halign=\"center\" style=\"text-align:center\"><div class=\"uvc-heading-spacer line_with_icon\" style=\"top\"><div class=\"ult-just-icon-wrapper  \"><div class=\"align-icon\" style=\"text-align:center;\">\n<div class=\"aio-icon-img \" style=\"font-size:200px;display:inline-block;\" >\n\t<img decoding=\"async\" class=\"img-icon\" alt=\"null\" src=\"https:\/\/www.enka.k12.tr\/istanbul\/wp-content\/uploads\/2017\/04\/ENKA_Okullari_Istanbul_Logo.svg\"\/>\n<\/div><\/div><\/div><\/div><\/div><div class=\"ult-spacer spacer-6a0610577b46d\" data-id=\"6a0610577b46d\" data-height=\"30\" data-height-mobile=\"10\" data-height-tab=\"20\" data-height-tab-portrait=\"\" data-height-mobile-landscape=\"\" style=\"clear:both;display:block;\"><\/div>[\/vc_column][\/vc_row][vc_row padding_top=&#8221;30px&#8221; bg_type=&#8221;bg_color&#8221; bg_color_value=&#8221;#f5f5f5&#8243;][vc_column]<div id=\"ultimate-heading-86366a0610577b4c7\" class=\"uvc-heading ult-adjust-bottom-margin ultimate-heading-86366a0610577b4c7 uvc-2308 \" data-hspacer=\"line_only\"  data-halign=\"left\" style=\"text-align:left\"><div class=\"uvc-sub-heading ult-responsive\"  data-ultimate-target='.uvc-heading.ultimate-heading-86366a0610577b4c7 .uvc-sub-heading '  data-responsive-json-new='{\"font-size\":\"desktop:50px;tablet:48px;tablet_portrait:46px;mobile_landscape:44px;mobile:42px;\",\"line-height\":\"desktop:50px;tablet:48px;tablet_portrait:46px;mobile_landscape:44px;mobile:42px;\"}'  style=\"font-weight:bold;color:#000000;\"><span style=\"color: #69b3e7;\">G\u00d6RSEL<\/span>\u00a0SANATLAR<\/div><div class=\"uvc-heading-spacer line_only\" style=\"margin-top:10px;height:3px;\"><span class=\"uvc-headings-line\" style=\"border-style:solid;border-bottom-width:3px;border-color:#000000;width:100px;\"><\/span><\/div><\/div><div class=\"ult-spacer spacer-6a0610577b552\" data-id=\"6a0610577b552\" data-height=\"24\" data-height-mobile=\"24\" data-height-tab=\"24\" data-height-tab-portrait=\"\" data-height-mobile-landscape=\"\" style=\"clear:both;display:block;\"><\/div>[\/vc_column][\/vc_row][vc_row padding_top=&#8221;30px&#8221; bg_type=&#8221;bg_color&#8221; bg_color_value=&#8221;#f5f5f5&#8243;][vc_column width=&#8221;2\/3&#8243;][vc_column_text]Amac\u0131m\u0131z, \u00f6\u011frencilerimizin ilgi ve yeteneklerini ke\u015ffetmesini sa\u011flamak ve estetik ilkeler \u00e7er\u00e7evesinde \u00e7al\u0131\u015fmalar \u00fcretmesidir. \u00d6\u011frencilerimiz bu s\u00fcre\u00e7te her t\u00fcrl\u00fc malzemeden yararlanarak kendilerini ifade ederler. Y\u0131l i\u00e7erisinde \u0130stanbul\u2019da ger\u00e7ekle\u015fen\u00a0 g\u00fcncel sanat etkinliklerine\u00a0 kat\u0131larak\u00a0 sanata duyarl\u0131 bireyler olarak yeti\u015firler.G\u00f6rsel sanatlar dersi \u00f6\u011fretim program\u0131m\u0131z; 9. s\u0131n\u0131flar\u0131m\u0131zda MEB m\u00fcfredat\u0131na uygun olarak \u00fc\u00e7 \u00f6\u011frenme alan\u0131 alt\u0131nda yap\u0131land\u0131r\u0131lm\u0131\u015ft\u0131r.<\/p>\n<ul style=\"text-align: justify;\">\n<li><span style=\"text-align: justify;\">G\u00f6rsel Sanatlarda Bi\u00e7imlendirme<\/span><\/li>\n<li>G\u00f6rsel Sanat K\u00fclt\u00fcr\u00fc<\/li>\n<li>Tarihi \u00c7evre ve M\u00fcze Bilinci<\/li>\n<\/ul>\n<p style=\"text-align: justify;\">Y\u0131l boyunca \u00fcretilen t\u00fcm \u00e7al\u0131\u015fmalar okulumuzda ve \u00e7evre galerilerde sergilenmektedir.<\/p>\n<p>[\/vc_column_text]<div class=\"ult-spacer spacer-6a0610577b594\" data-id=\"6a0610577b594\" data-height=\"24\" data-height-mobile=\"24\" data-height-tab=\"24\" data-height-tab-portrait=\"\" data-height-mobile-landscape=\"\" style=\"clear:both;display:block;\"><\/div>[\/vc_column][vc_column width=&#8221;1\/3&#8243;][vc_single_image image=&#8221;2074&#8243; img_size=&#8221;full&#8221;]<div class=\"ult-spacer spacer-6a0610577b5c1\" data-id=\"6a0610577b5c1\" data-height=\"24\" data-height-mobile=\"24\" data-height-tab=\"24\" data-height-tab-portrait=\"\" data-height-mobile-landscape=\"\" style=\"clear:both;display:block;\"><\/div>[\/vc_column][\/vc_row]<\/p>\n<\/div>","protected":false},"excerpt":{"rendered":"<p>[vc_row][vc_column][\/vc_column][\/vc_row][vc_row padding_top=&#8221;30px&#8221; bg_type=&#8221;bg_color&#8221; bg_color_value=&#8221;#f5f5f5&#8243;][vc_column][\/vc_column][\/vc_row][vc_row padding_top=&#8221;30px&#8221; bg_type=&#8221;bg_color&#8221; bg_color_value=&#8221;#f5f5f5&#8243;][vc_column width=&#8221;2\/3&#8243;][vc_column_text]Amac\u0131m\u0131z, \u00f6\u011frencilerimizin ilgi ve yeteneklerini ke\u015ffetmesini sa\u011flamak ve estetik ilkeler \u00e7er\u00e7evesinde \u00e7al\u0131\u015fmalar \u00fcretmesidir. \u00d6\u011frencilerimiz bu s\u00fcre\u00e7te her t\u00fcrl\u00fc malzemeden yararlanarak kendilerini ifade ederler. Y\u0131l i\u00e7erisinde \u0130stanbul\u2019da ger\u00e7ekle\u015fen\u00a0 g\u00fcncel sanat etkinliklerine\u00a0 kat\u0131larak\u00a0 sanata duyarl\u0131 bireyler olarak yeti\u015firler.G\u00f6rsel sanatlar dersi \u00f6\u011fretim program\u0131m\u0131z; 9. s\u0131n\u0131flar\u0131m\u0131zda MEB m\u00fcfredat\u0131na uygun olarak \u00fc\u00e7 \u00f6\u011frenme alan\u0131 alt\u0131nda yap\u0131land\u0131r\u0131lm\u0131\u015ft\u0131r. G\u00f6rsel Sanatlarda Bi\u00e7imlendirme G\u00f6rsel Sanat K\u00fclt\u00fcr\u00fc Tarihi&#8230;<\/p>\n","protected":false},"author":4,"featured_media":1076,"parent":560,"menu_order":0,"comment_status":"closed","ping_status":"closed","template":"","meta":{"_acf_changed":false,"inline_featured_image":false,"footnotes":""},"class_list":["post-573","page","type-page","status-publish","has-post-thumbnail","hentry","custom-post-type-entry"],"aioseo_notices":[],"acf":[],"_links":{"self":[{"href":"https:\/\/www.enka.k12.tr\/kocaeli\/wp-json\/wp\/v2\/pages\/573","targetHints":{"allow":["GET"]}}],"collection":[{"href":"https:\/\/www.enka.k12.tr\/kocaeli\/wp-json\/wp\/v2\/pages"}],"about":[{"href":"https:\/\/www.enka.k12.tr\/kocaeli\/wp-json\/wp\/v2\/types\/page"}],"author":[{"embeddable":true,"href":"https:\/\/www.enka.k12.tr\/kocaeli\/wp-json\/wp\/v2\/users\/4"}],"replies":[{"embeddable":true,"href":"https:\/\/www.enka.k12.tr\/kocaeli\/wp-json\/wp\/v2\/comments?post=573"}],"version-history":[{"count":0,"href":"https:\/\/www.enka.k12.tr\/kocaeli\/wp-json\/wp\/v2\/pages\/573\/revisions"}],"up":[{"embeddable":true,"href":"https:\/\/www.enka.k12.tr\/kocaeli\/wp-json\/wp\/v2\/pages\/560"}],"wp:featuredmedia":[{"embeddable":true,"href":"https:\/\/www.enka.k12.tr\/kocaeli\/wp-json\/wp\/v2\/media\/1076"}],"wp:attachment":[{"href":"https:\/\/www.enka.k12.tr\/kocaeli\/wp-json\/wp\/v2\/media?parent=573"}],"curies":[{"name":"wp","href":"https:\/\/api.w.org\/{rel}","templated":true}]}}