{"id":574,"date":"2017-07-26T08:19:30","date_gmt":"2017-07-26T08:19:30","guid":{"rendered":"http:\/\/www.enka.com\/foundation\/schools\/gebze\/music\/"},"modified":"2019-12-12T16:53:20","modified_gmt":"2019-12-12T13:53:20","slug":"muzik","status":"publish","type":"page","link":"https:\/\/www.enka.k12.tr\/kocaeli\/okullarimiz\/fen-ve-teknoloji-lisesi\/muzik\/","title":{"rendered":"M\u00dcZ\u0130K"},"content":{"rendered":"<div class=\"wpb-content-wrapper\"><p>[vc_row][vc_column]<div id=\"ultimate-heading-351969e1b1c35061f\" class=\"uvc-heading ult-adjust-bottom-margin ultimate-heading-351969e1b1c35061f uvc-9285 \" data-hspacer=\"line_with_icon\" data-hline_width=\"auto\" data-hicon_type=\"custom\" data-hborder_style=\"solid\" data-hborder_height=\"3\" data-hborder_color=\"#69b3e7\" data-icon_width=\"200\" data-hfixer=\"30\"  data-halign=\"center\" style=\"text-align:center\"><div class=\"uvc-heading-spacer line_with_icon\" style=\"top\"><div class=\"ult-just-icon-wrapper  \"><div class=\"align-icon\" style=\"text-align:center;\">\n<div class=\"aio-icon-img \" style=\"font-size:200px;display:inline-block;\" >\n\t<img decoding=\"async\" class=\"img-icon\" alt=\"null\" src=\"https:\/\/www.enka.k12.tr\/istanbul\/wp-content\/uploads\/2017\/04\/ENKA_Okullari_Istanbul_Logo.svg\"\/>\n<\/div><\/div><\/div><\/div><\/div><div class=\"ult-spacer spacer-69e1b1c35067e\" data-id=\"69e1b1c35067e\" data-height=\"30\" data-height-mobile=\"10\" data-height-tab=\"20\" data-height-tab-portrait=\"\" data-height-mobile-landscape=\"\" style=\"clear:both;display:block;\"><\/div>[\/vc_column][\/vc_row][vc_row padding_top=&#8221;30px&#8221; bg_type=&#8221;bg_color&#8221; bg_color_value=&#8221;#f5f5f5&#8243;][vc_column]<div id=\"ultimate-heading-192369e1b1c3506d3\" class=\"uvc-heading ult-adjust-bottom-margin ultimate-heading-192369e1b1c3506d3 uvc-6156 \" data-hspacer=\"line_only\"  data-halign=\"left\" style=\"text-align:left\"><div class=\"uvc-sub-heading ult-responsive\"  data-ultimate-target='.uvc-heading.ultimate-heading-192369e1b1c3506d3 .uvc-sub-heading '  data-responsive-json-new='{\"font-size\":\"desktop:50px;tablet:48px;tablet_portrait:46px;mobile_landscape:44px;mobile:42px;\",\"line-height\":\"desktop:50px;tablet:48px;tablet_portrait:46px;mobile_landscape:44px;mobile:42px;\"}'  style=\"font-weight:bold;color:#000000;\">M\u00dcZ\u0130K<\/div><div class=\"uvc-heading-spacer line_only\" style=\"margin-top:10px;height:3px;\"><span class=\"uvc-headings-line\" style=\"border-style:solid;border-bottom-width:3px;border-color:#69b3e7;width:100px;\"><\/span><\/div><\/div><div class=\"ult-spacer spacer-69e1b1c350710\" data-id=\"69e1b1c350710\" data-height=\"24\" data-height-mobile=\"24\" data-height-tab=\"24\" data-height-tab-portrait=\"\" data-height-mobile-landscape=\"\" style=\"clear:both;display:block;\"><\/div>[\/vc_column][\/vc_row][vc_row padding_top=&#8221;30px&#8221; bg_type=&#8221;bg_color&#8221; bg_color_value=&#8221;#f5f5f5&#8243;][vc_column][vc_column_text]M\u00fczik dersi program\u0131m\u0131z, 9. S\u0131n\u0131f MEB m\u00fcfredat\u0131na uygun olarak yap\u0131land\u0131r\u0131lm\u0131\u015ft\u0131r. M\u00fczik kul\u00fcp derslerinde, \u00f6\u011fretilen keman, viyolonsel, yan fl\u00fct, bateri, piyano, gitar, bas gitar gibi \u00e7alg\u0131larla s\u0131k\u00e7a konserler verilip ulusal yar\u0131\u015fmalarda performanslar sergilenir. Olu\u015fturulan farkl\u0131 m\u00fczik gruplar\u0131yla \u00f6\u011frencilerin tak\u0131m \u00e7al\u0131\u015fmalar\u0131 hedeflenir. E\u011fitimler i\u00e7erisinde istenilen beste ve d\u00fczenleme \u00e7al\u0131\u015fmalar\u0131yla \u00fcretkenli\u011fin \u00fcst d\u00fczeye ula\u015fmas\u0131 ama\u00e7lan\u0131r. Dijital ve akustik ortamlarda yap\u0131lan m\u00fcziklerle \u00f6\u011frenciler, farkl\u0131 t\u0131n\u0131lara a\u015fina olur ve uyum sa\u011flar. Okulumuzdan her \u00f6\u011frenci muhakkak bir enstr\u00fcman \u00e7alarak mezun olur.[\/vc_column_text][\/vc_column][\/vc_row][vc_row padding_top=&#8221;30px&#8221; bg_type=&#8221;bg_color&#8221; bg_color_value=&#8221;#f5f5f5&#8243;][vc_column width=&#8221;2\/3&#8243;][vc_column_text]Hedeflerimiz:<\/p>\n<ul>\n<li style=\"text-align: justify;\">Sanat, sanat\u00e7\u0131ya, k\u00fclt\u00fcrlere sayg\u0131 g\u00f6steren ve \u00f6nem veren,<\/li>\n<li style=\"text-align: justify;\">\u0130lkeli, ara\u015ft\u0131rmac\u0131, m\u00fczikaliten anlayan bireyler yeti\u015ftirmek.<\/li>\n<li style=\"text-align: justify;\">Orff \u00e7alg\u0131lar\u0131 ile ya\u015fayarak \u00f6\u011frenen, nota \u00f6\u011frenme becerilerini geli\u015ftiren, duydu\u011fu ritim ve melodileri dikte edebilecek seviyeye ula\u015ft\u0131rmak.<\/li>\n<li style=\"text-align: justify;\">M\u00fczik teknolojilerini duyarl\u0131 ve etkin olarak kullanabilen bireyler yeti\u015ftirmek<\/li>\n<li style=\"text-align: justify;\">M\u00fczik teknolojisinin g\u00fcn\u00fcm\u00fczdeki uygulamalar\u0131na ilgi duymalar\u0131n\u0131 sa\u011flamak<\/li>\n<li style=\"text-align: justify;\">Okul i\u00e7inde ve d\u0131\u015f\u0131nda m\u00fczikal etkinliklerine kat\u0131lmak ulusal yar\u0131\u015fmalarda dereceler kazanmak.<\/li>\n<\/ul>\n<p>[\/vc_column_text][\/vc_column][vc_column width=&#8221;1\/3&#8243;]<div class=\"ult-spacer spacer-69e1b1c350738\" data-id=\"69e1b1c350738\" data-height=\"24\" data-height-mobile=\"24\" data-height-tab=\"24\" data-height-tab-portrait=\"\" data-height-mobile-landscape=\"\" style=\"clear:both;display:block;\"><\/div>[vc_single_image image=&#8221;2399&#8243; img_size=&#8221;full&#8221;][\/vc_column][\/vc_row]<\/p>\n<\/div>","protected":false},"excerpt":{"rendered":"<p>[vc_row][vc_column][\/vc_column][\/vc_row][vc_row padding_top=&#8221;30px&#8221; bg_type=&#8221;bg_color&#8221; bg_color_value=&#8221;#f5f5f5&#8243;][vc_column][\/vc_column][\/vc_row][vc_row padding_top=&#8221;30px&#8221; bg_type=&#8221;bg_color&#8221; bg_color_value=&#8221;#f5f5f5&#8243;][vc_column][vc_column_text]M\u00fczik dersi program\u0131m\u0131z, 9. S\u0131n\u0131f MEB m\u00fcfredat\u0131na uygun olarak yap\u0131land\u0131r\u0131lm\u0131\u015ft\u0131r. M\u00fczik kul\u00fcp derslerinde, \u00f6\u011fretilen keman, viyolonsel, yan fl\u00fct, bateri, piyano, gitar, bas gitar gibi \u00e7alg\u0131larla s\u0131k\u00e7a konserler verilip ulusal yar\u0131\u015fmalarda performanslar sergilenir. Olu\u015fturulan farkl\u0131 m\u00fczik gruplar\u0131yla \u00f6\u011frencilerin tak\u0131m \u00e7al\u0131\u015fmalar\u0131 hedeflenir. E\u011fitimler i\u00e7erisinde istenilen beste ve d\u00fczenleme \u00e7al\u0131\u015fmalar\u0131yla \u00fcretkenli\u011fin \u00fcst d\u00fczeye ula\u015fmas\u0131 ama\u00e7lan\u0131r. Dijital ve akustik ortamlarda yap\u0131lan m\u00fcziklerle \u00f6\u011frenciler,&#8230;<\/p>\n","protected":false},"author":4,"featured_media":892,"parent":560,"menu_order":0,"comment_status":"closed","ping_status":"closed","template":"","meta":{"_acf_changed":false,"inline_featured_image":false,"footnotes":""},"class_list":["post-574","page","type-page","status-publish","has-post-thumbnail","hentry","custom-post-type-entry"],"aioseo_notices":[],"acf":[],"_links":{"self":[{"href":"https:\/\/www.enka.k12.tr\/kocaeli\/wp-json\/wp\/v2\/pages\/574","targetHints":{"allow":["GET"]}}],"collection":[{"href":"https:\/\/www.enka.k12.tr\/kocaeli\/wp-json\/wp\/v2\/pages"}],"about":[{"href":"https:\/\/www.enka.k12.tr\/kocaeli\/wp-json\/wp\/v2\/types\/page"}],"author":[{"embeddable":true,"href":"https:\/\/www.enka.k12.tr\/kocaeli\/wp-json\/wp\/v2\/users\/4"}],"replies":[{"embeddable":true,"href":"https:\/\/www.enka.k12.tr\/kocaeli\/wp-json\/wp\/v2\/comments?post=574"}],"version-history":[{"count":0,"href":"https:\/\/www.enka.k12.tr\/kocaeli\/wp-json\/wp\/v2\/pages\/574\/revisions"}],"up":[{"embeddable":true,"href":"https:\/\/www.enka.k12.tr\/kocaeli\/wp-json\/wp\/v2\/pages\/560"}],"wp:featuredmedia":[{"embeddable":true,"href":"https:\/\/www.enka.k12.tr\/kocaeli\/wp-json\/wp\/v2\/media\/892"}],"wp:attachment":[{"href":"https:\/\/www.enka.k12.tr\/kocaeli\/wp-json\/wp\/v2\/media?parent=574"}],"curies":[{"name":"wp","href":"https:\/\/api.w.org\/{rel}","templated":true}]}}