{"id":575,"date":"2017-07-26T08:19:52","date_gmt":"2017-07-26T08:19:52","guid":{"rendered":"http:\/\/www.enka.com\/foundation\/schools\/gebze\/turkish-language-and-literature\/"},"modified":"2019-12-12T17:00:27","modified_gmt":"2019-12-12T14:00:27","slug":"turk-dili-ve-edebiyati","status":"publish","type":"page","link":"https:\/\/www.enka.k12.tr\/kocaeli\/okullarimiz\/fen-ve-teknoloji-lisesi\/turk-dili-ve-edebiyati\/","title":{"rendered":"T\u00dcRK D\u0130L\u0130 VE EDEB\u0130YATI"},"content":{"rendered":"<div class=\"wpb-content-wrapper\"><p>[vc_row][vc_column]<div id=\"ultimate-heading-29126a0610903cdea\" class=\"uvc-heading ult-adjust-bottom-margin ultimate-heading-29126a0610903cdea uvc-7401 \" data-hspacer=\"line_with_icon\" data-hline_width=\"auto\" data-hicon_type=\"custom\" data-hborder_style=\"solid\" data-hborder_height=\"3\" data-hborder_color=\"#69b3e7\" data-icon_width=\"200\" data-hfixer=\"30\"  data-halign=\"center\" style=\"text-align:center\"><div class=\"uvc-heading-spacer line_with_icon\" style=\"top\"><div class=\"ult-just-icon-wrapper  \"><div class=\"align-icon\" style=\"text-align:center;\">\n<div class=\"aio-icon-img \" style=\"font-size:200px;display:inline-block;\" >\n\t<img decoding=\"async\" class=\"img-icon\" alt=\"null\" src=\"https:\/\/www.enka.k12.tr\/istanbul\/wp-content\/uploads\/2017\/04\/ENKA_Okullari_Istanbul_Logo.svg\"\/>\n<\/div><\/div><\/div><\/div><\/div><div class=\"ult-spacer spacer-6a0610903ce4d\" data-id=\"6a0610903ce4d\" data-height=\"30\" data-height-mobile=\"10\" data-height-tab=\"20\" data-height-tab-portrait=\"\" data-height-mobile-landscape=\"\" style=\"clear:both;display:block;\"><\/div>[\/vc_column][\/vc_row][vc_row padding_top=&#8221;30px&#8221; bg_type=&#8221;bg_color&#8221; bg_color_value=&#8221;#f5f5f5&#8243;][vc_column]<div id=\"ultimate-heading-87826a0610903cea7\" class=\"uvc-heading ult-adjust-bottom-margin ultimate-heading-87826a0610903cea7 uvc-2807 \" data-hspacer=\"line_only\"  data-halign=\"left\" style=\"text-align:left\"><div class=\"uvc-main-heading ult-responsive\"  data-ultimate-target='.uvc-heading.ultimate-heading-87826a0610903cea7 h2'  data-responsive-json-new='{\"font-size\":\"desktop:20px;\",\"line-height\":\"desktop:50px;\"}' ><h2 style=\"font-weight:normal;color:#000000;\">T\u00dcRK<\/h2><\/div><div class=\"uvc-sub-heading ult-responsive\"  data-ultimate-target='.uvc-heading.ultimate-heading-87826a0610903cea7 .uvc-sub-heading '  data-responsive-json-new='{\"font-size\":\"desktop:50px;tablet:48px;tablet_portrait:46px;mobile_landscape:44px;mobile:42px;\",\"line-height\":\"desktop:50px;tablet:48px;tablet_portrait:46px;mobile_landscape:44px;mobile:42px;\"}'  style=\"font-weight:bold;color:#000000;\"><span style=\"color: #69b3e7;\">D\u0130L\u0130<\/span>\u00a0VE <span style=\"color: #69b3e7;\">EDEB\u0130YATI<\/span><\/div><div class=\"uvc-heading-spacer line_only\" style=\"margin-top:10px;height:3px;\"><span class=\"uvc-headings-line\" style=\"border-style:solid;border-bottom-width:3px;border-color:#000000;width:100px;\"><\/span><\/div><\/div><div class=\"ult-spacer spacer-6a0610903cf0c\" data-id=\"6a0610903cf0c\" data-height=\"24\" data-height-mobile=\"24\" data-height-tab=\"24\" data-height-tab-portrait=\"\" data-height-mobile-landscape=\"\" style=\"clear:both;display:block;\"><\/div>[\/vc_column][\/vc_row][vc_row padding_top=&#8221;30px&#8221; bg_type=&#8221;bg_color&#8221; bg_color_value=&#8221;#f5f5f5&#8243;][vc_column][vc_column_text]<\/p>\n<p>Edebiyat, k\u00fclt\u00fcrel ve tarih\u00ee olandan hareketle dille ger\u00e7ekle\u015fen bir g\u00fczel sanat etkinli\u011fidir.<\/p>\n<p>T\u00fcrk Dili ve Edebiyat\u0131 dersi arac\u0131l\u0131\u011f\u0131yla edeb\u00ee metinleri yap\u0131, tema, dil, anlat\u0131m ve anlam bak\u0131mlar\u0131ndan yaz\u0131ld\u0131klar\u0131 d\u00f6nemin zihniyetiyle ili\u015fkilendirerek varl\u0131klar\u0131n\u0131 nas\u0131l s\u00fcrd\u00fcrd\u00fckleri hissettirilir.<\/p>\n<p>\u00d6\u011frenciler, soru-cevap, beyin f\u0131rt\u0131nas\u0131, drama gibi y\u00f6ntemlerle yeni d\u00fc\u015f\u00fcnceler \u00fcretirken ara\u015ft\u0131rma, tart\u0131\u015fma, anlama, yorumlama,ele\u015ftirel ve yarat\u0131c\u0131 d\u00fc\u015f\u00fcnme, sorun \u00e7\u00f6zebilme yeteneklerini de geli\u015ftirirler. \u00d6\u011frencilereT\u00fcrk Dili ve Edebiyat\u0131 dersinin en \u00f6nemli katk\u0131s\u0131 ise okuma zevki ve al\u0131\u015fkanl\u0131\u011f\u0131 kazand\u0131rmas\u0131d\u0131r.<\/p>\n<p>[\/vc_column_text][\/vc_column][\/vc_row][vc_row padding_top=&#8221;30px&#8221; bg_type=&#8221;bg_color&#8221; bg_color_value=&#8221;#f5f5f5&#8243;][vc_column width=&#8221;2\/3&#8243;][vc_column_text]<\/p>\n<p>Bu s\u00fcre\u00e7te \u00f6\u011frencilere her y\u0131l T\u00fcrk ve D\u00fcnya edebiyat\u0131n\u0131n se\u00e7kin eserleri okutularak estetik y\u00f6nden geli\u015fmeleri hedeflenir. \u00d6\u011frencilerin bu a\u015famada kitaplar\u0131 daha yak\u0131ndan tan\u0131malar\u0131 okul k\u00fct\u00fcphanemizle desteklenir.<\/p>\n<p>Ayr\u0131ca ileti\u015fimde bulunma becerileri, i\u015f birli\u011fi i\u00e7inde hareket edebilme, ara\u015ft\u0131rma, \u00f6zg\u00fcn olma, bilgi teknolojisinin imkanlar\u0131n\u0131 yarat\u0131c\u0131l\u0131\u011f\u0131yla birle\u015ftirerek \u00fcr\u00fcn ortaya koyma amac\u0131yla \u00f6\u011frencilere proje g\u00f6revleri verilir.<\/p>\n<p>\u00d6\u011frencilerin s\u00f6zl\u00fc ve yaz\u0131l\u0131 anlat\u0131mda etkili olabilmeleri klasik y\u00f6ntemlerin yan\u0131nda modern m\u00fcnazara teknikleri, etkili dinleme-konu\u015fma y\u00f6ntemleri, seslendirme ve k\u0131sa film \u00e7ekme \u00e7al\u0131\u015fmalar\u0131yla sa\u011flan\u0131r.<\/p>\n<p>[\/vc_column_text]<div class=\"ult-spacer spacer-6a0610903cf37\" data-id=\"6a0610903cf37\" data-height=\"24\" data-height-mobile=\"24\" data-height-tab=\"24\" data-height-tab-portrait=\"\" data-height-mobile-landscape=\"\" style=\"clear:both;display:block;\"><\/div>[\/vc_column][vc_column width=&#8221;1\/3&#8243;][vc_single_image image=&#8221;2124&#8243;]<div class=\"ult-spacer spacer-6a0610903cf5f\" data-id=\"6a0610903cf5f\" data-height=\"24\" data-height-mobile=\"24\" data-height-tab=\"24\" data-height-tab-portrait=\"\" data-height-mobile-landscape=\"\" style=\"clear:both;display:block;\"><\/div>[\/vc_column][\/vc_row]<\/p>\n<\/div>","protected":false},"excerpt":{"rendered":"<p>[vc_row][vc_column][\/vc_column][\/vc_row][vc_row padding_top=&#8221;30px&#8221; bg_type=&#8221;bg_color&#8221; bg_color_value=&#8221;#f5f5f5&#8243;][vc_column][\/vc_column][\/vc_row][vc_row padding_top=&#8221;30px&#8221; bg_type=&#8221;bg_color&#8221; bg_color_value=&#8221;#f5f5f5&#8243;][vc_column][vc_column_text] Edebiyat, k\u00fclt\u00fcrel ve tarih\u00ee olandan hareketle dille ger\u00e7ekle\u015fen bir g\u00fczel sanat etkinli\u011fidir. T\u00fcrk Dili ve Edebiyat\u0131 dersi arac\u0131l\u0131\u011f\u0131yla edeb\u00ee metinleri yap\u0131, tema, dil, anlat\u0131m ve anlam bak\u0131mlar\u0131ndan yaz\u0131ld\u0131klar\u0131 d\u00f6nemin zihniyetiyle ili\u015fkilendirerek varl\u0131klar\u0131n\u0131 nas\u0131l s\u00fcrd\u00fcrd\u00fckleri hissettirilir. \u00d6\u011frenciler, soru-cevap, beyin f\u0131rt\u0131nas\u0131, drama gibi y\u00f6ntemlerle yeni d\u00fc\u015f\u00fcnceler \u00fcretirken ara\u015ft\u0131rma, tart\u0131\u015fma, anlama, yorumlama,ele\u015ftirel ve yarat\u0131c\u0131 d\u00fc\u015f\u00fcnme, sorun \u00e7\u00f6zebilme yeteneklerini de geli\u015ftirirler. \u00d6\u011frencilereT\u00fcrk&#8230;<\/p>\n","protected":false},"author":4,"featured_media":1062,"parent":560,"menu_order":0,"comment_status":"closed","ping_status":"closed","template":"","meta":{"_acf_changed":false,"inline_featured_image":false,"footnotes":""},"class_list":["post-575","page","type-page","status-publish","has-post-thumbnail","hentry","custom-post-type-entry"],"aioseo_notices":[],"acf":[],"_links":{"self":[{"href":"https:\/\/www.enka.k12.tr\/kocaeli\/wp-json\/wp\/v2\/pages\/575","targetHints":{"allow":["GET"]}}],"collection":[{"href":"https:\/\/www.enka.k12.tr\/kocaeli\/wp-json\/wp\/v2\/pages"}],"about":[{"href":"https:\/\/www.enka.k12.tr\/kocaeli\/wp-json\/wp\/v2\/types\/page"}],"author":[{"embeddable":true,"href":"https:\/\/www.enka.k12.tr\/kocaeli\/wp-json\/wp\/v2\/users\/4"}],"replies":[{"embeddable":true,"href":"https:\/\/www.enka.k12.tr\/kocaeli\/wp-json\/wp\/v2\/comments?post=575"}],"version-history":[{"count":0,"href":"https:\/\/www.enka.k12.tr\/kocaeli\/wp-json\/wp\/v2\/pages\/575\/revisions"}],"up":[{"embeddable":true,"href":"https:\/\/www.enka.k12.tr\/kocaeli\/wp-json\/wp\/v2\/pages\/560"}],"wp:featuredmedia":[{"embeddable":true,"href":"https:\/\/www.enka.k12.tr\/kocaeli\/wp-json\/wp\/v2\/media\/1062"}],"wp:attachment":[{"href":"https:\/\/www.enka.k12.tr\/kocaeli\/wp-json\/wp\/v2\/media?parent=575"}],"curies":[{"name":"wp","href":"https:\/\/api.w.org\/{rel}","templated":true}]}}