{"id":590,"date":"2017-07-26T08:21:11","date_gmt":"2017-07-26T08:21:11","guid":{"rendered":"http:\/\/www.enka.com\/foundation\/schools\/gebze\/technical-high-school\/"},"modified":"2026-03-14T14:49:14","modified_gmt":"2026-03-14T11:49:14","slug":"mesleki-ve-teknik-anadolu-lisesi","status":"publish","type":"page","link":"https:\/\/www.enka.k12.tr\/kocaeli\/okullarimiz\/mesleki-ve-teknik-anadolu-lisesi\/","title":{"rendered":"MESLEK\u0130 VE TEKN\u0130K ANADOLU L\u0130SES\u0130"},"content":{"rendered":"<div class=\"wpb-content-wrapper\"><p>[vc_row][vc_column]<div id=\"ultimate-heading-647569e10011b76cd\" class=\"uvc-heading ult-adjust-bottom-margin ultimate-heading-647569e10011b76cd uvc-9145 \" data-hspacer=\"line_with_icon\" data-hline_width=\"auto\" data-hicon_type=\"custom\" data-hborder_style=\"solid\" data-hborder_height=\"3\" data-hborder_color=\"#001e61\" data-icon_width=\"200\" data-hfixer=\"30\"  data-halign=\"center\" style=\"text-align:center\"><div class=\"uvc-heading-spacer line_with_icon\" style=\"top\"><div class=\"ult-just-icon-wrapper  \"><div class=\"align-icon\" style=\"text-align:center;\">\n<div class=\"aio-icon-img \" style=\"font-size:200px;display:inline-block;\" >\n\t<img decoding=\"async\" class=\"img-icon\" alt=\"null\" src=\"https:\/\/www.enka.k12.tr\/kocaeli\/wp-content\/uploads\/2021\/04\/ENKA-Schools-New-Logo-02.png\"\/>\n<\/div><\/div><\/div><\/div><\/div><div class=\"ult-spacer spacer-69e10011b7725\" data-id=\"69e10011b7725\" data-height=\"30\" data-height-mobile=\"10\" data-height-tab=\"20\" data-height-tab-portrait=\"\" data-height-mobile-landscape=\"\" style=\"clear:both;display:block;\"><\/div>[\/vc_column][\/vc_row][vc_row padding_top=&#8221;30px&#8221; bg_type=&#8221;bg_color&#8221; bg_color_value=&#8221;#f5f5f5&#8243;][vc_column]<div id=\"ultimate-heading-744569e10011b776c\" class=\"uvc-heading ult-adjust-bottom-margin ultimate-heading-744569e10011b776c uvc-7194 \" data-hspacer=\"no_spacer\"  data-halign=\"left\" style=\"text-align:left\"><div class=\"uvc-heading-spacer no_spacer\" style=\"top\"><\/div><div class=\"uvc-sub-heading ult-responsive\"  data-ultimate-target='.uvc-heading.ultimate-heading-744569e10011b776c .uvc-sub-heading '  data-responsive-json-new='{\"font-size\":\"desktop:50px;tablet:48px;tablet_portrait:46px;mobile_landscape:44px;mobile:42px;\",\"line-height\":\"desktop:50px;tablet:48px;tablet_portrait:46px;mobile_landscape:44px;mobile:42px;\"}'  style=\"font-weight:bold;color:#000000;\"><span style=\"font-size: 24pt; color: #003366;\">MESLEK\u0130 VE ANADOLU\u00a0TEKN\u0130K L\u0130SES\u0130<\/span><\/p>\n<div id=\"gtx-trans\" style=\"position: absolute; left: -4px; top: 38px;\">\n<div class=\"gtx-trans-icon\"><\/div>\n<\/div>\n<p><\/div><\/div><div class=\"ult-spacer spacer-69e10011b77aa\" data-id=\"69e10011b77aa\" data-height=\"24\" data-height-mobile=\"24\" data-height-tab=\"24\" data-height-tab-portrait=\"\" data-height-mobile-landscape=\"\" style=\"clear:both;display:block;\"><\/div>[\/vc_column][\/vc_row][vc_row][vc_column][vc_tta_tour section_title_tag=&#8221;h6&#8243; style=&#8221;outline&#8221; shape=&#8221;square&#8221; color=&#8221;black&#8221; active_section=&#8221;1&#8243;][vc_tta_section tab_id=&#8221;1773477249534-f1c745a9-9dc3&#8243; title=&#8221;E\u011e\u0130T\u0130M VE \u00d6\u011eRET\u0130M&#8221;][vc_column_text]Modern e\u011fitim kamp\u00fcs\u00fc, nitelikli \u00f6\u011fretim kadrosu ve donan\u0131ml\u0131 laboratuvarlar\u0131yla 2014 y\u0131l\u0131nda kurulan Fen ve Teknoloji Lisemiz, gelece\u011fin T\u00fcrkiye\u2019sini d\u00fcnya sahnesinde hak etti\u011fi konuma ta\u015f\u0131yacak nitelikli bireyler yeti\u015ftirmeyi ama\u00e7lamaktad\u0131r.<\/p>\n<p>E\u011fitim s\u00fcresi 5 y\u0131l olup ilk y\u0131l haz\u0131rl\u0131k s\u0131n\u0131f\u0131nda yo\u011fun \u0130ngilizce e\u011fitimi verilmektedir. Almanca ise ikinci yabanc\u0131 dil olarak \u00f6\u011fretilmektedir.<\/p>\n<p>Okulumuzda \u00f6\u011frenim g\u00f6ren t\u00fcm \u00f6\u011frenciler tam burslu olarak e\u011fitim almakta ve burslar kar\u015f\u0131l\u0131ks\u0131zd\u0131r. E\u011fitim hizmetleri \u00fccretsiz olarak sunulmakta, \u00fcniversiteye haz\u0131rl\u0131k \u00e7al\u0131\u015fmalar\u0131 da okul b\u00fcnyesinde y\u00fcr\u00fct\u00fclmektedir.<\/p>\n<p>Fen lisesi m\u00fcfredat\u0131na ek olarak 10. s\u0131n\u0131ftan itibaren \u00f6\u011frencilerin ilgi ve hedefleri do\u011frultusunda farkl\u0131 alanlara y\u00f6nelik e\u011fitimler sunulmaktad\u0131r. T\u0131p alan\u0131na y\u00f6nelen \u00f6\u011frenciler i\u00e7in genetik laboratuvar\u0131nda uygulamal\u0131 genetik dersleri verilmekte; m\u00fchendislik alan\u0131na ilgi duyan \u00f6\u011frenciler ise mekatronik ve bilgisayar programlama e\u011fitimleriyle desteklenmektedir.<\/p>\n<p>Yabanc\u0131 dil e\u011fitimini g\u00fc\u00e7lendirmek amac\u0131yla Makine \u0130htisas Organize Sanayi B\u00f6lge M\u00fcd\u00fcrl\u00fc\u011f\u00fc\u2019n\u00fcn katk\u0131lar\u0131yla her y\u0131l belirli say\u0131da \u00f6\u011frencimiz \u0130ngiltere\u2019de dil e\u011fitimi programlar\u0131na kat\u0131lma f\u0131rsat\u0131 bulmaktad\u0131r.<\/p>\n<p>Zengin k\u00fct\u00fcphanesi ve dijital kaynaklar\u0131n\u0131n yan\u0131 s\u0131ra fizik, kimya ve biyoloji laboratuvarlar\u0131; LEGO robot, model u\u00e7ak ve drone at\u00f6lyeleri; bilim merkezi, g\u00f6rsel sanatlar at\u00f6lyesi ve orkestra \u00e7al\u0131\u015fma salonu \u00f6\u011frencilerimizin akademik ve sanatsal geli\u015fimini destekleyen \u00f6\u011frenme ortamlar\u0131 sunmaktad\u0131r.<\/p>\n<p>\u00d6\u011frencilerimiz, T\u00dcB\u0130TAK taraf\u0131ndan d\u00fczenlenen Ulusal ve Uluslararas\u0131 Bilim Olimpiyatlar\u0131 ile ara\u015ft\u0131rma proje yar\u0131\u015fmalar\u0131nda \u00f6nemli ba\u015far\u0131lar elde etmekte; \u00fcniversiteler ve farkl\u0131 kurumlarla y\u00fcr\u00fct\u00fclen bilimsel projelerde aktif rol almaktad\u0131r. Ald\u0131klar\u0131 teknik ve programlama e\u011fitimlerinin katk\u0131s\u0131yla \u00e7e\u015fitli robot yar\u0131\u015fmalar\u0131nda da dereceler kazanmaktad\u0131rlar.<\/p>\n<p>Okulumuz, Kocaeli il s\u0131n\u0131rlar\u0131nda yer alan Makina \u0130htisas Organize Sanayi B\u00f6lgesi\u2019nde, 30.750 m\u00b2 ye\u015fil alan i\u00e7erisinde konumlanan ve 15.000 m\u00b2 kapal\u0131 alana sahip modern bir kamp\u00fcste faaliyet g\u00f6stermektedir. Fen ve Teknoloji Lisemiz, ayn\u0131 kamp\u00fcste bulunan \u00d6zel ENKA Mesleki ve Teknik Anadolu Lisesi ile ayn\u0131 binada yer almakta; \u00f6\u011frencilerimiz yemekhane, spor salonu, tenis kortu, futbol sahalar\u0131 ve di\u011fer kamp\u00fcs olanaklar\u0131ndan ortak olarak yararlanmaktad\u0131r.<\/p>\n<p>Kul\u00fcp \u00e7al\u0131\u015fmalar\u0131 kapsam\u0131nda \u00f6\u011frencilerimiz Model Birle\u015fmi\u015f Milletler, \u0130ngilizce drama ve sosyal sorumluluk projeleri gibi \u00e7e\u015fitli sosyal alanlarda aktif rol almakta; s\u00fcrd\u00fcr\u00fclebilir kamp\u00fcs yakla\u015f\u0131m\u0131 do\u011frultusunda di\u011fer ENKA okullar\u0131yla birlikte s\u00fcrd\u00fcr\u00fclebilirlik temal\u0131 \u00e7al\u0131\u015fmalar y\u00fcr\u00fctmektedir.[\/vc_column_text][\/vc_tta_section][vc_tta_section title=&#8221;MAK\u0130NE TEKNOLOJ\u0130LER\u0130 B\u00d6L\u00dcM\u00dc&#8221; tab_id=&#8221;1773477249555-65c018e0-704b&#8221;][vc_raw_html css=&#8221;&#8221;]JTNDZGl2JTIwaWQlM0QlMjJtYWtpbmUtYm9sdW11LWljZXJpayUyMiUzRSVDNCVCMCVDMyVBN2VyaWslMjB5JUMzJUJDa2xlbml5b3IuLi4lM0MlMkZkaXYlM0U=[\/vc_raw_html][vc_raw_js]JTNDc2NyaXB0JTIwdHlwZSUzRCUyMnRleHQlMkZqYXZhc2NyaXB0JTIyJTNFJTBBalF1ZXJ5JTI4ZG9jdW1lbnQlMjkucmVhZHklMjhmdW5jdGlvbiUyOCUyNCUyOSUyMCU3QiUwQSUyMCUyMCUyMCUyMCUyRiUyRiUyMCVDMyU4N2VrbWVrJTIwaXN0ZWRpJUM0JTlGaW5peiUyMHNheWZhbiVDNCVCMW4lMjBVUkwlMjdzaSUwQSUyMCUyMCUyMCUyMHZhciUyMGhlZGVmVVJMJTIwJTNEJTIwJTIyaHR0cHMlM0ElMkYlMkZ3d3cuZW5rYS5rMTIudHIlMkZrb2NhZWxpJTJGb2t1bGxhcmltaXolMkZtZXNsZWtpLWVnaXRpbSUyRm1ha2luZS10ZWtub2xvamlsZXJpLWJvbHVtdSUyRiUyMiUzQiUwQSUyMCUyMCUyMCUyMCUwQSUyMCUyMCUyMCUyMCUyRiUyRiUyMFNheWZhZGFraSUyMHNhZGVjZSUyMGklQzMlQTdlcmlrJTIwayVDNCVCMXNtJUM0JUIxbiVDNCVCMSUyMHNlJUMzJUE3aXlvcnV6JTIwJTI4JUMzJTk2cm4lM0ElMjAuZW50cnktY29udGVudCUyMHZleWElMjAlMjNtYWluJTI5JTBBJTIwJTIwJTIwJTIwJTJGJTJGJTIwRU5LQSUyMHNpdGVzaW5pbiUyMHlhcCVDNCVCMXMlQzQlQjFuYSUyMGclQzMlQjZyZSUyMCUyNy5lbnRyeS1jb250ZW50JTI3JTIwZ2VuZWxsaWtsZSUyMGFuYSUyMG1ldG5pJTIwaSVDMyVBN2VyaXIuJTBBJTIwJTIwJTIwJTIwJTI0JTI4JTIyJTIzbWFraW5lLWJvbHVtdS1pY2VyaWslMjIlMjkubG9hZCUyOGhlZGVmVVJMJTIwJTJCJTIwJTIyJTIwLmVudHJ5LWNvbnRlbnQlMjIlMkMlMjBmdW5jdGlvbiUyOHJlc3BvbnNlJTJDJTIwc3RhdHVzJTJDJTIweGhyJTI5JTIwJTdCJTBBJTIwJTIwJTIwJTIwJTIwJTIwJTIwJTIwaWYlMjAlMjhzdGF0dXMlMjAlM0QlM0QlMjAlMjJlcnJvciUyMiUyOSUyMCU3QiUwQSUyMCUyMCUyMCUyMCUyMCUyMCUyMCUyMCUyMCUyMCUyMCUyMCUyNCUyOCUyMiUyM21ha2luZS1ib2x1bXUtaWNlcmlrJTIyJTI5Lmh0bWwlMjglMjIlQzQlQjAlQzMlQTdlcmlrJTIwJUM1JTlGdSUyMGFuJTIweSVDMyVCQ2tsZW5lbWVkaSUyQyUyMGwlQzMlQkN0ZmVuJTIwbGlua2klMjBrb250cm9sJTIwZWRpbi4lMjIlMjklM0IlMEElMjAlMjAlMjAlMjAlMjAlMjAlMjAlMjAlN0QlMEElMjAlMjAlMjAlMjAlN0QlMjklM0IlMEElN0QlMjklM0IlMEElM0MlMkZzY3JpcHQlM0U=[\/vc_raw_js][\/vc_tta_section][vc_tta_section title=&#8221;K\u0130MYA TEKNOLOJ\u0130LER\u0130 B\u00d6L\u00dcM\u00dc&#8221; tab_id=&#8221;1773480429789-9eb0968e-8ccb&#8221;][vc_raw_html css=&#8221;&#8221;]JTNDZGl2JTIwaWQlM0QlMjJraW15YS1ib2x1bXUta29udGV5bmlyJTIyJTNFS2lteWElMjBiJUMzJUI2bCVDMyVCQ20lQzMlQkMlMjBiaWxnaWxlcmklMjB5JUMzJUJDa2xlbml5b3IuLi4lM0MlMkZkaXYlM0U=[\/vc_raw_html][vc_raw_js]JTNDc2NyaXB0JTIwdHlwZSUzRCUyMnRleHQlMkZqYXZhc2NyaXB0JTIyJTNFJTBEJTBBJTI4ZnVuY3Rpb24lMjglMjQlMjklMjAlN0IlMEQlMEElMjAlMjAlMjAlMjAlMjQlMjhkb2N1bWVudCUyOS5yZWFkeSUyOGZ1bmN0aW9uJTI4JTI5JTIwJTdCJTBEJTBBJTIwJTIwJTIwJTIwJTIwJTIwJTIwJTIwdmFyJTIwa2lteWFVcmwlMjAlM0QlMjAlMjJodHRwcyUzQSUyRiUyRnd3dy5lbmthLmsxMi50ciUyRmtvY2FlbGklMkZva3VsbGFyaW1peiUyRm1lc2xla2ktZWdpdGltJTJGa2lteWEtdGVrbm9sb2ppc2ktYm9sdW11JTJGJTIyJTNCJTBEJTBBJTIwJTIwJTIwJTIwJTIwJTIwJTIwJTIwJTJGJTJGJTIwLmVudHJ5LWNvbnRlbnQlMjBrJUM0JUIxc20lQzQlQjFuJUM0JUIxJTIwaGVkZWYlMjBhbCVDNCVCMXlvcnV6JTBEJTBBJTIwJTIwJTIwJTIwJTIwJTIwJTIwJTIwJTI0JTI4JTIyJTIza2lteWEtYm9sdW11LWtvbnRleW5pciUyMiUyOS5sb2FkJTI4a2lteWFVcmwlMjAlMkIlMjAlMjIlMjAuZW50cnktY29udGVudCUyMiUyOSUzQiUwRCUwQSUyMCUyMCUyMCUyMCU3RCUyOSUzQiUwRCUwQSU3RCUyOSUyOGpRdWVyeSUyOSUzQiUwRCUwQSUzQyUyRnNjcmlwdCUzRQ==[\/vc_raw_js][\/vc_tta_section][vc_tta_section title=&#8221;END\u00dcSTR\u0130YEL OTOMASYON B\u00d6L\u00dcM\u00dc&#8221; tab_id=&#8221;1773480429072-2cc70379-0d8d&#8221;][vc_raw_html css=&#8221;&#8221;]JTNDZGl2JTIwaWQlM0QlMjJvdG9tYXN5b24tYm9sdW11LWtvbnRleW5pciUyMiUzRU90b21hc3lvbiUyMGIlQzMlQjZsJUMzJUJDbSVDMyVCQyUyMGJpbGdpbGVyaSUyMHklQzMlQkNrbGVuaXlvci4uLiUzQyUyRmRpdiUzRQ==[\/vc_raw_html][vc_raw_js]JTNDc2NyaXB0JTIwdHlwZSUzRCUyMnRleHQlMkZqYXZhc2NyaXB0JTIyJTNFJTBEJTBBJTI4ZnVuY3Rpb24lMjglMjQlMjklMjAlN0IlMEQlMEElMjAlMjAlMjAlMjAlMjQlMjhkb2N1bWVudCUyOS5yZWFkeSUyOGZ1bmN0aW9uJTI4JTI5JTIwJTdCJTBEJTBBJTIwJTIwJTIwJTIwJTIwJTIwJTIwJTIwdmFyJTIwb3RvbWFzeW9uVXJsJTIwJTNEJTIwJTIyaHR0cHMlM0ElMkYlMkZ3d3cuZW5rYS5rMTIudHIlMkZrb2NhZWxpJTJGb2t1bGxhcmltaXolMkZtZXNsZWtpLWVnaXRpbSUyRmVuZHVzdHJpeWVsLW90b21hc3lvbi1ib2x1bXUlMkYlMjIlM0IlMEQlMEElMjAlMjAlMjAlMjAlMjAlMjAlMjAlMjAlMkYlMkYlMjAuZW50cnktY29udGVudCUyMGslQzQlQjFzbSVDNCVCMW4lQzQlQjElMjBoZWRlZiUyMGFsJUM0JUIxeW9ydXolMEQlMEElMjAlMjAlMjAlMjAlMjAlMjAlMjAlMjAlMjQlMjglMjIlMjNvdG9tYXN5b24tYm9sdW11LWtvbnRleW5pciUyMiUyOS5sb2FkJTI4b3RvbWFzeW9uVXJsJTIwJTJCJTIwJTIyJTIwLmVudHJ5LWNvbnRlbnQlMjIlMjklM0IlMEQlMEElMjAlMjAlMjAlMjAlN0QlMjklM0IlMEQlMEElN0QlMjklMjhqUXVlcnklMjklM0IlMEQlMEElM0MlMkZzY3JpcHQlM0U=[\/vc_raw_js][\/vc_tta_section][\/vc_tta_tour][\/vc_column][\/vc_row]<\/p>\n<\/div>","protected":false},"excerpt":{"rendered":"<p>[vc_row][vc_column][\/vc_column][\/vc_row][vc_row padding_top=&#8221;30px&#8221; bg_type=&#8221;bg_color&#8221; bg_color_value=&#8221;#f5f5f5&#8243;][vc_column][\/vc_column][\/vc_row][vc_row][vc_column][vc_tta_tour section_title_tag=&#8221;h6&#8243; style=&#8221;outline&#8221; shape=&#8221;square&#8221; color=&#8221;black&#8221; active_section=&#8221;1&#8243;][vc_tta_section tab_id=&#8221;1773477249534-f1c745a9-9dc3&#8243; title=&#8221;E\u011e\u0130T\u0130M VE \u00d6\u011eRET\u0130M&#8221;][vc_column_text]Modern e\u011fitim kamp\u00fcs\u00fc, nitelikli \u00f6\u011fretim kadrosu ve donan\u0131ml\u0131 laboratuvarlar\u0131yla 2014 y\u0131l\u0131nda kurulan Fen ve Teknoloji Lisemiz, gelece\u011fin T\u00fcrkiye\u2019sini d\u00fcnya sahnesinde hak etti\u011fi konuma ta\u015f\u0131yacak nitelikli bireyler yeti\u015ftirmeyi ama\u00e7lamaktad\u0131r. E\u011fitim s\u00fcresi 5 y\u0131l olup ilk y\u0131l haz\u0131rl\u0131k s\u0131n\u0131f\u0131nda yo\u011fun \u0130ngilizce e\u011fitimi verilmektedir. Almanca ise ikinci yabanc\u0131 dil olarak \u00f6\u011fretilmektedir. Okulumuzda \u00f6\u011frenim g\u00f6ren t\u00fcm \u00f6\u011frenciler&#8230;<\/p>\n","protected":false},"author":4,"featured_media":1350,"parent":559,"menu_order":0,"comment_status":"closed","ping_status":"closed","template":"","meta":{"_acf_changed":false,"inline_featured_image":false,"footnotes":""},"class_list":["post-590","page","type-page","status-publish","has-post-thumbnail","hentry","custom-post-type-entry"],"aioseo_notices":[],"acf":[],"_links":{"self":[{"href":"https:\/\/www.enka.k12.tr\/kocaeli\/wp-json\/wp\/v2\/pages\/590","targetHints":{"allow":["GET"]}}],"collection":[{"href":"https:\/\/www.enka.k12.tr\/kocaeli\/wp-json\/wp\/v2\/pages"}],"about":[{"href":"https:\/\/www.enka.k12.tr\/kocaeli\/wp-json\/wp\/v2\/types\/page"}],"author":[{"embeddable":true,"href":"https:\/\/www.enka.k12.tr\/kocaeli\/wp-json\/wp\/v2\/users\/4"}],"replies":[{"embeddable":true,"href":"https:\/\/www.enka.k12.tr\/kocaeli\/wp-json\/wp\/v2\/comments?post=590"}],"version-history":[{"count":4,"href":"https:\/\/www.enka.k12.tr\/kocaeli\/wp-json\/wp\/v2\/pages\/590\/revisions"}],"predecessor-version":[{"id":26541,"href":"https:\/\/www.enka.k12.tr\/kocaeli\/wp-json\/wp\/v2\/pages\/590\/revisions\/26541"}],"up":[{"embeddable":true,"href":"https:\/\/www.enka.k12.tr\/kocaeli\/wp-json\/wp\/v2\/pages\/559"}],"wp:featuredmedia":[{"embeddable":true,"href":"https:\/\/www.enka.k12.tr\/kocaeli\/wp-json\/wp\/v2\/media\/1350"}],"wp:attachment":[{"href":"https:\/\/www.enka.k12.tr\/kocaeli\/wp-json\/wp\/v2\/media?parent=590"}],"curies":[{"name":"wp","href":"https:\/\/api.w.org\/{rel}","templated":true}]}}