{"id":617,"date":"2017-07-26T08:28:14","date_gmt":"2017-07-26T08:28:14","guid":{"rendered":"http:\/\/www.enka.com\/foundation\/schools\/gebze\/vocational-education\/"},"modified":"2019-12-12T17:02:26","modified_gmt":"2019-12-12T14:02:26","slug":"mesleki-egitim","status":"publish","type":"page","link":"https:\/\/www.enka.k12.tr\/kocaeli\/okullarimiz\/mesleki-egitim\/","title":{"rendered":"MESLEK\u0130 E\u011e\u0130T\u0130M"},"content":{"rendered":"<div class=\"wpb-content-wrapper\"><p>[vc_row][vc_column]<div id=\"ultimate-heading-843069e9fabed052d\" class=\"uvc-heading ult-adjust-bottom-margin ultimate-heading-843069e9fabed052d uvc-2894 \" data-hspacer=\"line_with_icon\" data-hline_width=\"auto\" data-hicon_type=\"custom\" data-hborder_style=\"solid\" data-hborder_height=\"3\" data-hborder_color=\"#69b3e7\" data-icon_width=\"200\" data-hfixer=\"30\"  data-halign=\"center\" style=\"text-align:center\"><div class=\"uvc-heading-spacer line_with_icon\" style=\"top\"><div class=\"ult-just-icon-wrapper  \"><div class=\"align-icon\" style=\"text-align:center;\">\n<div class=\"aio-icon-img \" style=\"font-size:200px;display:inline-block;\" >\n\t<img decoding=\"async\" class=\"img-icon\" alt=\"null\" src=\"https:\/\/www.enka.k12.tr\/istanbul\/wp-content\/uploads\/2017\/04\/ENKA_Okullari_Istanbul_Logo.svg\"\/>\n<\/div><\/div><\/div><\/div><\/div><div class=\"ult-spacer spacer-69e9fabed058d\" data-id=\"69e9fabed058d\" data-height=\"30\" data-height-mobile=\"10\" data-height-tab=\"20\" data-height-tab-portrait=\"\" data-height-mobile-landscape=\"\" style=\"clear:both;display:block;\"><\/div>[\/vc_column][\/vc_row][vc_row padding_top=&#8221;30px&#8221; bg_type=&#8221;bg_color&#8221; bg_color_value=&#8221;#f5f5f5&#8243;][vc_column]<div id=\"ultimate-heading-22369e9fabed05e3\" class=\"uvc-heading ult-adjust-bottom-margin ultimate-heading-22369e9fabed05e3 uvc-3489 \" data-hspacer=\"line_only\"  data-halign=\"left\" style=\"text-align:left\"><div class=\"uvc-sub-heading ult-responsive\"  data-ultimate-target='.uvc-heading.ultimate-heading-22369e9fabed05e3 .uvc-sub-heading '  data-responsive-json-new='{\"font-size\":\"desktop:50px;tablet:48px;tablet_portrait:46px;mobile_landscape:44px;mobile:42px;\",\"line-height\":\"desktop:50px;tablet:48px;tablet_portrait:46px;mobile_landscape:44px;mobile:42px;\"}'  style=\"font-weight:bold;color:#000000;\"><span style=\"color: #69b3e7;\">MESLEK\u0130 <\/span>E\u011e\u0130T\u0130M<\/div><div class=\"uvc-heading-spacer line_only\" style=\"margin-top:10px;height:3px;\"><span class=\"uvc-headings-line\" style=\"border-style:solid;border-bottom-width:3px;border-color:#000000;width:100px;\"><\/span><\/div><\/div><div class=\"ult-spacer spacer-69e9fabed0622\" data-id=\"69e9fabed0622\" data-height=\"24\" data-height-mobile=\"24\" data-height-tab=\"24\" data-height-tab-portrait=\"\" data-height-mobile-landscape=\"\" style=\"clear:both;display:block;\"><\/div>[\/vc_column][\/vc_row][vc_row padding_top=&#8221;30px&#8221; bg_type=&#8221;bg_color&#8221; bg_color_value=&#8221;#f5f5f5&#8243;][vc_column][vc_column_text]Mesleki ve Teknik Anadolu Lisesi b\u00fcnyemizde, End\u00fcstriyel Otomasyon Teknolojileri, Kimya Teknolojileri ve Makine CNC Teknolojisi alanlar\u0131 bulunmaktad\u0131r.<\/p>\n<p>\u00d6\u011frencilerimiz 9. S\u0131n\u0131fta alan dersleri olmadan ortak dersler g\u00f6r\u00fcrken 10. S\u0131n\u0131ftan itibaren se\u00e7mi\u015f olduklar\u0131 meslek alan\u0131n\u0131n at\u00f6lyelerinde haftan\u0131n 1 g\u00fcn\u00fc teknik e\u011fitimler almaktad\u0131rlar.[\/vc_column_text]<div class=\"ult-spacer spacer-69e9fabed064b\" data-id=\"69e9fabed064b\" data-height=\"12\" data-height-mobile=\"12\" data-height-tab=\"12\" data-height-tab-portrait=\"\" data-height-mobile-landscape=\"\" style=\"clear:both;display:block;\"><\/div>[vc_basic_grid post_type=&#8221;page&#8221; max_items=&#8221;10&#8243; element_width=&#8221;3&#8243; gap=&#8221;10&#8243; order=&#8221;ASC&#8221; item=&#8221;4032&#8243; grid_id=&#8221;vc_gid:1540454737273-7d809ced-1732-8&#8243; taxonomies=&#8221;108&#8243;][\/vc_column][\/vc_row]<\/p>\n<\/div>","protected":false},"excerpt":{"rendered":"<p>[vc_row][vc_column][\/vc_column][\/vc_row][vc_row padding_top=&#8221;30px&#8221; bg_type=&#8221;bg_color&#8221; bg_color_value=&#8221;#f5f5f5&#8243;][vc_column][\/vc_column][\/vc_row][vc_row padding_top=&#8221;30px&#8221; bg_type=&#8221;bg_color&#8221; bg_color_value=&#8221;#f5f5f5&#8243;][vc_column][vc_column_text]Mesleki ve Teknik Anadolu Lisesi b\u00fcnyemizde, End\u00fcstriyel Otomasyon Teknolojileri, Kimya Teknolojileri ve Makine CNC Teknolojisi alanlar\u0131 bulunmaktad\u0131r. \u00d6\u011frencilerimiz 9. S\u0131n\u0131fta alan dersleri olmadan ortak dersler g\u00f6r\u00fcrken 10. S\u0131n\u0131ftan itibaren se\u00e7mi\u015f olduklar\u0131 meslek alan\u0131n\u0131n at\u00f6lyelerinde haftan\u0131n 1 g\u00fcn\u00fc teknik e\u011fitimler almaktad\u0131rlar.[\/vc_column_text][vc_basic_grid post_type=&#8221;page&#8221; max_items=&#8221;10&#8243; element_width=&#8221;3&#8243; gap=&#8221;10&#8243; order=&#8221;ASC&#8221; item=&#8221;4032&#8243; grid_id=&#8221;vc_gid:1540454737273-7d809ced-1732-8&#8243; taxonomies=&#8221;108&#8243;][\/vc_column][\/vc_row]<\/p>\n","protected":false},"author":4,"featured_media":1171,"parent":559,"menu_order":0,"comment_status":"closed","ping_status":"closed","template":"","meta":{"_acf_changed":false,"inline_featured_image":false,"footnotes":""},"class_list":["post-617","page","type-page","status-publish","has-post-thumbnail","hentry","custom-post-type-entry"],"aioseo_notices":[],"acf":[],"_links":{"self":[{"href":"https:\/\/www.enka.k12.tr\/kocaeli\/wp-json\/wp\/v2\/pages\/617","targetHints":{"allow":["GET"]}}],"collection":[{"href":"https:\/\/www.enka.k12.tr\/kocaeli\/wp-json\/wp\/v2\/pages"}],"about":[{"href":"https:\/\/www.enka.k12.tr\/kocaeli\/wp-json\/wp\/v2\/types\/page"}],"author":[{"embeddable":true,"href":"https:\/\/www.enka.k12.tr\/kocaeli\/wp-json\/wp\/v2\/users\/4"}],"replies":[{"embeddable":true,"href":"https:\/\/www.enka.k12.tr\/kocaeli\/wp-json\/wp\/v2\/comments?post=617"}],"version-history":[{"count":0,"href":"https:\/\/www.enka.k12.tr\/kocaeli\/wp-json\/wp\/v2\/pages\/617\/revisions"}],"up":[{"embeddable":true,"href":"https:\/\/www.enka.k12.tr\/kocaeli\/wp-json\/wp\/v2\/pages\/559"}],"wp:featuredmedia":[{"embeddable":true,"href":"https:\/\/www.enka.k12.tr\/kocaeli\/wp-json\/wp\/v2\/media\/1171"}],"wp:attachment":[{"href":"https:\/\/www.enka.k12.tr\/kocaeli\/wp-json\/wp\/v2\/media?parent=617"}],"curies":[{"name":"wp","href":"https:\/\/api.w.org\/{rel}","templated":true}]}}