{"id":619,"date":"2017-07-26T08:29:33","date_gmt":"2017-07-26T08:29:33","guid":{"rendered":"http:\/\/www.enka.com\/foundation\/schools\/gebze\/department-of-machinary-technology\/"},"modified":"2026-04-02T10:26:36","modified_gmt":"2026-04-02T07:26:36","slug":"makine-teknolojileri-bolumu","status":"publish","type":"page","link":"https:\/\/www.enka.k12.tr\/kocaeli\/okullarimiz\/mesleki-egitim\/makine-teknolojileri-bolumu\/","title":{"rendered":"MAK\u0130NE TEKNOLOJ\u0130LER\u0130 B\u00d6L\u00dcM\u00dc"},"content":{"rendered":"<div class=\"wpb-content-wrapper\"><p>[vc_row][vc_column]<div id=\"ultimate-heading-553269e9e84c57bc1\" class=\"uvc-heading ult-adjust-bottom-margin ultimate-heading-553269e9e84c57bc1 uvc-5058 \" data-hspacer=\"line_with_icon\" data-hline_width=\"auto\" data-hicon_type=\"custom\" data-hborder_style=\"solid\" data-hborder_height=\"3\" data-hborder_color=\"#69b3e7\" data-icon_width=\"200\" data-hfixer=\"30\"  data-halign=\"center\" style=\"text-align:center\"><div class=\"uvc-heading-spacer line_with_icon\" style=\"top\"><div class=\"ult-just-icon-wrapper  \"><div class=\"align-icon\" style=\"text-align:center;\">\n<div class=\"aio-icon-img \" style=\"font-size:200px;display:inline-block;\" >\n\t<img decoding=\"async\" class=\"img-icon\" alt=\"null\" src=\"https:\/\/www.enka.k12.tr\/kocaeli\/wp-content\/uploads\/2023\/12\/enka_schools_log_new.jpg\"\/>\n<\/div><\/div><\/div><\/div><\/div><div class=\"ult-spacer spacer-69e9e84c57c22\" data-id=\"69e9e84c57c22\" data-height=\"30\" data-height-mobile=\"10\" data-height-tab=\"20\" data-height-tab-portrait=\"\" data-height-mobile-landscape=\"\" style=\"clear:both;display:block;\"><\/div>[\/vc_column][\/vc_row][vc_row padding_top=&#8221;30px&#8221; bg_type=&#8221;bg_color&#8221; bg_color_value=&#8221;#f5f5f5&#8243;][vc_column]<div id=\"ultimate-heading-21869e9e84c57c77\" class=\"uvc-heading ult-adjust-bottom-margin ultimate-heading-21869e9e84c57c77 uvc-5260 \" data-hspacer=\"no_spacer\"  data-halign=\"left\" style=\"text-align:left\"><div class=\"uvc-heading-spacer no_spacer\" style=\"top\"><\/div><div class=\"uvc-sub-heading ult-responsive\"  data-ultimate-target='.uvc-heading.ultimate-heading-21869e9e84c57c77 .uvc-sub-heading '  data-responsive-json-new='{\"font-size\":\"desktop:50px;tablet:48px;tablet_portrait:46px;mobile_landscape:44px;mobile:42px;\",\"line-height\":\"desktop:50px;tablet:48px;tablet_portrait:46px;mobile_landscape:44px;mobile:42px;\"}'  style=\"font-weight:bold;color:#000000;\"><span style=\"color: #003366; font-size: 36pt;\">MAK\u0130NE TEKNOLOJ\u0130LER\u0130<\/span><\/div><\/div><div class=\"ult-spacer spacer-69e9e84c57cb9\" data-id=\"69e9e84c57cb9\" data-height=\"24\" data-height-mobile=\"24\" data-height-tab=\"24\" data-height-tab-portrait=\"\" data-height-mobile-landscape=\"\" style=\"clear:both;display:block;\"><\/div>[\/vc_column][\/vc_row][vc_row padding_top=&#8221;30px&#8221; bg_type=&#8221;bg_color&#8221; bg_color_value=&#8221;#f5f5f5&#8243;][vc_column][vc_video link=&#8221;https:\/\/youtu.be\/fORs0xZmjZI&#8221;]<div class=\"ult-spacer spacer-69e9e84c57ce2\" data-id=\"69e9e84c57ce2\" data-height=\"24\" data-height-mobile=\"24\" data-height-tab=\"24\" data-height-tab-portrait=\"\" data-height-mobile-landscape=\"\" style=\"clear:both;display:block;\"><\/div>[vc_column_text]Bilgisayarl\u0131 Makine \u0130malat\u0131 (CNC) dal\u0131nda \u00f6\u011frenciler, sekt\u00f6r\u00fcn standartlar\u0131 olan Autocad, Solidworks ve Siemens NX programlar\u0131n\u0131 profesyonel seviyede kullanarak tasar\u0131m ve imalat s\u00fcre\u00e7lerini y\u00f6netmeyi \u00f6\u011frenirler. Teknik Resim, Bilgisayar Destekli \u00c7izim ve CAD\/CAM dersleriyle desteklenen bu e\u011fitim s\u00fcreci, teorik bilgiyi do\u011frudan uygulama ile birle\u015ftirir.<\/p>\n<p>Maksimum 12 ki\u015filik at\u00f6lyelerde, her \u00f6\u011frenci 5 eksenli CNC tezgahlar\u0131, robotik makine par\u00e7alar\u0131 ve motor tasar\u0131mlar\u0131 \u00fczerinde bireysel \u00e7al\u0131\u015fma yapma imk\u00e2n\u0131 bulur. Bu sayede \u00f6\u011frenciler, bilgisayar kontroll\u00fc tezgahlarda par\u00e7a i\u015fleme s\u00fcre\u00e7lerine en ince ayr\u0131nt\u0131s\u0131na kadar h\u00e2kim olurlar.<\/p>\n<p>\u00d6\u011frenciler, okulda edindikleri teknolojik bilgileri ve i\u015f sa\u011fl\u0131\u011f\u0131 g\u00fcvenli\u011fi tedbirlerini, yurt i\u00e7i ve yurt d\u0131\u015f\u0131ndaki sekt\u00f6r\u00fcn \u00f6nde gelen i\u015fletmelerinde yapt\u0131klar\u0131 yaz stajlar\u0131 ile peki\u015ftirirler. Bu staj s\u00fcreci, teorik e\u011fitimin sahada pratik tecr\u00fcbeye d\u00f6n\u00fc\u015fmesini sa\u011flar.<\/p>\n<p>Program\u0131n temel hedefi; savunma, havac\u0131l\u0131k, otomotiv ve enerji gibi stratejik sekt\u00f6rlerin ihtiya\u00e7 duydu\u011fu, \u00fcretimin mutfa\u011f\u0131n\u0131 ve uygulama a\u015famalar\u0131n\u0131 bilen nitelikli m\u00fchendis adaylar\u0131n\u0131 ve teknik uzmanlar\u0131 sekt\u00f6re kazand\u0131rmakt\u0131r.[\/vc_column_text][\/vc_column][\/vc_row]<\/p>\n<\/div>","protected":false},"excerpt":{"rendered":"<p>[vc_row][vc_column][\/vc_column][\/vc_row][vc_row padding_top=&#8221;30px&#8221; bg_type=&#8221;bg_color&#8221; bg_color_value=&#8221;#f5f5f5&#8243;][vc_column][\/vc_column][\/vc_row][vc_row padding_top=&#8221;30px&#8221; bg_type=&#8221;bg_color&#8221; bg_color_value=&#8221;#f5f5f5&#8243;][vc_column][vc_video link=&#8221;https:\/\/youtu.be\/fORs0xZmjZI&#8221;][vc_column_text]Bilgisayarl\u0131 Makine \u0130malat\u0131 (CNC) dal\u0131nda \u00f6\u011frenciler, sekt\u00f6r\u00fcn standartlar\u0131 olan Autocad, Solidworks ve Siemens NX programlar\u0131n\u0131 profesyonel seviyede kullanarak tasar\u0131m ve imalat s\u00fcre\u00e7lerini y\u00f6netmeyi \u00f6\u011frenirler. Teknik Resim, Bilgisayar Destekli \u00c7izim ve CAD\/CAM dersleriyle desteklenen bu e\u011fitim s\u00fcreci, teorik bilgiyi do\u011frudan uygulama ile birle\u015ftirir. Maksimum 12 ki\u015filik at\u00f6lyelerde, her \u00f6\u011frenci 5 eksenli CNC tezgahlar\u0131, robotik makine par\u00e7alar\u0131 ve motor tasar\u0131mlar\u0131&#8230;<\/p>\n","protected":false},"author":4,"featured_media":844,"parent":617,"menu_order":0,"comment_status":"closed","ping_status":"closed","template":"","meta":{"_acf_changed":false,"inline_featured_image":false,"footnotes":""},"class_list":["post-619","page","type-page","status-publish","has-post-thumbnail","hentry","custom-post-type-entry"],"aioseo_notices":[],"acf":[],"_links":{"self":[{"href":"https:\/\/www.enka.k12.tr\/kocaeli\/wp-json\/wp\/v2\/pages\/619","targetHints":{"allow":["GET"]}}],"collection":[{"href":"https:\/\/www.enka.k12.tr\/kocaeli\/wp-json\/wp\/v2\/pages"}],"about":[{"href":"https:\/\/www.enka.k12.tr\/kocaeli\/wp-json\/wp\/v2\/types\/page"}],"author":[{"embeddable":true,"href":"https:\/\/www.enka.k12.tr\/kocaeli\/wp-json\/wp\/v2\/users\/4"}],"replies":[{"embeddable":true,"href":"https:\/\/www.enka.k12.tr\/kocaeli\/wp-json\/wp\/v2\/comments?post=619"}],"version-history":[{"count":2,"href":"https:\/\/www.enka.k12.tr\/kocaeli\/wp-json\/wp\/v2\/pages\/619\/revisions"}],"predecessor-version":[{"id":27024,"href":"https:\/\/www.enka.k12.tr\/kocaeli\/wp-json\/wp\/v2\/pages\/619\/revisions\/27024"}],"up":[{"embeddable":true,"href":"https:\/\/www.enka.k12.tr\/kocaeli\/wp-json\/wp\/v2\/pages\/617"}],"wp:featuredmedia":[{"embeddable":true,"href":"https:\/\/www.enka.k12.tr\/kocaeli\/wp-json\/wp\/v2\/media\/844"}],"wp:attachment":[{"href":"https:\/\/www.enka.k12.tr\/kocaeli\/wp-json\/wp\/v2\/media?parent=619"}],"curies":[{"name":"wp","href":"https:\/\/api.w.org\/{rel}","templated":true}]}}