{"id":634,"date":"2017-07-26T08:39:00","date_gmt":"2017-07-26T08:39:00","guid":{"rendered":"http:\/\/www.enka.com\/foundation\/schools\/gebze\/school-counselling\/"},"modified":"2026-03-14T13:42:16","modified_gmt":"2026-03-14T10:42:16","slug":"rehberlik-servisi","status":"publish","type":"page","link":"https:\/\/www.enka.k12.tr\/kocaeli\/okulda-yasam\/rehberlik-servisi\/","title":{"rendered":"REHBERL\u0130K SERV\u0130S\u0130"},"content":{"rendered":"<div class=\"wpb-content-wrapper\"><p>[vc_row][vc_column]<div id=\"ultimate-heading-68169fa2e4c2bdde\" class=\"uvc-heading ult-adjust-bottom-margin ultimate-heading-68169fa2e4c2bdde uvc-1502 \" data-hspacer=\"line_with_icon\" data-hline_width=\"auto\" data-hicon_type=\"custom\" data-hborder_style=\"solid\" data-hborder_height=\"3\" data-hborder_color=\"#69b3e7\" data-icon_width=\"200\" data-hfixer=\"30\"  data-halign=\"center\" style=\"text-align:center\"><div class=\"uvc-heading-spacer line_with_icon\" style=\"top\"><div class=\"ult-just-icon-wrapper  \"><div class=\"align-icon\" style=\"text-align:center;\">\n<div class=\"aio-icon-img \" style=\"font-size:200px;display:inline-block;\" >\n\t<img decoding=\"async\" class=\"img-icon\" alt=\"null\" src=\"https:\/\/www.enka.k12.tr\/kocaeli\/wp-content\/uploads\/2023\/12\/enka_schools_log_new.jpg\"\/>\n<\/div><\/div><\/div><\/div><\/div><div class=\"ult-spacer spacer-69fa2e4c2be36\" data-id=\"69fa2e4c2be36\" data-height=\"30\" data-height-mobile=\"10\" data-height-tab=\"20\" data-height-tab-portrait=\"\" data-height-mobile-landscape=\"\" style=\"clear:both;display:block;\"><\/div>[\/vc_column][\/vc_row][vc_row padding_top=&#8221;30px&#8221; bg_type=&#8221;bg_color&#8221; bg_color_value=&#8221;#f5f5f5&#8243;][vc_column width=&#8221;1\/2&#8243;]<div id=\"ultimate-heading-888369fa2e4c2be8b\" class=\"uvc-heading ult-adjust-bottom-margin ultimate-heading-888369fa2e4c2be8b uvc-354 \" data-hspacer=\"no_spacer\"  data-halign=\"left\" style=\"text-align:left\"><div class=\"uvc-heading-spacer no_spacer\" style=\"top\"><\/div><div class=\"uvc-sub-heading ult-responsive\"  data-ultimate-target='.uvc-heading.ultimate-heading-888369fa2e4c2be8b .uvc-sub-heading '  data-responsive-json-new='{\"font-size\":\"desktop:50px;tablet:48px;tablet_portrait:46px;mobile_landscape:44px;mobile:42px;\",\"line-height\":\"desktop:50px;tablet:48px;tablet_portrait:46px;mobile_landscape:44px;mobile:42px;\"}'  style=\"font-weight:bold;color:#000000;\"><span style=\"font-size: 36pt; color: #003366;\">REHBERL\u0130K\u00a0SERV\u0130S\u0130<\/span><\/div><\/div><div class=\"ult-spacer spacer-69fa2e4c2bec9\" data-id=\"69fa2e4c2bec9\" data-height=\"24\" data-height-mobile=\"24\" data-height-tab=\"24\" data-height-tab-portrait=\"\" data-height-mobile-landscape=\"\" style=\"clear:both;display:block;\"><\/div>[\/vc_column][vc_column width=&#8221;1\/2&#8243;][\/vc_column][\/vc_row][vc_row padding_top=&#8221;30px&#8221; bg_type=&#8221;bg_color&#8221; bg_color_value=&#8221;#f5f5f5&#8243;][vc_column][vc_column_text]<strong>Kocaeli \u00d6zel ENKA Teknik Okullar\u0131 Psikolojik Dan\u0131\u015fma ve Rehberlik (PDR) B\u00f6l\u00fcm\u00fc;<\/strong>\u00a0\u00e7al\u0131\u015fmalar\u0131n\u0131 \u00f6nleyici rehberlik anlay\u0131\u015f\u0131 ve &#8220;e\u011fitim-geli\u015fim odakl\u0131&#8221; rehberlik modeline uygun olarak y\u00fcr\u00fctmektedir.<\/p>\n<p>Hizmetlerimizin temel amac\u0131; \u00f6\u011frencilerimizin kendilerini ve \u00e7evrelerini do\u011fru alg\u0131lamalar\u0131na, bireysel \u00f6zelliklerini tan\u0131yarak sa\u011fl\u0131kl\u0131 bir kimlik geli\u015ftirmelerine, ki\u015fisel de\u011ferleri ile toplumsal beklentiler aras\u0131nda denge kurmalar\u0131na ve duygu-d\u00fc\u015f\u00fcncelerini etkili \u015fekilde ifade edebilen, duyarl\u0131 ve yarat\u0131c\u0131 bireyler olarak geli\u015fim g\u00f6stermelerine katk\u0131 sa\u011flamakt\u0131r.<\/p>\n<p><strong>Rehberlik \u00c7al\u0131\u015fmalar\u0131m\u0131z\u0131n Temel Hedefleri:<\/strong><\/p>\n<ul>\n<li><strong>Kendini Tan\u0131ma:<\/strong>\u00a0\u00d6\u011frencilerin ilgi, yetenek ve ki\u015filik \u00f6zelliklerini ke\u015ffetmelerine katk\u0131 sa\u011flamak,<\/li>\n<li><strong>Potansiyel ve Yarat\u0131c\u0131l\u0131k:<\/strong>\u00a0Yarat\u0131c\u0131l\u0131klar\u0131n\u0131 \u00f6n plana \u00e7\u0131karabilecekleri ve kendilerini ke\u015ffedebilecekleri ortamlar olu\u015fturmak,<\/li>\n<li><strong>Bireysel Geli\u015fim:<\/strong>\u00a0Sorumluluk duygusu, \u00f6zg\u00fcven, karar verme ve problem \u00e7\u00f6zme becerilerini geli\u015ftirmek,<\/li>\n<li><strong>\u0130leti\u015fim Becerileri:<\/strong>\u00a0Sosyal ili\u015fkilerde etkili ve sa\u011fl\u0131kl\u0131 ileti\u015fim becerileri kazand\u0131rmak,<\/li>\n<li><strong>Kariyer Planlama:<\/strong>\u00a0\u0130lgi, yetenek ve akademik ba\u015far\u0131lar\u0131na uygun y\u00fcksek\u00f6\u011fretim programlar\u0131na y\u00f6nelmelerine destek olmak,<\/li>\n<li><strong>\u0130\u015f Birli\u011fi:<\/strong>\u00a0Okul-\u00f6\u011frenci-veli ileti\u015fimini ve e\u015f g\u00fcd\u00fcm\u00fcn\u00fc g\u00fc\u00e7lendirmek.<\/li>\n<\/ul>\n<p>Bu hedefler do\u011frultusunda y\u00fcr\u00fct\u00fclen t\u00fcm \u00e7al\u0131\u015fmalar; \u00f6\u011frenci, veli ve \u00f6\u011fretmenlere y\u00f6nelik hizmetleri kapsayan <strong>b\u00fct\u00fcnc\u00fcl bir yap\u0131<\/strong>\u00a0i\u00e7erisinde sunulmaktad\u0131r.[\/vc_column_text]<div class=\"ult-spacer spacer-69fa2e4c2bef1\" data-id=\"69fa2e4c2bef1\" data-height=\"24\" data-height-mobile=\"24\" data-height-tab=\"24\" data-height-tab-portrait=\"\" data-height-mobile-landscape=\"\" style=\"clear:both;display:block;\"><\/div>[vc_tta_accordion style=&#8221;outline&#8221; color=&#8221;sky&#8221; active_section=&#8221;0&#8243;][vc_tta_section title=&#8221;\u00dcST \u00d6\u011eREN\u0130M VE MESLEK\u0130 REHBERL\u0130K&#8221; tab_id=&#8221;1772106816429-fb13e6ef-4a83&#8243;][vc_single_image image=&#8221;26663&#8243;][\/vc_tta_section][vc_tta_section title=&#8221;\u00d6\u011eRENC\u0130YE Y\u00d6NEL\u0130K \u00c7ALIMALAR&#8221; tab_id=&#8221;1772106815998-ed2eeceb-c252&#8243;][vc_single_image image=&#8221;26666&#8243;][\/vc_tta_section][vc_tta_section title=&#8221;VEL\u0130YE Y\u00d6NEL\u0130K \u00c7ALI\u015eMALAR&#8221; tab_id=&#8221;1772106804715-f9ac5932-e7ff&#8221;][vc_single_image image=&#8221;26664&#8243;][\/vc_tta_section][vc_tta_section title=&#8221;\u00d6\u011eRETMENE Y\u00d6NEL\u0130K \u00c7ALI\u015eMALAR&#8221; tab_id=&#8221;1772106804724-6d2e0387-dc3e&#8221;][vc_single_image image=&#8221;26665&#8243;][\/vc_tta_section][\/vc_tta_accordion][\/vc_column][\/vc_row]<\/p>\n<\/div>","protected":false},"excerpt":{"rendered":"<p>[vc_row][vc_column][\/vc_column][\/vc_row][vc_row padding_top=&#8221;30px&#8221; bg_type=&#8221;bg_color&#8221; bg_color_value=&#8221;#f5f5f5&#8243;][vc_column width=&#8221;1\/2&#8243;][\/vc_column][vc_column width=&#8221;1\/2&#8243;][\/vc_column][\/vc_row][vc_row padding_top=&#8221;30px&#8221; bg_type=&#8221;bg_color&#8221; bg_color_value=&#8221;#f5f5f5&#8243;][vc_column][vc_column_text]Kocaeli \u00d6zel ENKA Teknik Okullar\u0131 Psikolojik Dan\u0131\u015fma ve Rehberlik (PDR) B\u00f6l\u00fcm\u00fc;\u00a0\u00e7al\u0131\u015fmalar\u0131n\u0131 \u00f6nleyici rehberlik anlay\u0131\u015f\u0131 ve &#8220;e\u011fitim-geli\u015fim odakl\u0131&#8221; rehberlik modeline uygun olarak y\u00fcr\u00fctmektedir. Hizmetlerimizin temel amac\u0131; \u00f6\u011frencilerimizin kendilerini ve \u00e7evrelerini do\u011fru alg\u0131lamalar\u0131na, bireysel \u00f6zelliklerini tan\u0131yarak sa\u011fl\u0131kl\u0131 bir kimlik geli\u015ftirmelerine, ki\u015fisel de\u011ferleri ile toplumsal beklentiler aras\u0131nda denge kurmalar\u0131na ve duygu-d\u00fc\u015f\u00fcncelerini etkili \u015fekilde ifade edebilen, duyarl\u0131 ve yarat\u0131c\u0131 bireyler olarak&#8230;<\/p>\n","protected":false},"author":4,"featured_media":978,"parent":632,"menu_order":3,"comment_status":"closed","ping_status":"closed","template":"","meta":{"_acf_changed":false,"inline_featured_image":false,"footnotes":""},"class_list":["post-634","page","type-page","status-publish","has-post-thumbnail","hentry","custom-post-type-entry"],"aioseo_notices":[],"acf":[],"_links":{"self":[{"href":"https:\/\/www.enka.k12.tr\/kocaeli\/wp-json\/wp\/v2\/pages\/634","targetHints":{"allow":["GET"]}}],"collection":[{"href":"https:\/\/www.enka.k12.tr\/kocaeli\/wp-json\/wp\/v2\/pages"}],"about":[{"href":"https:\/\/www.enka.k12.tr\/kocaeli\/wp-json\/wp\/v2\/types\/page"}],"author":[{"embeddable":true,"href":"https:\/\/www.enka.k12.tr\/kocaeli\/wp-json\/wp\/v2\/users\/4"}],"replies":[{"embeddable":true,"href":"https:\/\/www.enka.k12.tr\/kocaeli\/wp-json\/wp\/v2\/comments?post=634"}],"version-history":[{"count":5,"href":"https:\/\/www.enka.k12.tr\/kocaeli\/wp-json\/wp\/v2\/pages\/634\/revisions"}],"predecessor-version":[{"id":26941,"href":"https:\/\/www.enka.k12.tr\/kocaeli\/wp-json\/wp\/v2\/pages\/634\/revisions\/26941"}],"up":[{"embeddable":true,"href":"https:\/\/www.enka.k12.tr\/kocaeli\/wp-json\/wp\/v2\/pages\/632"}],"wp:featuredmedia":[{"embeddable":true,"href":"https:\/\/www.enka.k12.tr\/kocaeli\/wp-json\/wp\/v2\/media\/978"}],"wp:attachment":[{"href":"https:\/\/www.enka.k12.tr\/kocaeli\/wp-json\/wp\/v2\/media?parent=634"}],"curies":[{"name":"wp","href":"https:\/\/api.w.org\/{rel}","templated":true}]}}