{"id":635,"date":"2017-07-26T08:39:20","date_gmt":"2017-07-26T08:39:20","guid":{"rendered":"http:\/\/www.enka.com\/foundation\/schools\/gebze\/athletics\/"},"modified":"2026-03-14T13:44:43","modified_gmt":"2026-03-14T10:44:43","slug":"enkada-spor","status":"publish","type":"page","link":"https:\/\/www.enka.k12.tr\/kocaeli\/okulda-yasam\/enkada-spor\/","title":{"rendered":"ENKA&#8217;DA SPOR"},"content":{"rendered":"<div class=\"wpb-content-wrapper\"><p>[vc_row][vc_column]<div id=\"ultimate-heading-880969f4d670e5b65\" class=\"uvc-heading ult-adjust-bottom-margin ultimate-heading-880969f4d670e5b65 uvc-6960 \" data-hspacer=\"line_with_icon\" data-hline_width=\"auto\" data-hicon_type=\"custom\" data-hborder_style=\"solid\" data-hborder_height=\"3\" data-hborder_color=\"#69b3e7\" data-icon_width=\"200\" data-hfixer=\"30\"  data-halign=\"center\" style=\"text-align:center\"><div class=\"uvc-heading-spacer line_with_icon\" style=\"top\"><div class=\"ult-just-icon-wrapper  \"><div class=\"align-icon\" style=\"text-align:center;\">\n<div class=\"aio-icon-img \" style=\"font-size:200px;display:inline-block;\" >\n\t<img decoding=\"async\" class=\"img-icon\" alt=\"null\" src=\"https:\/\/www.enka.k12.tr\/kocaeli\/wp-content\/uploads\/2023\/12\/enka_schools_log_new.jpg\"\/>\n<\/div><\/div><\/div><\/div><\/div><div class=\"ult-spacer spacer-69f4d670e5bc4\" data-id=\"69f4d670e5bc4\" data-height=\"30\" data-height-mobile=\"10\" data-height-tab=\"20\" data-height-tab-portrait=\"\" data-height-mobile-landscape=\"\" style=\"clear:both;display:block;\"><\/div>[\/vc_column][\/vc_row][vc_row padding_top=&#8221;30px&#8221; bg_type=&#8221;bg_color&#8221; bg_color_value=&#8221;#f5f5f5&#8243;][vc_column]<div id=\"ultimate-heading-249269f4d670e5c0e\" class=\"uvc-heading ult-adjust-bottom-margin ultimate-heading-249269f4d670e5c0e uvc-2234 \" data-hspacer=\"no_spacer\"  data-halign=\"left\" style=\"text-align:left\"><div class=\"uvc-heading-spacer no_spacer\" style=\"top\"><\/div><div class=\"uvc-sub-heading ult-responsive\"  data-ultimate-target='.uvc-heading.ultimate-heading-249269f4d670e5c0e .uvc-sub-heading '  data-responsive-json-new='{\"font-size\":\"desktop:50px;tablet:48px;tablet_portrait:46px;mobile_landscape:44px;mobile:42px;\",\"line-height\":\"desktop:50px;tablet:48px;tablet_portrait:46px;mobile_landscape:44px;mobile:42px;\"}'  style=\"font-weight:bold;color:#000000;\"><span style=\"color: #003366; font-size: 24pt;\">ENKA&#8217;DA SPOR<\/span><\/div><\/div>[\/vc_column][\/vc_row][vc_row padding_top=&#8221;30px&#8221; bg_type=&#8221;bg_color&#8221; bg_color_value=&#8221;#f5f5f5&#8243;][vc_column width=&#8221;2\/3&#8243;][vc_column_text]Spor, gen\u00e7lerin fiziksel ve sosyal y\u00f6nden geli\u015fimlerini sa\u011flaman\u0131n yan\u0131 s\u0131ra kendine olan \u00f6zg\u00fcvenini art\u0131ran, ki\u015filik geli\u015fimini destekleyen bedensel ve zihinsel faaliyetler b\u00fct\u00fcn\u00fcd\u00fcr. Amac\u0131m\u0131z, sporun sa\u011fl\u0131\u011fa yararlar\u0131n\u0131 kavrat\u0131p \u00f6\u011frencilerin sportif faaliyetler yapmas\u0131n\u0131 sa\u011flamak,\u00a0 \u201cYa\u015fam Boyu Spor\u201d ilkesiyle kendi ya\u015fant\u0131lar\u0131n\u0131 de\u011ferlendirmelerinde rehberlik etmektir.<\/p>\n<p>Okulumuzda kapal\u0131 spor salonu, a\u00e7\u0131labilir kapanabilir tenis kortu, hal\u0131 saha, a\u00e7\u0131k basketbol ve voleybol sahalar\u0131 bulunmaktad\u0131r. Haftada 2 saat olan beden e\u011fitimi dersi, haftal\u0131k kul\u00fcp \u00e7al\u0131\u015fmalar\u0131 ve hafta sonu okul tak\u0131m antrenmanlar\u0131, grup \u00e7al\u0131\u015fmalar\u0131 ile desteklenerek zenginle\u015ftirilir. Tenis, y\u00fczme, voleybol, basketbol, masa tenisi, futbol ve futsal tak\u0131mlar\u0131 Milli E\u011fitimin d\u00fczenledi\u011fi yar\u0131\u015fmalara ve y\u0131l i\u00e7inde d\u00fczenlenen turnuvalara kat\u0131l\u0131m sa\u011flamaktad\u0131r.[\/vc_column_text]<div class=\"ult-spacer spacer-69f4d670e5c4a\" data-id=\"69f4d670e5c4a\" data-height=\"24\" data-height-mobile=\"24\" data-height-tab=\"24\" data-height-tab-portrait=\"\" data-height-mobile-landscape=\"\" style=\"clear:both;display:block;\"><\/div>[\/vc_column][vc_column width=&#8221;1\/3&#8243;][vc_single_image image=&#8221;2173&#8243; img_size=&#8221;full&#8221;][\/vc_column][\/vc_row]<\/p>\n<\/div>","protected":false},"excerpt":{"rendered":"<p>[vc_row][vc_column][\/vc_column][\/vc_row][vc_row padding_top=&#8221;30px&#8221; bg_type=&#8221;bg_color&#8221; bg_color_value=&#8221;#f5f5f5&#8243;][vc_column][\/vc_column][\/vc_row][vc_row padding_top=&#8221;30px&#8221; bg_type=&#8221;bg_color&#8221; bg_color_value=&#8221;#f5f5f5&#8243;][vc_column width=&#8221;2\/3&#8243;][vc_column_text]Spor, gen\u00e7lerin fiziksel ve sosyal y\u00f6nden geli\u015fimlerini sa\u011flaman\u0131n yan\u0131 s\u0131ra kendine olan \u00f6zg\u00fcvenini art\u0131ran, ki\u015filik geli\u015fimini destekleyen bedensel ve zihinsel faaliyetler b\u00fct\u00fcn\u00fcd\u00fcr. Amac\u0131m\u0131z, sporun sa\u011fl\u0131\u011fa yararlar\u0131n\u0131 kavrat\u0131p \u00f6\u011frencilerin sportif faaliyetler yapmas\u0131n\u0131 sa\u011flamak,\u00a0 \u201cYa\u015fam Boyu Spor\u201d ilkesiyle kendi ya\u015fant\u0131lar\u0131n\u0131 de\u011ferlendirmelerinde rehberlik etmektir. Okulumuzda kapal\u0131 spor salonu, a\u00e7\u0131labilir kapanabilir tenis kortu, hal\u0131 saha, a\u00e7\u0131k basketbol ve voleybol sahalar\u0131 bulunmaktad\u0131r. Haftada&#8230;<\/p>\n","protected":false},"author":4,"featured_media":816,"parent":632,"menu_order":4,"comment_status":"closed","ping_status":"closed","template":"","meta":{"_acf_changed":false,"inline_featured_image":false,"footnotes":""},"class_list":["post-635","page","type-page","status-publish","has-post-thumbnail","hentry","custom-post-type-entry"],"aioseo_notices":[],"acf":[],"_links":{"self":[{"href":"https:\/\/www.enka.k12.tr\/kocaeli\/wp-json\/wp\/v2\/pages\/635","targetHints":{"allow":["GET"]}}],"collection":[{"href":"https:\/\/www.enka.k12.tr\/kocaeli\/wp-json\/wp\/v2\/pages"}],"about":[{"href":"https:\/\/www.enka.k12.tr\/kocaeli\/wp-json\/wp\/v2\/types\/page"}],"author":[{"embeddable":true,"href":"https:\/\/www.enka.k12.tr\/kocaeli\/wp-json\/wp\/v2\/users\/4"}],"replies":[{"embeddable":true,"href":"https:\/\/www.enka.k12.tr\/kocaeli\/wp-json\/wp\/v2\/comments?post=635"}],"version-history":[{"count":4,"href":"https:\/\/www.enka.k12.tr\/kocaeli\/wp-json\/wp\/v2\/pages\/635\/revisions"}],"predecessor-version":[{"id":26945,"href":"https:\/\/www.enka.k12.tr\/kocaeli\/wp-json\/wp\/v2\/pages\/635\/revisions\/26945"}],"up":[{"embeddable":true,"href":"https:\/\/www.enka.k12.tr\/kocaeli\/wp-json\/wp\/v2\/pages\/632"}],"wp:featuredmedia":[{"embeddable":true,"href":"https:\/\/www.enka.k12.tr\/kocaeli\/wp-json\/wp\/v2\/media\/816"}],"wp:attachment":[{"href":"https:\/\/www.enka.k12.tr\/kocaeli\/wp-json\/wp\/v2\/media?parent=635"}],"curies":[{"name":"wp","href":"https:\/\/api.w.org\/{rel}","templated":true}]}}