{"id":636,"date":"2017-07-26T08:39:51","date_gmt":"2017-07-26T08:39:51","guid":{"rendered":"http:\/\/www.enka.com\/foundation\/schools\/gebze\/arts-and-music\/"},"modified":"2026-04-02T10:22:11","modified_gmt":"2026-04-02T07:22:11","slug":"sanat","status":"publish","type":"page","link":"https:\/\/www.enka.k12.tr\/kocaeli\/okulda-yasam\/sanat\/","title":{"rendered":"SANAT"},"content":{"rendered":"<div class=\"wpb-content-wrapper\"><p>[vc_row][vc_column]<div id=\"ultimate-heading-347069fa1cb45d9d5\" class=\"uvc-heading ult-adjust-bottom-margin ultimate-heading-347069fa1cb45d9d5 uvc-2771 \" data-hspacer=\"line_with_icon\" data-hline_width=\"auto\" data-hicon_type=\"custom\" data-hborder_style=\"solid\" data-hborder_height=\"3\" data-hborder_color=\"#69b3e7\" data-icon_width=\"200\" data-hfixer=\"30\"  data-halign=\"center\" style=\"text-align:center\"><div class=\"uvc-heading-spacer line_with_icon\" style=\"top\"><div class=\"ult-just-icon-wrapper  \"><div class=\"align-icon\" style=\"text-align:center;\">\n<div class=\"aio-icon-img \" style=\"font-size:200px;display:inline-block;\" >\n\t<img decoding=\"async\" class=\"img-icon\" alt=\"null\" src=\"https:\/\/www.enka.k12.tr\/kocaeli\/wp-content\/uploads\/2023\/12\/enka_schools_log_new.jpg\"\/>\n<\/div><\/div><\/div><\/div><\/div><div class=\"ult-spacer spacer-69fa1cb45da30\" data-id=\"69fa1cb45da30\" data-height=\"30\" data-height-mobile=\"10\" data-height-tab=\"20\" data-height-tab-portrait=\"\" data-height-mobile-landscape=\"\" style=\"clear:both;display:block;\"><\/div>[\/vc_column][\/vc_row][vc_row][vc_column]<div id=\"ultimate-heading-703969fa1cb45da92\" class=\"uvc-heading ult-adjust-bottom-margin ultimate-heading-703969fa1cb45da92 uvc-9923 \" data-hspacer=\"no_spacer\"  data-halign=\"left\" style=\"text-align:left\"><div class=\"uvc-heading-spacer no_spacer\" style=\"top\"><\/div><div class=\"uvc-sub-heading ult-responsive\"  data-ultimate-target='.uvc-heading.ultimate-heading-703969fa1cb45da92 .uvc-sub-heading '  data-responsive-json-new='{\"font-size\":\"desktop:50px;tablet:48px;tablet_portrait:46px;mobile_landscape:44px;mobile:42px;\",\"line-height\":\"desktop:50px;tablet:48px;tablet_portrait:46px;mobile_landscape:44px;mobile:42px;\"}'  style=\"font-weight:bold;color:#000000;\"><span style=\"font-size: 36pt; color: #003366;\">SANAT<\/span><\/div><\/div><div class=\"ult-spacer spacer-69fa1cb45dad2\" data-id=\"69fa1cb45dad2\" data-height=\"24\" data-height-mobile=\"24\" data-height-tab=\"24\" data-height-tab-portrait=\"\" data-height-mobile-landscape=\"\" style=\"clear:both;display:block;\"><\/div>[vc_tta_tour section_title_tag=&#8221;h6&#8243; style=&#8221;outline&#8221; shape=&#8221;square&#8221; color=&#8221;black&#8221; active_section=&#8221;1&#8243;][vc_tta_section tab_id=&#8221;1773477249534-f1c745a9-9dc3&#8243; title=&#8221;G\u00d6RSEL SANATLAR&#8221;][vc_column_text]<span style=\"color: black;\">G\u00f6rsel sanatlar e\u011fitimimizde \u00f6\u011frencilerimiz, farkl\u0131 teknikler kullanarak resim yapmay\u0131 \u00f6\u011frenir ve uygulama becerilerini geli\u015ftirirler. Y\u0131l boyunca b\u00fcy\u00fck bir \u00f6zveriyle haz\u0131rlanan \u00f6\u011frenci \u00e7al\u0131\u015fmalar\u0131, okul b\u00fcnyesinde d\u00fczenlenen sergilerle sanatseverlerin be\u011fenisine sunulur.<\/span>[\/vc_column_text][\/vc_tta_section][vc_tta_section title=&#8221;M\u00dcZ\u0130K VE OKUL ORKESTRASI&#8221; tab_id=&#8221;1773477249555-65c018e0-704b&#8221;][vc_column_text]<span style=\"color: black;\">M\u00fczik e\u011fitimimiz, teorik bilginin \u00f6tesinde bir performans deneyimi sunar. Enstr\u00fcmanlar\u0131nda yetkinle\u015fen \u00f6\u011frencilerimiz, yeteneklerini <b>Okul Orkestram\u0131zda<\/b>\u00a0birle\u015ftirirler.<\/span><\/p>\n<p><span style=\"color: black;\">Orkestram\u0131z; okul i\u00e7i, il ve il\u00e7e d\u00fczeyindeki resmi t\u00f6renlerde g\u00f6rev alman\u0131n yan\u0131 s\u0131ra liseler aras\u0131 d\u00fczenlenen \u00e7e\u015fitli yar\u0131\u015fmalarda okulumuzu temsil eder ve e\u011fitim y\u0131l\u0131 boyunca d\u00fczenlenen konserlerle performanslar\u0131n\u0131 sergilerler.<\/span>[\/vc_column_text][\/vc_tta_section][vc_tta_section title=&#8221;SAHNE SANATLARI(T\u0130YATRO VE DANS)&#8221; tab_id=&#8221;1773480429789-9eb0968e-8ccb&#8221;][vc_column_text]<span style=\"color: black;\">Tiyatro e\u011fitimimiz kapsam\u0131nda \u00f6\u011frencilerimiz, temel oyunculuk ve sahne disiplini \u00fczerine e\u011fitim al\u0131rlar. Bu e\u011fitimin bir \u00e7\u0131kt\u0131s\u0131 olarak \u00f6\u011frencilerimiz, her y\u0131l belirlenen bir eseri sahneye ta\u015f\u0131rlar. Bu s\u00fcre\u00e7te \u00f6\u011frencilerimiz kendilerini ifade etme yeteneklerini geli\u015ftirirken, bir eserin metinden sahneye ta\u015f\u0131nma s\u00fcrecindeki t\u00fcm a\u015famalar\u0131 bizzat deneyimleme f\u0131rsat\u0131 bulurlar.<\/span><\/p>\n<p><span style=\"font-family: 'Arial',sans-serif; color: black;\">\u200b<\/span><span style=\"color: black;\">\u00d6\u011frencilerimiz, profesyonel dans e\u011fitmenleri e\u015fli\u011finde fiziksel koordinasyon ve ritim duygular\u0131n\u0131 geli\u015ftiren e\u011fitimler al\u0131rlar. Bu kapsamda hem modern dans tekniklerini hem de geleneksel halk danslar\u0131n\u0131 \u00f6\u011frenerek k\u00fclt\u00fcrel bir zenginlik kazan\u0131rlar. E\u011fitim s\u00fcreci boyunca haz\u0131rlanan koreografiler; okul etkinliklerinde, festivallerde ve \u00e7e\u015fitli g\u00f6sterilerde sahnelenir.<\/span>[\/vc_column_text][\/vc_tta_section][\/vc_tta_tour][\/vc_column][\/vc_row]<\/p>\n<\/div>","protected":false},"excerpt":{"rendered":"<p>[vc_row][vc_column][\/vc_column][\/vc_row][vc_row][vc_column][vc_tta_tour section_title_tag=&#8221;h6&#8243; style=&#8221;outline&#8221; shape=&#8221;square&#8221; color=&#8221;black&#8221; active_section=&#8221;1&#8243;][vc_tta_section tab_id=&#8221;1773477249534-f1c745a9-9dc3&#8243; title=&#8221;G\u00d6RSEL SANATLAR&#8221;][vc_column_text]G\u00f6rsel sanatlar e\u011fitimimizde \u00f6\u011frencilerimiz, farkl\u0131 teknikler kullanarak resim yapmay\u0131 \u00f6\u011frenir ve uygulama becerilerini geli\u015ftirirler. Y\u0131l boyunca b\u00fcy\u00fck bir \u00f6zveriyle haz\u0131rlanan \u00f6\u011frenci \u00e7al\u0131\u015fmalar\u0131, okul b\u00fcnyesinde d\u00fczenlenen sergilerle sanatseverlerin be\u011fenisine sunulur.[\/vc_column_text][\/vc_tta_section][vc_tta_section title=&#8221;M\u00dcZ\u0130K VE OKUL ORKESTRASI&#8221; tab_id=&#8221;1773477249555-65c018e0-704b&#8221;][vc_column_text]M\u00fczik e\u011fitimimiz, teorik bilginin \u00f6tesinde bir performans deneyimi sunar. Enstr\u00fcmanlar\u0131nda yetkinle\u015fen \u00f6\u011frencilerimiz, yeteneklerini Okul Orkestram\u0131zda\u00a0birle\u015ftirirler. Orkestram\u0131z; okul i\u00e7i, il ve il\u00e7e d\u00fczeyindeki resmi t\u00f6renlerde&#8230;<\/p>\n","protected":false},"author":4,"featured_media":814,"parent":632,"menu_order":5,"comment_status":"closed","ping_status":"closed","template":"","meta":{"_acf_changed":false,"inline_featured_image":false,"footnotes":""},"class_list":["post-636","page","type-page","status-publish","has-post-thumbnail","hentry","custom-post-type-entry"],"aioseo_notices":[],"acf":[],"_links":{"self":[{"href":"https:\/\/www.enka.k12.tr\/kocaeli\/wp-json\/wp\/v2\/pages\/636","targetHints":{"allow":["GET"]}}],"collection":[{"href":"https:\/\/www.enka.k12.tr\/kocaeli\/wp-json\/wp\/v2\/pages"}],"about":[{"href":"https:\/\/www.enka.k12.tr\/kocaeli\/wp-json\/wp\/v2\/types\/page"}],"author":[{"embeddable":true,"href":"https:\/\/www.enka.k12.tr\/kocaeli\/wp-json\/wp\/v2\/users\/4"}],"replies":[{"embeddable":true,"href":"https:\/\/www.enka.k12.tr\/kocaeli\/wp-json\/wp\/v2\/comments?post=636"}],"version-history":[{"count":2,"href":"https:\/\/www.enka.k12.tr\/kocaeli\/wp-json\/wp\/v2\/pages\/636\/revisions"}],"predecessor-version":[{"id":27022,"href":"https:\/\/www.enka.k12.tr\/kocaeli\/wp-json\/wp\/v2\/pages\/636\/revisions\/27022"}],"up":[{"embeddable":true,"href":"https:\/\/www.enka.k12.tr\/kocaeli\/wp-json\/wp\/v2\/pages\/632"}],"wp:featuredmedia":[{"embeddable":true,"href":"https:\/\/www.enka.k12.tr\/kocaeli\/wp-json\/wp\/v2\/media\/814"}],"wp:attachment":[{"href":"https:\/\/www.enka.k12.tr\/kocaeli\/wp-json\/wp\/v2\/media?parent=636"}],"curies":[{"name":"wp","href":"https:\/\/api.w.org\/{rel}","templated":true}]}}