{"id":637,"date":"2017-07-26T08:40:15","date_gmt":"2017-07-26T08:40:15","guid":{"rendered":"http:\/\/www.enka.com\/foundation\/schools\/gebze\/library\/"},"modified":"2026-03-14T14:29:46","modified_gmt":"2026-03-14T11:29:46","slug":"kutuphane","status":"publish","type":"page","link":"https:\/\/www.enka.k12.tr\/kocaeli\/okulda-yasam\/kutuphane\/","title":{"rendered":"K\u00dcT\u00dcPHANE"},"content":{"rendered":"<div class=\"wpb-content-wrapper\"><p>[vc_row][vc_column]<div id=\"ultimate-heading-151769fa1dc9eb169\" class=\"uvc-heading ult-adjust-bottom-margin ultimate-heading-151769fa1dc9eb169 uvc-6086 \" data-hspacer=\"line_with_icon\" data-hline_width=\"auto\" data-hicon_type=\"custom\" data-hborder_style=\"solid\" data-hborder_height=\"3\" data-hborder_color=\"#69b3e7\" data-icon_width=\"200\" data-hfixer=\"30\"  data-halign=\"center\" style=\"text-align:center\"><div class=\"uvc-heading-spacer line_with_icon\" style=\"top\"><div class=\"ult-just-icon-wrapper  \"><div class=\"align-icon\" style=\"text-align:center;\">\n<div class=\"aio-icon-img \" style=\"font-size:200px;display:inline-block;\" >\n\t<img decoding=\"async\" class=\"img-icon\" alt=\"null\" src=\"https:\/\/www.enka.k12.tr\/kocaeli\/wp-content\/uploads\/2023\/12\/enka_schools_log_new.jpg\"\/>\n<\/div><\/div><\/div><\/div><\/div><div class=\"ult-spacer spacer-69fa1dc9eb1c8\" data-id=\"69fa1dc9eb1c8\" data-height=\"30\" data-height-mobile=\"10\" data-height-tab=\"20\" data-height-tab-portrait=\"\" data-height-mobile-landscape=\"\" style=\"clear:both;display:block;\"><\/div>[\/vc_column][\/vc_row][vc_row padding_top=&#8221;30px&#8221; bg_type=&#8221;bg_color&#8221; bg_color_value=&#8221;#f5f5f5&#8243;][vc_column]<div id=\"ultimate-heading-34969fa1dc9eb21b\" class=\"uvc-heading ult-adjust-bottom-margin ultimate-heading-34969fa1dc9eb21b uvc-4136 \" data-hspacer=\"line_only\"  data-halign=\"left\" style=\"text-align:left\"><div class=\"uvc-sub-heading ult-responsive\"  data-ultimate-target='.uvc-heading.ultimate-heading-34969fa1dc9eb21b .uvc-sub-heading '  data-responsive-json-new='{\"font-size\":\"desktop:50px;tablet:48px;tablet_portrait:46px;mobile_landscape:44px;mobile:42px;\",\"line-height\":\"desktop:50px;tablet:48px;tablet_portrait:46px;mobile_landscape:44px;mobile:42px;\"}'  style=\"font-weight:bold;color:#000000;\"><span style=\"font-size: 36pt; color: #003366;\">K\u00dcT\u00dcPHANE<\/span><\/div><div class=\"uvc-heading-spacer line_only\" style=\"margin-top:10px;height:3px;\"><span class=\"uvc-headings-line\" style=\"border-style:solid;border-bottom-width:3px;border-color:#69b3e7;width:100px;\"><\/span><\/div><\/div><div class=\"ult-spacer spacer-69fa1dc9eb25d\" data-id=\"69fa1dc9eb25d\" data-height=\"30\" data-height-mobile=\"10\" data-height-tab=\"20\" data-height-tab-portrait=\"\" data-height-mobile-landscape=\"\" style=\"clear:both;display:block;\"><\/div>[\/vc_column][\/vc_row][vc_row padding_top=&#8221;30px&#8221; bg_type=&#8221;bg_color&#8221; bg_color_value=&#8221;#f5f5f5&#8243;][vc_column width=&#8221;2\/3&#8243;][vc_column_text]ENKA Teknik Okullar\u0131 K\u00fct\u00fcphanesi, \u00f6\u011frencilerimizin okuma, ara\u015ft\u0131rma ve \u00f6\u011frenme al\u0131\u015fkanl\u0131klar\u0131n\u0131 geli\u015ftirmek amac\u0131yla \u00e7a\u011fda\u015f k\u00fct\u00fcphanecilik anlay\u0131\u015f\u0131yla donat\u0131lm\u0131\u015ft\u0131r ve e\u011fitim-\u00f6\u011fretim program\u0131n\u0131 aktif olarak desteklemektedir. K\u00fct\u00fcphanemizin koleksiyonu, 15.000\u2019den fazla T\u00fcrk\u00e7e ve \u0130ngilizce bas\u0131l\u0131 eser, 19 s\u00fcreli yay\u0131n, g\u00f6rsel-i\u015fitsel materyaller ile ba\u015fvuru kaynaklar\u0131n\u0131 i\u00e7ermekte olup, \u00f6\u011frencilerin bireysel \u00e7al\u0131\u015fmalar\u0131, ara\u015ft\u0131rmalar\u0131 ve grup projeleri i\u00e7in s\u00fcrekli olarak g\u00fcncellenmektedir.<\/p>\n<p>Kaynaklar Dewey Onlu S\u0131n\u0131flama Sistemi\u2019ne g\u00f6re d\u00fczenlenmi\u015f ve a\u00e7\u0131k raf sistemi ile eri\u015fime sunulmu\u015ftur; b\u00f6ylece \u00f6\u011frencilerimiz kendi ba\u015flar\u0131na ara\u015ft\u0131rma yapabilir, bilgiye h\u0131zl\u0131 ve ba\u011f\u0131ms\u0131z \u015fekilde ula\u015fabilir. Ayr\u0131ca k\u00fct\u00fcphanemizdeki elektronik kaynaklar ve \u00e7evrimi\u00e7i veritabanlar\u0131 sayesinde \u00f6\u011frencilerimiz, okul d\u0131\u015f\u0131nda da akademik \u00e7al\u0131\u015fmalara devam edebilmekte; ara\u015ft\u0131rma, proje geli\u015ftirme ve \u00f6dev \u00e7al\u0131\u015fmalar\u0131n\u0131 etkin \u015fekilde y\u00fcr\u00fctebilmektedir.<\/p>\n<p>ENKA Teknik Okullar\u0131 K\u00fct\u00fcphanesi, \u00f6\u011frencilerimizin, \u00f6\u011fretmenlerimizin ve personelimizin hem akademik hem k\u00fclt\u00fcrel geli\u015fimini destekleyen, yarat\u0131c\u0131 ve ara\u015ft\u0131rmac\u0131 bir \u00f6\u011frenme ortam\u0131 sunmaktad\u0131r.[\/vc_column_text][\/vc_column][vc_column width=&#8221;1\/3&#8243;][vc_single_image image=&#8221;2179&#8243; img_size=&#8221;full&#8221;][\/vc_column][\/vc_row][vc_row padding_top=&#8221;30px&#8221; bg_type=&#8221;bg_color&#8221; bg_color_value=&#8221;#f5f5f5&#8243;][vc_column]<div class=\"ult-spacer spacer-69fa1dc9eb28a\" data-id=\"69fa1dc9eb28a\" data-height=\"24\" data-height-mobile=\"24\" data-height-tab=\"24\" data-height-tab-portrait=\"\" data-height-mobile-landscape=\"\" style=\"clear:both;display:block;\"><\/div>[\/vc_column][\/vc_row][vc_row padding_top=&#8221;30px&#8221; bg_type=&#8221;bg_color&#8221; bg_color_value=&#8221;#f5f5f5&#8243;][vc_column width=&#8221;1\/2&#8243;]<div class=\"aio-icon-component    style_2\"><a class=\"aio-icon-box-link\" href=\"https:\/\/www.enka.k12.tr\/kocaeli\/wp-content\/uploads\/2026\/03\/Kaynakca-Hazirlama-Rehberi.pdf\" target=\"_blank\" rel=\"noopener\" ><div id=\"Info-box-wrap-4897\" class=\"aio-icon-box square_box-icon\" style=\"border-style:solid;border-width:1px;\" data-min-height='100px' ><div class=\"aio-icon-square_box\"><div class=\"ult-just-icon-wrapper  \"><div class=\"align-icon\" style=\"text-align:center;\">\n<div class=\"aio-icon square \"  style=\"color:#ffffff;background:#69b3e7;font-size:32px;display:inline-block;\">\n\t<i class=\"Defaults-globe\"><\/i>\n<\/div><\/div><\/div><\/div><div class=\"aio-icon-header\" ><h3 class=\"aio-icon-title ult-responsive\"  data-ultimate-target='#Info-box-wrap-4897 .aio-icon-title'  data-responsive-json-new='{\"font-size\":\"\",\"line-height\":\"\"}'  style=\"\">Kaynak\u00e7a Haz\u0131rlama Rehberi<\/h3><\/div> <!-- header --><\/div> <!-- aio-icon-box --><\/a><\/div> <!-- aio-icon-component -->[\/vc_column][vc_column width=&#8221;1\/2&#8243;]<div class=\"aio-icon-component    style_2\"><a class=\"aio-icon-box-link\" href=\"https:\/\/www.enka.k12.tr\/kocaeli\/wp-content\/uploads\/2023\/10\/Kitap-Liste.pdf\" target=\"_blank\" rel=\"noopener\" ><div id=\"Info-box-wrap-3010\" class=\"aio-icon-box square_box-icon\" style=\"border-style:solid;border-width:1px;\" data-min-height='100px' ><div class=\"aio-icon-square_box\"><div class=\"ult-just-icon-wrapper  \"><div class=\"align-icon\" style=\"text-align:center;\">\n<div class=\"aio-icon square \"  style=\"color:#ffffff;background:#69b3e7;font-size:32px;display:inline-block;\">\n\t<i class=\"Defaults-globe\"><\/i>\n<\/div><\/div><\/div><\/div><div class=\"aio-icon-header\" ><h3 class=\"aio-icon-title ult-responsive\"  data-ultimate-target='#Info-box-wrap-3010 .aio-icon-title'  data-responsive-json-new='{\"font-size\":\"\",\"line-height\":\"\"}'  style=\"\">Kitap Arama (CTRL + F Tu\u015funa Basarak Arama Yapabilirsiniz)<\/h3><\/div> <!-- header --><\/div> <!-- aio-icon-box --><\/a><\/div> <!-- aio-icon-component -->[\/vc_column][\/vc_row][vc_row][vc_column]<div class=\"ult-spacer spacer-69fa1dc9eb434\" data-id=\"69fa1dc9eb434\" data-height=\"20\" data-height-mobile=\"5\" data-height-tab=\"5\" data-height-tab-portrait=\"6\" data-height-mobile-landscape=\"5\" style=\"clear:both;display:block;\"><\/div>[vc_row_inner][vc_column_inner][\/vc_column_inner][\/vc_row_inner][vc_column_text]<span style=\"font-family: 'Roboto Condensed'; color: #003366;\"><strong><span style=\"font-size: 36pt;\">ELEKTRON\u0130K KAYNAKLAR<\/span><\/strong><\/span>[\/vc_column_text][\/vc_column][\/vc_row][vc_row][vc_column width=&#8221;1\/3&#8243;]<div class=\"aio-icon-component    style_2\"><a class=\"aio-icon-box-link\" href=\"https:\/\/www.tubitakdergileri.com.tr\/abone\/dergiAboneliklerim.htm\" ><div id=\"Info-box-wrap-6956\" class=\"aio-icon-box square_box-icon\" style=\"border-style:solid;border-width:1px;\" data-min-height='100px' ><div class=\"aio-icon-square_box\"><div class=\"ult-just-icon-wrapper  \"><div class=\"align-icon\" style=\"text-align:center;\">\n<div class=\"aio-icon square \"  style=\"color:#ffffff;background:#69b3e7;font-size:32px;display:inline-block;\">\n\t<i class=\"Defaults-globe\"><\/i>\n<\/div><\/div><\/div><\/div><div class=\"aio-icon-header\" ><h3 class=\"aio-icon-title ult-responsive\"  data-ultimate-target='#Info-box-wrap-6956 .aio-icon-title'  data-responsive-json-new='{\"font-size\":\"\",\"line-height\":\"\"}'  style=\"\">T\u00dcB\u0130TAK Bilim Dergileri Online Ar\u015fivi<\/h3><\/div> <!-- header --><\/div> <!-- aio-icon-box --><\/a><\/div> <!-- aio-icon-component -->[\/vc_column][vc_column width=&#8221;1\/3&#8243;]<div class=\"aio-icon-component    style_2\"><a class=\"aio-icon-box-link\" href=\"https:\/\/quest.eb.com\/storeschoolcard?id=gebseenka\" ><div id=\"Info-box-wrap-4586\" class=\"aio-icon-box square_box-icon\" style=\"border-style:solid;border-width:1px;\" data-min-height='100px' ><div class=\"aio-icon-square_box\"><div class=\"ult-just-icon-wrapper  \"><div class=\"align-icon\" style=\"text-align:center;\">\n<div class=\"aio-icon square \"  style=\"color:#ffffff;background:#69b3e7;font-size:32px;display:inline-block;\">\n\t<i class=\"Defaults-globe\"><\/i>\n<\/div><\/div><\/div><\/div><div class=\"aio-icon-header\" ><h3 class=\"aio-icon-title ult-responsive\"  data-ultimate-target='#Info-box-wrap-4586 .aio-icon-title'  data-responsive-json-new='{\"font-size\":\"\",\"line-height\":\"\"}'  style=\"\">Britannica ImageQuest<\/h3><\/div> <!-- header --><\/div> <!-- aio-icon-box --><\/a><\/div> <!-- aio-icon-component -->[\/vc_column][vc_column width=&#8221;1\/3&#8243;]<div class=\"aio-icon-component    style_2\"><a class=\"aio-icon-box-link\" href=\"https:\/\/school.eb.co.uk\/\" ><div id=\"Info-box-wrap-7161\" class=\"aio-icon-box square_box-icon\" style=\"border-style:solid;border-width:1px;\" data-min-height='100px' ><div class=\"aio-icon-square_box\"><div class=\"ult-just-icon-wrapper  \"><div class=\"align-icon\" style=\"text-align:center;\">\n<div class=\"aio-icon square \"  style=\"color:#ffffff;background:#69b3e7;font-size:32px;display:inline-block;\">\n\t<i class=\"Defaults-globe\"><\/i>\n<\/div><\/div><\/div><\/div><div class=\"aio-icon-header\" ><h3 class=\"aio-icon-title ult-responsive\"  data-ultimate-target='#Info-box-wrap-7161 .aio-icon-title'  data-responsive-json-new='{\"font-size\":\"\",\"line-height\":\"\"}'  style=\"\">Britannica School<\/h3><\/div> <!-- header --><\/div> <!-- aio-icon-box --><\/a><\/div> <!-- aio-icon-component -->[\/vc_column][\/vc_row][vc_row][vc_column width=&#8221;1\/3&#8243;]<div class=\"aio-icon-component    style_2\"><a class=\"aio-icon-box-link\" href=\"https:\/\/theday.co.uk\" ><div id=\"Info-box-wrap-6474\" class=\"aio-icon-box square_box-icon\" style=\"border-style:solid;border-width:1px;\" data-min-height='100px' ><div class=\"aio-icon-square_box\"><div class=\"ult-just-icon-wrapper  \"><div class=\"align-icon\" style=\"text-align:center;\">\n<div class=\"aio-icon square \"  style=\"color:#ffffff;background:#69b3e7;font-size:32px;display:inline-block;\">\n\t<i class=\"Defaults-globe\"><\/i>\n<\/div><\/div><\/div><\/div><div class=\"aio-icon-header\" ><h3 class=\"aio-icon-title ult-responsive\"  data-ultimate-target='#Info-box-wrap-6474 .aio-icon-title'  data-responsive-json-new='{\"font-size\":\"\",\"line-height\":\"\"}'  style=\"\">The Day<\/h3><\/div> <!-- header --><\/div> <!-- aio-icon-box --><\/a><\/div> <!-- aio-icon-component -->[\/vc_column][vc_column width=&#8221;1\/3&#8243;]<div class=\"aio-icon-component    style_2\"><a class=\"aio-icon-box-link\" href=\"http:\/\/www.eba.gov.tr\" ><div id=\"Info-box-wrap-7303\" class=\"aio-icon-box square_box-icon\" style=\"border-style:solid;border-width:1px;\" data-min-height='100px' ><div class=\"aio-icon-square_box\"><div class=\"ult-just-icon-wrapper  \"><div class=\"align-icon\" style=\"text-align:center;\">\n<div class=\"aio-icon square \"  style=\"color:#ffffff;background:#69b3e7;font-size:32px;display:inline-block;\">\n\t<i class=\"Defaults-globe\"><\/i>\n<\/div><\/div><\/div><\/div><div class=\"aio-icon-header\" ><h3 class=\"aio-icon-title ult-responsive\"  data-ultimate-target='#Info-box-wrap-7303 .aio-icon-title'  data-responsive-json-new='{\"font-size\":\"\",\"line-height\":\"\"}'  style=\"\">EBA<\/h3><\/div> <!-- header --><\/div> <!-- aio-icon-box --><\/a><\/div> <!-- aio-icon-component -->[\/vc_column][vc_column width=&#8221;1\/3&#8243;]<div class=\"aio-icon-component    style_2\"><a class=\"aio-icon-box-link\" href=\"https:\/\/tez.yok.gov.tr\/UlusalTezMerkezi\" ><div id=\"Info-box-wrap-9480\" class=\"aio-icon-box square_box-icon\" style=\"border-style:solid;border-width:1px;\" data-min-height='100px' ><div class=\"aio-icon-square_box\"><div class=\"ult-just-icon-wrapper  \"><div class=\"align-icon\" style=\"text-align:center;\">\n<div class=\"aio-icon square \"  style=\"color:#ffffff;background:#69b3e7;font-size:32px;display:inline-block;\">\n\t<i class=\"Defaults-globe\"><\/i>\n<\/div><\/div><\/div><\/div><div class=\"aio-icon-header\" ><h3 class=\"aio-icon-title ult-responsive\"  data-ultimate-target='#Info-box-wrap-9480 .aio-icon-title'  data-responsive-json-new='{\"font-size\":\"\",\"line-height\":\"\"}'  style=\"\">Y\u00d6K Ulusal Tez Merkezi<\/h3><\/div> <!-- header --><\/div> <!-- aio-icon-box --><\/a><\/div> <!-- aio-icon-component -->[\/vc_column][\/vc_row][vc_row][vc_column width=&#8221;1\/3&#8243;]<div class=\"aio-icon-component    style_2\"><a class=\"aio-icon-box-link\" href=\"https:\/\/www.edutopia.org\" ><div id=\"Info-box-wrap-2576\" class=\"aio-icon-box square_box-icon\" style=\"border-style:solid;border-width:1px;\" data-min-height='100px' ><div class=\"aio-icon-square_box\"><div class=\"ult-just-icon-wrapper  \"><div class=\"align-icon\" style=\"text-align:center;\">\n<div class=\"aio-icon square \"  style=\"color:#ffffff;background:#69b3e7;font-size:32px;display:inline-block;\">\n\t<i class=\"Defaults-globe\"><\/i>\n<\/div><\/div><\/div><\/div><div class=\"aio-icon-header\" ><h3 class=\"aio-icon-title ult-responsive\"  data-ultimate-target='#Info-box-wrap-2576 .aio-icon-title'  data-responsive-json-new='{\"font-size\":\"\",\"line-height\":\"\"}'  style=\"\">Edutopia<\/h3><\/div> <!-- header --><\/div> <!-- aio-icon-box --><\/a><\/div> <!-- aio-icon-component -->[\/vc_column][vc_column width=&#8221;1\/3&#8243;]<div class=\"aio-icon-component    style_2\"><a class=\"aio-icon-box-link\" href=\"https:\/\/scholar.google.com.tr\" ><div id=\"Info-box-wrap-9306\" class=\"aio-icon-box square_box-icon\" style=\"border-style:solid;border-width:1px;\" data-min-height='100px' ><div class=\"aio-icon-square_box\"><div class=\"ult-just-icon-wrapper  \"><div class=\"align-icon\" style=\"text-align:center;\">\n<div class=\"aio-icon square \"  style=\"color:#ffffff;background:#69b3e7;font-size:32px;display:inline-block;\">\n\t<i class=\"Defaults-globe\"><\/i>\n<\/div><\/div><\/div><\/div><div class=\"aio-icon-header\" ><h3 class=\"aio-icon-title ult-responsive\"  data-ultimate-target='#Info-box-wrap-9306 .aio-icon-title'  data-responsive-json-new='{\"font-size\":\"\",\"line-height\":\"\"}'  style=\"\">Google Akademik<\/h3><\/div> <!-- header --><\/div> <!-- aio-icon-box --><\/a><\/div> <!-- aio-icon-component -->[\/vc_column][vc_column width=&#8221;1\/3&#8243;]<div class=\"aio-icon-component    style_2\"><a class=\"aio-icon-box-link\" href=\"https:\/\/tr.khanacademy.org\" ><div id=\"Info-box-wrap-1133\" class=\"aio-icon-box square_box-icon\" style=\"border-style:solid;border-width:1px;\" data-min-height='100px' ><div class=\"aio-icon-square_box\"><div class=\"ult-just-icon-wrapper  \"><div class=\"align-icon\" style=\"text-align:center;\">\n<div class=\"aio-icon square \"  style=\"color:#ffffff;background:#69b3e7;font-size:32px;display:inline-block;\">\n\t<i class=\"Defaults-globe\"><\/i>\n<\/div><\/div><\/div><\/div><div class=\"aio-icon-header\" ><h3 class=\"aio-icon-title ult-responsive\"  data-ultimate-target='#Info-box-wrap-1133 .aio-icon-title'  data-responsive-json-new='{\"font-size\":\"\",\"line-height\":\"\"}'  style=\"\">Khan Akademi<\/h3><\/div> <!-- header --><\/div> <!-- aio-icon-box --><\/a><\/div> <!-- aio-icon-component -->[\/vc_column][\/vc_row][vc_row][vc_column]<div class=\"ult-spacer spacer-69fa1dc9eba4f\" data-id=\"69fa1dc9eba4f\" data-height=\"20\" data-height-mobile=\"5\" data-height-tab=\"5\" data-height-tab-portrait=\"6\" data-height-mobile-landscape=\"5\" style=\"clear:both;display:block;\"><\/div>[\/vc_column][\/vc_row][vc_row][vc_column][\/vc_column][\/vc_row]<\/p>\n<\/div>","protected":false},"excerpt":{"rendered":"<p>[vc_row][vc_column][\/vc_column][\/vc_row][vc_row padding_top=&#8221;30px&#8221; bg_type=&#8221;bg_color&#8221; bg_color_value=&#8221;#f5f5f5&#8243;][vc_column][\/vc_column][\/vc_row][vc_row padding_top=&#8221;30px&#8221; bg_type=&#8221;bg_color&#8221; bg_color_value=&#8221;#f5f5f5&#8243;][vc_column width=&#8221;2\/3&#8243;][vc_column_text]ENKA Teknik Okullar\u0131 K\u00fct\u00fcphanesi, \u00f6\u011frencilerimizin okuma, ara\u015ft\u0131rma ve \u00f6\u011frenme al\u0131\u015fkanl\u0131klar\u0131n\u0131 geli\u015ftirmek amac\u0131yla \u00e7a\u011fda\u015f k\u00fct\u00fcphanecilik anlay\u0131\u015f\u0131yla donat\u0131lm\u0131\u015ft\u0131r ve e\u011fitim-\u00f6\u011fretim program\u0131n\u0131 aktif olarak desteklemektedir. K\u00fct\u00fcphanemizin koleksiyonu, 15.000\u2019den fazla T\u00fcrk\u00e7e ve \u0130ngilizce bas\u0131l\u0131 eser, 19 s\u00fcreli yay\u0131n, g\u00f6rsel-i\u015fitsel materyaller ile ba\u015fvuru kaynaklar\u0131n\u0131 i\u00e7ermekte olup, \u00f6\u011frencilerin bireysel \u00e7al\u0131\u015fmalar\u0131, ara\u015ft\u0131rmalar\u0131 ve grup projeleri i\u00e7in s\u00fcrekli olarak g\u00fcncellenmektedir. Kaynaklar Dewey Onlu S\u0131n\u0131flama Sistemi\u2019ne g\u00f6re&#8230;<\/p>\n","protected":false},"author":4,"featured_media":878,"parent":632,"menu_order":6,"comment_status":"closed","ping_status":"closed","template":"","meta":{"_acf_changed":false,"inline_featured_image":false,"footnotes":""},"class_list":["post-637","page","type-page","status-publish","has-post-thumbnail","hentry","custom-post-type-entry"],"aioseo_notices":[],"acf":[],"_links":{"self":[{"href":"https:\/\/www.enka.k12.tr\/kocaeli\/wp-json\/wp\/v2\/pages\/637","targetHints":{"allow":["GET"]}}],"collection":[{"href":"https:\/\/www.enka.k12.tr\/kocaeli\/wp-json\/wp\/v2\/pages"}],"about":[{"href":"https:\/\/www.enka.k12.tr\/kocaeli\/wp-json\/wp\/v2\/types\/page"}],"author":[{"embeddable":true,"href":"https:\/\/www.enka.k12.tr\/kocaeli\/wp-json\/wp\/v2\/users\/4"}],"replies":[{"embeddable":true,"href":"https:\/\/www.enka.k12.tr\/kocaeli\/wp-json\/wp\/v2\/comments?post=637"}],"version-history":[{"count":9,"href":"https:\/\/www.enka.k12.tr\/kocaeli\/wp-json\/wp\/v2\/pages\/637\/revisions"}],"predecessor-version":[{"id":26966,"href":"https:\/\/www.enka.k12.tr\/kocaeli\/wp-json\/wp\/v2\/pages\/637\/revisions\/26966"}],"up":[{"embeddable":true,"href":"https:\/\/www.enka.k12.tr\/kocaeli\/wp-json\/wp\/v2\/pages\/632"}],"wp:featuredmedia":[{"embeddable":true,"href":"https:\/\/www.enka.k12.tr\/kocaeli\/wp-json\/wp\/v2\/media\/878"}],"wp:attachment":[{"href":"https:\/\/www.enka.k12.tr\/kocaeli\/wp-json\/wp\/v2\/media?parent=637"}],"curies":[{"name":"wp","href":"https:\/\/api.w.org\/{rel}","templated":true}]}}