{"id":638,"date":"2017-07-26T08:40:51","date_gmt":"2017-07-26T05:40:51","guid":{"rendered":"http:\/\/www.enka.com\/foundation\/schools\/gebze\/clubs\/"},"modified":"2026-03-14T13:50:13","modified_gmt":"2026-03-14T10:50:13","slug":"kulupler","status":"publish","type":"page","link":"https:\/\/www.enka.k12.tr\/kocaeli\/okulda-yasam\/kulupler\/","title":{"rendered":"KUL\u00dcPLER"},"content":{"rendered":"<div class=\"wpb-content-wrapper\"><p>[vc_row][vc_column]<div id=\"ultimate-heading-983469fa1dc99f8c6\" class=\"uvc-heading ult-adjust-bottom-margin ultimate-heading-983469fa1dc99f8c6 uvc-5558 \" data-hspacer=\"line_with_icon\" data-hline_width=\"auto\" data-hicon_type=\"custom\" data-hborder_style=\"solid\" data-hborder_height=\"3\" data-hborder_color=\"#69b3e7\" data-icon_width=\"200\" data-hfixer=\"30\"  data-halign=\"center\" style=\"text-align:center\"><div class=\"uvc-heading-spacer line_with_icon\" style=\"top\"><div class=\"ult-just-icon-wrapper  \"><div class=\"align-icon\" style=\"text-align:center;\">\n<div class=\"aio-icon-img \" style=\"font-size:200px;display:inline-block;\" >\n\t<img decoding=\"async\" class=\"img-icon\" alt=\"null\" src=\"https:\/\/www.enka.k12.tr\/kocaeli\/wp-content\/uploads\/2023\/12\/enka_schools_log_new.jpg\"\/>\n<\/div><\/div><\/div><\/div><\/div><div class=\"ult-spacer spacer-69fa1dc99f925\" data-id=\"69fa1dc99f925\" data-height=\"30\" data-height-mobile=\"10\" data-height-tab=\"20\" data-height-tab-portrait=\"\" data-height-mobile-landscape=\"\" style=\"clear:both;display:block;\"><\/div>[\/vc_column][\/vc_row][vc_row padding_top=&#8221;30px&#8221; bg_type=&#8221;bg_color&#8221; bg_color_value=&#8221;#f5f5f5&#8243;][vc_column]<div id=\"ultimate-heading-252769fa1dc99f96f\" class=\"uvc-heading ult-adjust-bottom-margin ultimate-heading-252769fa1dc99f96f uvc-2445 \" data-hspacer=\"no_spacer\"  data-halign=\"left\" style=\"text-align:left\"><div class=\"uvc-heading-spacer no_spacer\" style=\"top\"><\/div><div class=\"uvc-sub-heading ult-responsive\"  data-ultimate-target='.uvc-heading.ultimate-heading-252769fa1dc99f96f .uvc-sub-heading '  data-responsive-json-new='{\"font-size\":\"desktop:50px;tablet:48px;tablet_portrait:46px;mobile_landscape:44px;mobile:42px;\",\"line-height\":\"desktop:50px;tablet:48px;tablet_portrait:46px;mobile_landscape:44px;mobile:42px;\"}'  style=\"font-weight:bold;color:#000000;\"><span style=\"font-size: 36pt; color: #003366;\">KUL\u00dcPLER<\/span><\/div><\/div><div class=\"ult-spacer spacer-69fa1dc99f9ae\" data-id=\"69fa1dc99f9ae\" data-height=\"24\" data-height-mobile=\"24\" data-height-tab=\"24\" data-height-tab-portrait=\"\" data-height-mobile-landscape=\"\" style=\"clear:both;display:block;\"><\/div>[vc_column_text]Enka Teknik Okullar\u0131 olarak inand\u0131\u011f\u0131m\u0131z en \u00f6nemli de\u011ferlerden biri, \u00f6\u011frencilerimizin yaln\u0131zca akademik bilgiyle de\u011fil; ayn\u0131 zamanda sosyal, k\u00fclt\u00fcrel, sanatsal ve sportif y\u00f6nleriyle de geli\u015fmi\u015f bireyler olarak yeti\u015fmesidir.<\/p>\n<p>Bu kapsamda y\u00fcr\u00fct\u00fclen kul\u00fcp \u00e7al\u0131\u015fmalar\u0131; \u00f6\u011frencilerimize sorumluluk bilinci kazand\u0131rmay\u0131, ekip \u00e7al\u0131\u015fmas\u0131 ve i\u015f birli\u011fi becerilerini geli\u015ftirmeyi, ilgi ve yeteneklerini ke\u015ffetme imk\u00e2n\u0131 sunmay\u0131, \u00f6zg\u00fcven ve ileti\u015fim becerilerini g\u00fc\u00e7lendirmeyi, \u00fcretkenlik ile problem \u00e7\u00f6zme al\u0131\u015fkanl\u0131\u011f\u0131 edindirmeyi ve toplumsal duyarl\u0131l\u0131k konusunda fark\u0131ndal\u0131k olu\u015fturmay\u0131 hedeflemektedir.<\/p>\n<p>Her bir kul\u00fcb\u00fcn sundu\u011fu farkl\u0131 deneyimler, \u00f6\u011frencilerimizin \u00e7ok y\u00f6nl\u00fc geli\u015fimine katk\u0131 sa\u011flayarak onlar\u0131 hem okul hayat\u0131na hem de gelece\u011fe daha donan\u0131ml\u0131 ve bilin\u00e7li bireyler olarak haz\u0131rlayacakt\u0131r. \u00d6\u011frencilerimizin bu yolculukta edinecekleri kazan\u0131mlar\u0131n, hayatlar\u0131na kal\u0131c\u0131 de\u011ferler kataca\u011f\u0131na inan\u0131yoruz.[\/vc_column_text][\/vc_column][\/vc_row][vc_row padding_top=&#8221;30px&#8221; bg_type=&#8221;bg_color&#8221; bg_color_value=&#8221;#f5f5f5&#8243;][vc_column][vc_tta_accordion style=&#8221;outline&#8221; shape=&#8221;round&#8221; color=&#8221;sky&#8221; active_section=&#8221;0&#8243; collapsible_all=&#8221;true&#8221;][vc_tta_section title=&#8221;ALMAN D\u0130L\u0130 VE K\u00dcLT\u00dcR\u00dc KUL\u00dcB\u00dc&#8221; tab_id=&#8221;1537256408068-ae63c26d-db32&#8243;][vc_single_image image=&#8221;26549&#8243;]<div class=\"ult-spacer spacer-69fa1dc99f9d9\" data-id=\"69fa1dc99f9d9\" data-height=\"30\" data-height-mobile=\"\" data-height-tab=\"20\" data-height-tab-portrait=\"\" data-height-mobile-landscape=\"\" style=\"clear:both;display:block;\"><\/div>[\/vc_tta_section][vc_tta_section title=&#8221;AR-GE KUL\u00dcB\u00dc&#8221; tab_id=&#8221;1501857871614-7c5e49da-cc10&#8243;][vc_single_image image=&#8221;26550&#8243;]<div class=\"ult-spacer spacer-69fa1dc99fa1f\" data-id=\"69fa1dc99fa1f\" data-height=\"30\" data-height-mobile=\"\" data-height-tab=\"20\" data-height-tab-portrait=\"\" data-height-mobile-landscape=\"\" style=\"clear:both;display:block;\"><\/div>[\/vc_tta_section][vc_tta_section title=&#8221;B\u0130L\u0130M OL\u0130MP\u0130YATLARI KUL\u00dcB\u00dc&#8221; tab_id=&#8221;1501853485503-53c8b614-7388&#8243;][vc_single_image image=&#8221;26552&#8243;]<div class=\"ult-spacer spacer-69fa1dc99fa47\" data-id=\"69fa1dc99fa47\" data-height=\"30\" data-height-mobile=\"\" data-height-tab=\"20\" data-height-tab-portrait=\"\" data-height-mobile-landscape=\"\" style=\"clear:both;display:block;\"><\/div>[\/vc_tta_section][vc_tta_section title=&#8221;DE\u011eERLER VE YE\u015e\u0130L\u0130 KORUMA KUL\u00dcB\u00dc&#8221; tab_id=&#8221;1501855695569-82d44fd5-2614&#8243;][vc_single_image image=&#8221;26553&#8243;]<div class=\"ult-spacer spacer-69fa1dc99fa6c\" data-id=\"69fa1dc99fa6c\" data-height=\"30\" data-height-mobile=\"\" data-height-tab=\"20\" data-height-tab-portrait=\"\" data-height-mobile-landscape=\"\" style=\"clear:both;display:block;\"><\/div>[\/vc_tta_section][vc_tta_section title=&#8221;EKONOM\u0130 KUL\u00dcB\u00dc&#8221; tab_id=&#8221;1501855432510-e0a29777-cd64&#8243;][vc_single_image image=&#8221;26554&#8243;]<div class=\"ult-spacer spacer-69fa1dc99fa91\" data-id=\"69fa1dc99fa91\" data-height=\"30\" data-height-mobile=\"\" data-height-tab=\"20\" data-height-tab-portrait=\"\" data-height-mobile-landscape=\"\" style=\"clear:both;display:block;\"><\/div>[\/vc_tta_section][vc_tta_section title=&#8221;EKOSFER KUL\u00dcB\u00dc&#8221; tab_id=&#8221;1537268302565-8316baa4-1e0d&#8221;][vc_single_image image=&#8221;26555&#8243;]<div class=\"ult-spacer spacer-69fa1dc99fab5\" data-id=\"69fa1dc99fab5\" data-height=\"30\" data-height-mobile=\"\" data-height-tab=\"20\" data-height-tab-portrait=\"\" data-height-mobile-landscape=\"\" style=\"clear:both;display:block;\"><\/div>[\/vc_tta_section][vc_tta_section title=&#8221;ENKA RC (\u0130HA) KUL\u00dcB\u00dc&#8221; tab_id=&#8221;1508926211597-2f89738c-b956&#8243;]<div class=\"ult-spacer spacer-69fa1dc99fad8\" data-id=\"69fa1dc99fad8\" data-height=\"30\" data-height-mobile=\"\" data-height-tab=\"20\" data-height-tab-portrait=\"\" data-height-mobile-landscape=\"\" style=\"clear:both;display:block;\"><\/div>[vc_single_image image=&#8221;26556&#8243;][\/vc_tta_section][vc_tta_section title=&#8221;ETK\u0130NL\u0130K GEZ\u0130 G\u00d6ZLEM KUL\u00dcB\u00dc&#8221; tab_id=&#8221;1537272184032-fe7e4ca0-514f&#8221;][vc_single_image image=&#8221;26557&#8243;]<div class=\"ult-spacer spacer-69fa1dc99fafb\" data-id=\"69fa1dc99fafb\" data-height=\"30\" data-height-mobile=\"\" data-height-tab=\"20\" data-height-tab-portrait=\"\" data-height-mobile-landscape=\"\" style=\"clear:both;display:block;\"><\/div>[\/vc_tta_section][vc_tta_section title=&#8221;FRC KUL\u00dcB\u00dc&#8221; tab_id=&#8221;1537259603391-d0519698-8551&#8243;][vc_single_image image=&#8221;26558&#8243;]<div class=\"ult-spacer spacer-69fa1dc99fb1e\" data-id=\"69fa1dc99fb1e\" data-height=\"30\" data-height-mobile=\"\" data-height-tab=\"20\" data-height-tab-portrait=\"\" data-height-mobile-landscape=\"\" style=\"clear:both;display:block;\"><\/div>[\/vc_tta_section][vc_tta_section title=&#8221;\u0130NG\u0130L\u0130ZCE DRAMA eTW\u0130N\u0130NG KUL\u00dcB\u00dc&#8221; tab_id=&#8221;1770378531165-82c2c36c-0ccc&#8221;][vc_single_image image=&#8221;26559&#8243;]<div class=\"ult-spacer spacer-69fa1dc99fb41\" data-id=\"69fa1dc99fb41\" data-height=\"30\" data-height-mobile=\"\" data-height-tab=\"20\" data-height-tab-portrait=\"\" data-height-mobile-landscape=\"\" style=\"clear:both;display:block;\"><\/div>[\/vc_tta_section][vc_tta_section title=&#8221;LEGO KUL\u00dcB\u00dc&#8221; tab_id=&#8221;1770378530562-ffb93f72-fc07&#8243;][vc_single_image image=&#8221;26560&#8243;]<div class=\"ult-spacer spacer-69fa1dc99fb64\" data-id=\"69fa1dc99fb64\" data-height=\"30\" data-height-mobile=\"\" data-height-tab=\"20\" data-height-tab-portrait=\"\" data-height-mobile-landscape=\"\" style=\"clear:both;display:block;\"><\/div>[\/vc_tta_section][vc_tta_section title=&#8221;M\u00dcNAZARA KUL\u00dcB\u00dc&#8221; tab_id=&#8221;1770378530275-00bb2d10-5cb6&#8243;][vc_single_image image=&#8221;26561&#8243;]<div class=\"ult-spacer spacer-69fa1dc99fb87\" data-id=\"69fa1dc99fb87\" data-height=\"30\" data-height-mobile=\"\" data-height-tab=\"20\" data-height-tab-portrait=\"\" data-height-mobile-landscape=\"\" style=\"clear:both;display:block;\"><\/div>[\/vc_tta_section][vc_tta_section title=&#8221;MUZ\u0130K KUL\u00dcB\u00dc&#8221; tab_id=&#8221;1770378529770-70fab2d5-0697&#8243;][vc_single_image image=&#8221;26562&#8243;]<div class=\"ult-spacer spacer-69fa1dc99fbaa\" data-id=\"69fa1dc99fbaa\" data-height=\"30\" data-height-mobile=\"\" data-height-tab=\"20\" data-height-tab-portrait=\"\" data-height-mobile-landscape=\"\" style=\"clear:both;display:block;\"><\/div>[\/vc_tta_section][vc_tta_section title=&#8221;OKUMA KUL\u00dcB\u00dc&#8221; tab_id=&#8221;1770378674520-834193f4-49f3&#8243;][vc_single_image image=&#8221;26563&#8243;]<div class=\"ult-spacer spacer-69fa1dc99fbcc\" data-id=\"69fa1dc99fbcc\" data-height=\"30\" data-height-mobile=\"\" data-height-tab=\"20\" data-height-tab-portrait=\"\" data-height-mobile-landscape=\"\" style=\"clear:both;display:block;\"><\/div>[\/vc_tta_section][vc_tta_section title=&#8221;PROJE KUL\u00dcB\u00dc&#8221; tab_id=&#8221;1770378674352-bd7b1f5d-bd28&#8243;][vc_single_image image=&#8221;26564&#8243;]<div class=\"ult-spacer spacer-69fa1dc99fbee\" data-id=\"69fa1dc99fbee\" data-height=\"30\" data-height-mobile=\"\" data-height-tab=\"20\" data-height-tab-portrait=\"\" data-height-mobile-landscape=\"\" style=\"clear:both;display:block;\"><\/div>[\/vc_tta_section][vc_tta_section title=&#8221;RES\u0130M KUL\u00dcB\u00dc&#8221; tab_id=&#8221;1770378674176-8872c622-2213&#8243;][vc_single_image image=&#8221;26565&#8243;]<div class=\"ult-spacer spacer-69fa1dc99fc10\" data-id=\"69fa1dc99fc10\" data-height=\"30\" data-height-mobile=\"\" data-height-tab=\"20\" data-height-tab-portrait=\"\" data-height-mobile-landscape=\"\" style=\"clear:both;display:block;\"><\/div>[\/vc_tta_section][vc_tta_section title=&#8221;SPOR KUL\u00dcB\u00dc&#8221; tab_id=&#8221;1770378673999-8b6609da-1cd9&#8243;][vc_single_image image=&#8221;26566&#8243;]<div class=\"ult-spacer spacer-69fa1dc99fc32\" data-id=\"69fa1dc99fc32\" data-height=\"30\" data-height-mobile=\"\" data-height-tab=\"20\" data-height-tab-portrait=\"\" data-height-mobile-landscape=\"\" style=\"clear:both;display:block;\"><\/div>[\/vc_tta_section][vc_tta_section title=&#8221;S\u00dcRD\u00dcR\u00dcLEB\u0130L\u0130RL\u0130K KUL\u00dcB\u00dc&#8221; tab_id=&#8221;1770378673792-95d93b15-9c84&#8243;][vc_single_image image=&#8221;26567&#8243;]<div class=\"ult-spacer spacer-69fa1dc99fc54\" data-id=\"69fa1dc99fc54\" data-height=\"30\" data-height-mobile=\"\" data-height-tab=\"20\" data-height-tab-portrait=\"\" data-height-mobile-landscape=\"\" style=\"clear:both;display:block;\"><\/div>[\/vc_tta_section][vc_tta_section title=&#8221;TASARIM MAKER KUL\u00dcB\u00dc&#8221; tab_id=&#8221;1770378673186-8e340bca-952a&#8221;][vc_single_image image=&#8221;26568&#8243;]<div class=\"ult-spacer spacer-69fa1dc99fc75\" data-id=\"69fa1dc99fc75\" data-height=\"30\" data-height-mobile=\"\" data-height-tab=\"20\" data-height-tab-portrait=\"\" data-height-mobile-landscape=\"\" style=\"clear:both;display:block;\"><\/div>[\/vc_tta_section][vc_tta_section title=&#8221;TEN\u0130S KUL\u00dcB\u00dc&#8221; tab_id=&#8221;1770378528888-195fd671-01a6&#8243;][vc_single_image image=&#8221;26569&#8243;]<div class=\"ult-spacer spacer-69fa1dc99fc96\" data-id=\"69fa1dc99fc96\" data-height=\"30\" data-height-mobile=\"\" data-height-tab=\"20\" data-height-tab-portrait=\"\" data-height-mobile-landscape=\"\" style=\"clear:both;display:block;\"><\/div>[\/vc_tta_section][vc_tta_section title=&#8221;T\u0130YATRO KUL\u00dcB\u00dc&#8221; tab_id=&#8221;1770378891532-ff8f46cc-fd70&#8243;][vc_single_image image=&#8221;26570&#8243;]<div class=\"ult-spacer spacer-69fa1dc99fcb8\" data-id=\"69fa1dc99fcb8\" data-height=\"30\" data-height-mobile=\"\" data-height-tab=\"20\" data-height-tab-portrait=\"\" data-height-mobile-landscape=\"\" style=\"clear:both;display:block;\"><\/div>[\/vc_tta_section][vc_tta_section title=&#8221;YAYIN EDEB\u0130YAT KUL\u00dcB\u00dc&#8221; tab_id=&#8221;1770378890695-cabc3dfa-830d&#8221;][vc_single_image image=&#8221;26571&#8243;]<div class=\"ult-spacer spacer-69fa1dc99fcd9\" data-id=\"69fa1dc99fcd9\" data-height=\"30\" data-height-mobile=\"\" data-height-tab=\"20\" data-height-tab-portrait=\"\" data-height-mobile-landscape=\"\" style=\"clear:both;display:block;\"><\/div>[\/vc_tta_section][\/vc_tta_accordion][\/vc_column][\/vc_row]<\/p>\n<\/div>","protected":false},"excerpt":{"rendered":"<p>[vc_row][vc_column][\/vc_column][\/vc_row][vc_row padding_top=&#8221;30px&#8221; bg_type=&#8221;bg_color&#8221; bg_color_value=&#8221;#f5f5f5&#8243;][vc_column][vc_column_text]Enka Teknik Okullar\u0131 olarak inand\u0131\u011f\u0131m\u0131z en \u00f6nemli de\u011ferlerden biri, \u00f6\u011frencilerimizin yaln\u0131zca akademik bilgiyle de\u011fil; ayn\u0131 zamanda sosyal, k\u00fclt\u00fcrel, sanatsal ve sportif y\u00f6nleriyle de geli\u015fmi\u015f bireyler olarak yeti\u015fmesidir. Bu kapsamda y\u00fcr\u00fct\u00fclen kul\u00fcp \u00e7al\u0131\u015fmalar\u0131; \u00f6\u011frencilerimize sorumluluk bilinci kazand\u0131rmay\u0131, ekip \u00e7al\u0131\u015fmas\u0131 ve i\u015f birli\u011fi becerilerini geli\u015ftirmeyi, ilgi ve yeteneklerini ke\u015ffetme imk\u00e2n\u0131 sunmay\u0131, \u00f6zg\u00fcven ve ileti\u015fim becerilerini g\u00fc\u00e7lendirmeyi, \u00fcretkenlik ile problem \u00e7\u00f6zme al\u0131\u015fkanl\u0131\u011f\u0131 edindirmeyi ve toplumsal&#8230;<\/p>\n","protected":false},"author":4,"featured_media":822,"parent":632,"menu_order":7,"comment_status":"closed","ping_status":"closed","template":"","meta":{"_acf_changed":false,"inline_featured_image":false,"footnotes":""},"class_list":["post-638","page","type-page","status-publish","has-post-thumbnail","hentry","custom-post-type-entry"],"aioseo_notices":[],"acf":[],"_links":{"self":[{"href":"https:\/\/www.enka.k12.tr\/kocaeli\/wp-json\/wp\/v2\/pages\/638","targetHints":{"allow":["GET"]}}],"collection":[{"href":"https:\/\/www.enka.k12.tr\/kocaeli\/wp-json\/wp\/v2\/pages"}],"about":[{"href":"https:\/\/www.enka.k12.tr\/kocaeli\/wp-json\/wp\/v2\/types\/page"}],"author":[{"embeddable":true,"href":"https:\/\/www.enka.k12.tr\/kocaeli\/wp-json\/wp\/v2\/users\/4"}],"replies":[{"embeddable":true,"href":"https:\/\/www.enka.k12.tr\/kocaeli\/wp-json\/wp\/v2\/comments?post=638"}],"version-history":[{"count":5,"href":"https:\/\/www.enka.k12.tr\/kocaeli\/wp-json\/wp\/v2\/pages\/638\/revisions"}],"predecessor-version":[{"id":26949,"href":"https:\/\/www.enka.k12.tr\/kocaeli\/wp-json\/wp\/v2\/pages\/638\/revisions\/26949"}],"up":[{"embeddable":true,"href":"https:\/\/www.enka.k12.tr\/kocaeli\/wp-json\/wp\/v2\/pages\/632"}],"wp:featuredmedia":[{"embeddable":true,"href":"https:\/\/www.enka.k12.tr\/kocaeli\/wp-json\/wp\/v2\/media\/822"}],"wp:attachment":[{"href":"https:\/\/www.enka.k12.tr\/kocaeli\/wp-json\/wp\/v2\/media?parent=638"}],"curies":[{"name":"wp","href":"https:\/\/api.w.org\/{rel}","templated":true}]}}