{"id":655,"date":"2017-07-26T08:42:39","date_gmt":"2017-07-26T05:42:39","guid":{"rendered":"http:\/\/www.enka.com\/foundation\/schools\/gebze\/publications\/"},"modified":"2026-03-14T13:45:41","modified_gmt":"2026-03-14T10:45:41","slug":"okul-dergileri","status":"publish","type":"page","link":"https:\/\/www.enka.k12.tr\/kocaeli\/okulda-yasam\/okul-dergileri\/","title":{"rendered":"OKUL DERG\u0130LER\u0130"},"content":{"rendered":"<div class=\"wpb-content-wrapper\"><p>[vc_row][vc_column]<div id=\"ultimate-heading-494869e1509d7282f\" class=\"uvc-heading ult-adjust-bottom-margin ultimate-heading-494869e1509d7282f uvc-2433 \" data-hspacer=\"line_with_icon\" data-hline_width=\"auto\" data-hicon_type=\"custom\" data-hborder_style=\"solid\" data-hborder_height=\"3\" data-hborder_color=\"#69b3e7\" data-icon_width=\"200\" data-hfixer=\"30\"  data-halign=\"center\" style=\"text-align:center\"><div class=\"uvc-heading-spacer line_with_icon\" style=\"top\"><div class=\"ult-just-icon-wrapper  \"><div class=\"align-icon\" style=\"text-align:center;\">\n<div class=\"aio-icon-img \" style=\"font-size:200px;display:inline-block;\" >\n\t<img decoding=\"async\" class=\"img-icon\" alt=\"null\" src=\"https:\/\/www.enka.k12.tr\/kocaeli\/wp-content\/uploads\/2023\/12\/enka_schools_log_new.jpg\"\/>\n<\/div><\/div><\/div><\/div><\/div><div class=\"ult-spacer spacer-69e1509d7288d\" data-id=\"69e1509d7288d\" data-height=\"30\" data-height-mobile=\"10\" data-height-tab=\"20\" data-height-tab-portrait=\"\" data-height-mobile-landscape=\"\" style=\"clear:both;display:block;\"><\/div>[\/vc_column][\/vc_row][vc_row padding_top=&#8221;30px&#8221; bg_type=&#8221;bg_color&#8221; bg_color_value=&#8221;#f5f5f5&#8243;][vc_column]<div id=\"ultimate-heading-781769e1509d728fb\" class=\"uvc-heading ult-adjust-bottom-margin ultimate-heading-781769e1509d728fb uvc-2006 \" data-hspacer=\"no_spacer\"  data-halign=\"left\" style=\"text-align:left\"><div class=\"uvc-heading-spacer no_spacer\" style=\"top\"><\/div><div class=\"uvc-sub-heading ult-responsive\"  data-ultimate-target='.uvc-heading.ultimate-heading-781769e1509d728fb .uvc-sub-heading '  data-responsive-json-new='{\"font-size\":\"desktop:50px;tablet:48px;tablet_portrait:46px;mobile_landscape:44px;mobile:42px;\",\"line-height\":\"desktop:50px;tablet:48px;tablet_portrait:46px;mobile_landscape:44px;mobile:42px;\"}'  style=\"font-weight:bold;color:#000000;\"><span style=\"color: #003366; font-size: 24pt;\">OKUL DERG\u0130LER\u0130<\/span><\/div><\/div>[\/vc_column][\/vc_row][vc_row padding_top=&#8221;30px&#8221; bg_type=&#8221;bg_color&#8221; bg_color_value=&#8221;#f5f5f5&#8243;][vc_column][vc_column_text]Okulumuzda her y\u0131l \u00f6\u011frencilerin \u00e7al\u0131\u015fmalar\u0131yla \u201cENKA\u2019n\u0131n Sesi\u201d dergisi yay\u0131nlan\u0131r. K\u00fclt\u00fcr-Edebiyat kul\u00fcb\u00fc \u00f6\u011frencilerinin \u00e7al\u0131\u015fmalar\u0131n\u0131n yo\u011fun oldu\u011fu dergi kul\u00fcp d\u0131\u015f\u0131ndan \u00f6\u011frenci \u00fcr\u00fcnlerine de a\u00e7\u0131kt\u0131r.<\/p>\n<p>Her say\u0131da \u00f6nceden belirlenen konu ve \u015fahsiyetler i\u015flendi\u011fi gibi \u00f6\u011frencilerin y\u0131l i\u00e7inde derslerde yazd\u0131\u011f\u0131 serbest yaz\u0131lardan da uygun bulunanlar dergide yer al\u0131r. Dergiyi e\u011flenceli ve ilgi \u00e7ekici hale getirmek i\u00e7in \u00f6\u011fretmen ve \u00f6\u011frencilerle ilgili ilgin\u00e7 anekdotlar ara\u015ft\u0131rmac\u0131 gazeteci aday\u0131 kul\u00fcp \u00f6\u011frencileri taraf\u0131ndan bulunarak dergide yerle\u015ftirilir.<\/p>\n<p>\u00d6\u011frenci yaz\u0131lar\u0131n\u0131n yan\u0131 s\u0131ra okulda yap\u0131lan faaliyetler, kat\u0131ld\u0131\u011f\u0131m\u0131z yar\u0131\u015fma ve projelerle ilgili bilgiler de dergimizin bir par\u00e7as\u0131d\u0131r.[\/vc_column_text]<div class=\"ult-spacer spacer-69e1509d72942\" data-id=\"69e1509d72942\" data-height=\"24\" data-height-mobile=\"24\" data-height-tab=\"24\" data-height-tab-portrait=\"\" data-height-mobile-landscape=\"\" style=\"clear:both;display:block;\"><\/div>[\/vc_column][\/vc_row][vc_row][vc_column width=&#8221;1\/2&#8243;]<div class=\"ult-spacer spacer-69e1509d7296e\" data-id=\"69e1509d7296e\" data-height=\"24\" data-height-mobile=\"24\" data-height-tab=\"24\" data-height-tab-portrait=\"\" data-height-mobile-landscape=\"\" style=\"clear:both;display:block;\"><\/div>[vc_custom_heading text=&#8221;OCAK 2026, SAYI: 21&#8243; use_theme_fonts=&#8221;yes&#8221; css=&#8221;&#8221;][vc_column_text]<div class=\"_df_book df-container df-loading \" id=\"df_26451\"  wpoptions=\"true\" ><\/div><script data-cfasync=\"false\">var option_df_26451 = {\"outline\":[],\"forceFit\":\"true\",\"autoEnableOutline\":\"false\",\"autoEnableThumbnail\":\"false\",\"overwritePDFOutline\":\"false\",\"direction\":\"1\",\"pageMode\":\"0\",\"source\":\"https:\\\/\\\/www.enka.k12.tr\\\/kocaeli\\\/wp-content\\\/uploads\\\/2026\\\/01\\\/2026-OCAK-revize-2.pdf\",\"wpOptions\":\"true\"}; if(window.DFLIP && DFLIP.parseBooks){DFLIP.parseBooks();}<\/script>[\/vc_column_text][\/vc_column][\/vc_row][vc_row][vc_column width=&#8221;1\/2&#8243;]<div class=\"ult-spacer spacer-69e1509d72c7e\" data-id=\"69e1509d72c7e\" data-height=\"24\" data-height-mobile=\"24\" data-height-tab=\"24\" data-height-tab-portrait=\"\" data-height-mobile-landscape=\"\" style=\"clear:both;display:block;\"><\/div>[vc_custom_heading text=&#8221;MAYIS 2025, SAYI: 20&#8243; use_theme_fonts=&#8221;yes&#8221; css=&#8221;&#8221;][vc_column_text]<div class=\"_df_book df-container df-loading \" id=\"df_23918\"  wpoptions=\"true\" ><\/div><script data-cfasync=\"false\">var option_df_23918 = {\"outline\":[],\"forceFit\":\"true\",\"autoEnableOutline\":\"false\",\"autoEnableThumbnail\":\"false\",\"overwritePDFOutline\":\"false\",\"direction\":\"1\",\"pageMode\":\"0\",\"source\":\"https:\\\/\\\/www.enka.k12.tr\\\/kocaeli\\\/wp-content\\\/uploads\\\/2025\\\/06\\\/Mayis-2025.pdf\",\"wpOptions\":\"true\"}; if(window.DFLIP && DFLIP.parseBooks){DFLIP.parseBooks();}<\/script>[\/vc_column_text][\/vc_column][vc_column width=&#8221;1\/2&#8243;]<div class=\"ult-spacer spacer-69e1509d72eb7\" data-id=\"69e1509d72eb7\" data-height=\"24\" data-height-mobile=\"24\" data-height-tab=\"24\" data-height-tab-portrait=\"\" data-height-mobile-landscape=\"\" style=\"clear:both;display:block;\"><\/div>[vc_custom_heading text=&#8221;OCAK 2025, SAYI: 19&#8243; use_theme_fonts=&#8221;yes&#8221; css=&#8221;&#8221;][vc_column_text]<div class=\"_df_book df-container df-loading \" id=\"df_23029\"  wpoptions=\"true\" ><\/div><script data-cfasync=\"false\">var option_df_23029 = {\"outline\":[],\"forceFit\":\"true\",\"autoEnableOutline\":\"false\",\"autoEnableThumbnail\":\"false\",\"overwritePDFOutline\":\"false\",\"direction\":\"1\",\"pageMode\":\"0\",\"source\":\"https:\\\/\\\/www.enka.k12.tr\\\/kocaeli\\\/wp-content\\\/uploads\\\/2025\\\/01\\\/2025-Ocak-dergi.pdf\",\"wpOptions\":\"true\"}; if(window.DFLIP && DFLIP.parseBooks){DFLIP.parseBooks();}<\/script>[\/vc_column_text][\/vc_column][\/vc_row][vc_row][vc_column width=&#8221;1\/2&#8243;]<div class=\"ult-spacer spacer-69e1509d730e4\" data-id=\"69e1509d730e4\" data-height=\"24\" data-height-mobile=\"24\" data-height-tab=\"24\" data-height-tab-portrait=\"\" data-height-mobile-landscape=\"\" style=\"clear:both;display:block;\"><\/div>[vc_custom_heading text=&#8221;MAYIS 2024, SAYI: 18&#8243; use_theme_fonts=&#8221;yes&#8221; css=&#8221;&#8221;][vc_column_text]<div class=\"_df_book df-container df-loading \" id=\"df_23030\"  wpoptions=\"true\" ><\/div><script data-cfasync=\"false\">var option_df_23030 = {\"outline\":[],\"forceFit\":\"true\",\"autoEnableOutline\":\"false\",\"autoEnableThumbnail\":\"false\",\"overwritePDFOutline\":\"false\",\"direction\":\"1\",\"pageMode\":\"0\",\"source\":\"https:\\\/\\\/www.enka.k12.tr\\\/kocaeli\\\/wp-content\\\/uploads\\\/2025\\\/01\\\/2024-Mayis-dergi.pdf\",\"wpOptions\":\"true\"}; if(window.DFLIP && DFLIP.parseBooks){DFLIP.parseBooks();}<\/script>[\/vc_column_text][\/vc_column][vc_column width=&#8221;1\/2&#8243;]<div class=\"ult-spacer spacer-69e1509d73319\" data-id=\"69e1509d73319\" data-height=\"24\" data-height-mobile=\"24\" data-height-tab=\"24\" data-height-tab-portrait=\"\" data-height-mobile-landscape=\"\" style=\"clear:both;display:block;\"><\/div>[vc_custom_heading text=&#8221;OCAK 2024, SAYI: 17&#8243; use_theme_fonts=&#8221;yes&#8221;][vc_column_text]<div class=\"_df_book df-container df-loading \" id=\"df_22142\"  wpoptions=\"true\" ><\/div><script data-cfasync=\"false\">var option_df_22142 = {\"outline\":[],\"forceFit\":\"true\",\"autoEnableOutline\":\"false\",\"autoEnableThumbnail\":\"false\",\"overwritePDFOutline\":\"false\",\"direction\":\"1\",\"pageMode\":\"0\",\"source\":\"https:\\\/\\\/www.enka.k12.tr\\\/kocaeli\\\/wp-content\\\/uploads\\\/2023\\\/12\\\/2024-Ocak-sayisi.pdf\",\"wpOptions\":\"true\"}; if(window.DFLIP && DFLIP.parseBooks){DFLIP.parseBooks();}<\/script>[\/vc_column_text][\/vc_column][\/vc_row][vc_row][vc_column width=&#8221;1\/2&#8243;]<div class=\"ult-spacer spacer-69e1509d7352d\" data-id=\"69e1509d7352d\" data-height=\"24\" data-height-mobile=\"24\" data-height-tab=\"24\" data-height-tab-portrait=\"\" data-height-mobile-landscape=\"\" style=\"clear:both;display:block;\"><\/div>[vc_custom_heading text=&#8221;MAYIS 2023, SAYI: 16&#8243; use_theme_fonts=&#8221;yes&#8221;][vc_column_text]<div class=\"_df_book df-container df-loading \" id=\"df_22153\"  wpoptions=\"true\" ><\/div><script data-cfasync=\"false\">var option_df_22153 = {\"outline\":[],\"forceFit\":\"true\",\"autoEnableOutline\":\"false\",\"autoEnableThumbnail\":\"false\",\"overwritePDFOutline\":\"false\",\"direction\":\"1\",\"pageMode\":\"0\",\"source\":\"https:\\\/\\\/www.enka.k12.tr\\\/kocaeli\\\/wp-content\\\/uploads\\\/2023\\\/12\\\/2023-MAYIS.pdf\",\"wpOptions\":\"true\"}; if(window.DFLIP && DFLIP.parseBooks){DFLIP.parseBooks();}<\/script>[\/vc_column_text][\/vc_column][vc_column width=&#8221;1\/2&#8243;]<div class=\"ult-spacer spacer-69e1509d73743\" data-id=\"69e1509d73743\" data-height=\"24\" data-height-mobile=\"24\" data-height-tab=\"24\" data-height-tab-portrait=\"\" data-height-mobile-landscape=\"\" style=\"clear:both;display:block;\"><\/div>[vc_custom_heading text=&#8221;OCAK 2023, SAYI: 15&#8243; use_theme_fonts=&#8221;yes&#8221;][vc_column_text]<div class=\"_df_book df-container df-loading \" id=\"df_21160\"  wpoptions=\"true\" ><\/div><script data-cfasync=\"false\">var option_df_21160 = {\"outline\":[],\"forceFit\":\"true\",\"autoEnableOutline\":\"false\",\"autoEnableThumbnail\":\"false\",\"overwritePDFOutline\":\"false\",\"direction\":\"1\",\"pageMode\":\"0\",\"source\":\"https:\\\/\\\/www.enka.k12.tr\\\/kocaeli\\\/wp-content\\\/uploads\\\/2023\\\/01\\\/2023-OCAK-Revize-2.pdf\",\"wpOptions\":\"true\"}; if(window.DFLIP && DFLIP.parseBooks){DFLIP.parseBooks();}<\/script>[\/vc_column_text][\/vc_column][\/vc_row][vc_row][vc_column width=&#8221;1\/2&#8243;]<div class=\"ult-spacer spacer-69e1509d7396c\" data-id=\"69e1509d7396c\" data-height=\"24\" data-height-mobile=\"24\" data-height-tab=\"24\" data-height-tab-portrait=\"\" data-height-mobile-landscape=\"\" style=\"clear:both;display:block;\"><\/div>[vc_custom_heading text=&#8221;MAYIS 2022, SAYI: 14&#8243; use_theme_fonts=&#8221;yes&#8221;][vc_column_text]<div class=\"_df_book df-container df-loading \" id=\"df_20670\"  wpoptions=\"true\" ><\/div><script data-cfasync=\"false\">var option_df_20670 = {\"outline\":[],\"forceFit\":\"true\",\"autoEnableOutline\":\"false\",\"autoEnableThumbnail\":\"false\",\"overwritePDFOutline\":\"false\",\"direction\":\"1\",\"pageMode\":\"0\",\"source\":\"https:\\\/\\\/www.enka.k12.tr\\\/kocaeli\\\/wp-content\\\/uploads\\\/2022\\\/05\\\/2022-MAYIS.pdf\",\"wpOptions\":\"true\"}; if(window.DFLIP && DFLIP.parseBooks){DFLIP.parseBooks();}<\/script>[\/vc_column_text][\/vc_column][vc_column width=&#8221;1\/2&#8243;]<div class=\"ult-spacer spacer-69e1509d73ba5\" data-id=\"69e1509d73ba5\" data-height=\"24\" data-height-mobile=\"24\" data-height-tab=\"24\" data-height-tab-portrait=\"\" data-height-mobile-landscape=\"\" style=\"clear:both;display:block;\"><\/div>[vc_custom_heading text=&#8221;OCAK 2022, SAYI: 13&#8243; use_theme_fonts=&#8221;yes&#8221;][vc_column_text]<div class=\"_df_book df-container df-loading \" id=\"df_20370\"  wpoptions=\"true\" thumb=\"https:\/\/www.enka.k12.tr\/kocaeli\/wp-content\/uploads\/2022\/01\/dergi-13.png\" ><\/div><script data-cfasync=\"false\">var option_df_20370 = {\"outline\":[],\"forceFit\":\"true\",\"autoEnableOutline\":\"false\",\"autoEnableThumbnail\":\"false\",\"overwritePDFOutline\":\"false\",\"direction\":\"1\",\"pageMode\":\"0\",\"source\":\"https:\\\/\\\/www.enka.k12.tr\\\/kocaeli\\\/wp-content\\\/uploads\\\/2022\\\/01\\\/2022-OCAK-1.pdf\",\"wpOptions\":\"true\"}; if(window.DFLIP && DFLIP.parseBooks){DFLIP.parseBooks();}<\/script>[\/vc_column_text][\/vc_column][\/vc_row][vc_row][vc_column width=&#8221;1\/2&#8243;]<div class=\"ult-spacer spacer-69e1509d73ddd\" data-id=\"69e1509d73ddd\" data-height=\"24\" data-height-mobile=\"24\" data-height-tab=\"24\" data-height-tab-portrait=\"\" data-height-mobile-landscape=\"\" style=\"clear:both;display:block;\"><\/div>[vc_custom_heading text=&#8221;MAYIS 2021, SAYI: 12&#8243; use_theme_fonts=&#8221;yes&#8221; css=&#8221;&#8221;][vc_column_text]<div class=\"_df_book df-container df-loading \" id=\"df_19690\"  wpoptions=\"true\" ><\/div><script data-cfasync=\"false\">var option_df_19690 = {\"outline\":[],\"forceFit\":\"true\",\"autoEnableOutline\":\"false\",\"autoEnableThumbnail\":\"false\",\"overwritePDFOutline\":\"false\",\"direction\":\"1\",\"pageMode\":\"0\",\"source\":\"https:\\\/\\\/www.enka.k12.tr\\\/kocaeli\\\/wp-content\\\/uploads\\\/2021\\\/04\\\/Enkanin_Sesi_Mayis_2021_Sayi_12.pdf\",\"wpOptions\":\"true\"}; if(window.DFLIP && DFLIP.parseBooks){DFLIP.parseBooks();}<\/script>[\/vc_column_text][\/vc_column][vc_column width=&#8221;1\/2&#8243;]<div class=\"ult-spacer spacer-69e1509d7400f\" data-id=\"69e1509d7400f\" data-height=\"24\" data-height-mobile=\"24\" data-height-tab=\"24\" data-height-tab-portrait=\"\" data-height-mobile-landscape=\"\" style=\"clear:both;display:block;\"><\/div>[vc_custom_heading text=&#8221;OCAK 2021, SAYI: 11&#8243; use_theme_fonts=&#8221;yes&#8221;][vc_column_text]<div class=\"_df_book df-container df-loading \" id=\"df_19193\"  wpoptions=\"true\" thumb=\"https:\/\/www.enka.k12.tr\/kocaeli\/wp-content\/uploads\/2020\/12\/Enkanin_Sesi_Ocak_2021_Sayi_11_Kapak.png\" ><\/div><script data-cfasync=\"false\">var option_df_19193 = {\"webgl\":\"false\",\"outline\":[],\"height\":\"500\",\"forceFit\":\"true\",\"autoEnableOutline\":\"false\",\"autoEnableThumbnail\":\"false\",\"overwritePDFOutline\":\"false\",\"direction\":\"1\",\"pageMode\":\"0\",\"singlePageMode\":\"2\",\"source\":\"https:\\\/\\\/www.enka.k12.tr\\\/kocaeli\\\/wp-content\\\/uploads\\\/2020\\\/12\\\/Enkanin_Sesi_Ocak_2021_Sayi_11_Rev-21.12.2020.pdf\",\"wpOptions\":\"true\"}; if(window.DFLIP && DFLIP.parseBooks){DFLIP.parseBooks();}<\/script><\/p>\n<div id=\"gtx-trans\" style=\"position: absolute; left: -170px; top: -10px;\">\n<div class=\"gtx-trans-icon\"><\/div>\n<\/div>\n<p><span style=\"vertical-align: inherit;\"><span style=\"vertical-align: inherit;\">[\/vc_column_text][\/vc_column][\/vc_row][vc_row][vc_column width=&#8221;1\/2&#8243;]<div class=\"ult-spacer spacer-69e1509d7423b\" data-id=\"69e1509d7423b\" data-height=\"24\" data-height-mobile=\"24\" data-height-tab=\"24\" data-height-tab-portrait=\"\" data-height-mobile-landscape=\"\" style=\"clear:both;display:block;\"><\/div>[vc_custom_heading text=&#8221;NISAN 2020, SAYI: 10&#8243; use_theme_fonts=&#8221;yes&#8221;][vc_column_text]<div class=\"_df_book df-container df-loading \" id=\"df_17627\"  wpoptions=\"true\" ><\/div><script data-cfasync=\"false\">var option_df_17627 = {\"webgl\":\"false\",\"outline\":[],\"height\":\"500\",\"forceFit\":\"true\",\"autoEnableOutline\":\"false\",\"autoEnableThumbnail\":\"false\",\"overwritePDFOutline\":\"false\",\"direction\":\"1\",\"pageMode\":\"0\",\"singlePageMode\":\"2\",\"source\":\"https:\\\/\\\/www.enka.k12.tr\\\/kocaeli\\\/wp-content\\\/uploads\\\/2020\\\/05\\\/Dergi-May\\u0131s-2020.pdf\",\"wpOptions\":\"true\"}; if(window.DFLIP && DFLIP.parseBooks){DFLIP.parseBooks();}<\/script>[\/vc_column_text][\/vc_column][vc_column width=&#8221;1\/2&#8243;]<div class=\"ult-spacer spacer-69e1509d7446c\" data-id=\"69e1509d7446c\" data-height=\"24\" data-height-mobile=\"24\" data-height-tab=\"24\" data-height-tab-portrait=\"\" data-height-mobile-landscape=\"\" style=\"clear:both;display:block;\"><\/div>[vc_custom_heading text=&#8221;OCAK 2020, SAYI: 9&#8243; use_theme_fonts=&#8221;yes&#8221;][vc_column_text]<div class=\"_df_book df-container df-loading \" id=\"df_18558\"  wpoptions=\"true\" ><\/div><script data-cfasync=\"false\">var option_df_18558 = {\"webgl\":\"false\",\"outline\":[],\"height\":\"500\",\"forceFit\":\"true\",\"autoEnableOutline\":\"false\",\"autoEnableThumbnail\":\"false\",\"overwritePDFOutline\":\"false\",\"direction\":\"1\",\"pageMode\":\"0\",\"singlePageMode\":\"2\",\"source\":\"https:\\\/\\\/www.enka.k12.tr\\\/kocaeli\\\/wp-content\\\/uploads\\\/2020\\\/09\\\/Ocak-2020.pdf\",\"wpOptions\":\"true\"}; if(window.DFLIP && DFLIP.parseBooks){DFLIP.parseBooks();}<\/script>[\/vc_column_text][\/vc_column][\/vc_row][vc_row][vc_column width=&#8221;1\/2&#8243;]<div class=\"ult-spacer spacer-69e1509d74699\" data-id=\"69e1509d74699\" data-height=\"24\" data-height-mobile=\"24\" data-height-tab=\"24\" data-height-tab-portrait=\"\" data-height-mobile-landscape=\"\" style=\"clear:both;display:block;\"><\/div>[vc_custom_heading text=&#8221;N\u0130SAN 2019, SAYI: 8&#8243; use_theme_fonts=&#8221;yes&#8221;][vc_column_text]<div class=\"_df_book df-container df-loading \" id=\"df_18557\"  wpoptions=\"true\" ><\/div><script data-cfasync=\"false\">var option_df_18557 = {\"webgl\":\"false\",\"outline\":[],\"height\":\"500\",\"forceFit\":\"true\",\"autoEnableOutline\":\"false\",\"autoEnableThumbnail\":\"false\",\"overwritePDFOutline\":\"false\",\"direction\":\"1\",\"pageMode\":\"0\",\"singlePageMode\":\"2\",\"source\":\"https:\\\/\\\/www.enka.k12.tr\\\/kocaeli\\\/wp-content\\\/uploads\\\/2020\\\/09\\\/Nisan-2019.pdf\",\"wpOptions\":\"true\"}; if(window.DFLIP && DFLIP.parseBooks){DFLIP.parseBooks();}<\/script>[\/vc_column_text][\/vc_column][vc_column width=&#8221;1\/2&#8243;]<div class=\"ult-spacer spacer-69e1509d748c1\" data-id=\"69e1509d748c1\" data-height=\"24\" data-height-mobile=\"24\" data-height-tab=\"24\" data-height-tab-portrait=\"\" data-height-mobile-landscape=\"\" style=\"clear:both;display:block;\"><\/div>[vc_custom_heading text=&#8221;ARALIK 2019, SAYI: 7&#8243; use_theme_fonts=&#8221;yes&#8221; css=&#8221;&#8221;][vc_column_text]<div class=\"_df_book df-container df-loading \" id=\"df_13457\"  wpoptions=\"true\" ><\/div><script data-cfasync=\"false\">var option_df_13457 = {\"webgl\":\"false\",\"outline\":[{\"title\":\"\",\"dest\":\"\"}],\"height\":\"500\",\"forceFit\":\"true\",\"autoEnableOutline\":\"false\",\"autoEnableThumbnail\":\"false\",\"overwritePDFOutline\":\"false\",\"direction\":\"1\",\"pageMode\":\"0\",\"singlePageMode\":\"2\",\"source\":\"https:\\\/\\\/www.enka.k12.tr\\\/kocaeli\\\/wp-content\\\/uploads\\\/2018\\\/12\\\/Okul_dergisi_sayi7_2018.pdf\",\"wpOptions\":\"true\"}; if(window.DFLIP && DFLIP.parseBooks){DFLIP.parseBooks();}<\/script>[\/vc_column_text][\/vc_column][\/vc_row][vc_row][vc_column width=&#8221;1\/2&#8243;]<div class=\"ult-spacer spacer-69e1509d74b13\" data-id=\"69e1509d74b13\" data-height=\"24\" data-height-mobile=\"24\" data-height-tab=\"24\" data-height-tab-portrait=\"\" data-height-mobile-landscape=\"\" style=\"clear:both;display:block;\"><\/div>[vc_custom_heading text=&#8221;N\u0130SAN 2018, SAYI: 6&#8243; use_theme_fonts=&#8221;yes&#8221; css=&#8221;&#8221;][vc_column_text]<div class=\"_df_book df-container df-loading \" id=\"df_13529\"  wpoptions=\"true\" ><\/div><script data-cfasync=\"false\">var option_df_13529 = {\"webgl\":\"false\",\"outline\":[],\"height\":\"500\",\"forceFit\":\"true\",\"autoEnableOutline\":\"false\",\"autoEnableThumbnail\":\"false\",\"overwritePDFOutline\":\"false\",\"direction\":\"1\",\"pageMode\":\"0\",\"singlePageMode\":\"2\",\"source\":\"https:\\\/\\\/www.enka.k12.tr\\\/kocaeli\\\/wp-content\\\/uploads\\\/2018\\\/12\\\/Okul_Dergisi_2018_Sayi_6.pdf\",\"wpOptions\":\"true\"}; if(window.DFLIP && DFLIP.parseBooks){DFLIP.parseBooks();}<\/script>[\/vc_column_text][\/vc_column][vc_column width=&#8221;1\/2&#8243;]<div class=\"ult-spacer spacer-69e1509d74d51\" data-id=\"69e1509d74d51\" data-height=\"24\" data-height-mobile=\"24\" data-height-tab=\"24\" data-height-tab-portrait=\"\" data-height-mobile-landscape=\"\" style=\"clear:both;display:block;\"><\/div>[vc_custom_heading text=&#8221;ARALIK 2017, SAYI: 5&#8243; use_theme_fonts=&#8221;yes&#8221;][vc_column_text]<div class=\"_df_book df-container df-loading \" id=\"df_13533\"  wpoptions=\"true\" ><\/div><script data-cfasync=\"false\">var option_df_13533 = {\"outline\":[],\"height\":\"500\",\"forceFit\":\"true\",\"autoEnableOutline\":\"false\",\"autoEnableThumbnail\":\"false\",\"overwritePDFOutline\":\"false\",\"direction\":\"1\",\"pageMode\":\"0\",\"singlePageMode\":\"2\",\"source\":\"https:\\\/\\\/www.enka.k12.tr\\\/kocaeli\\\/wp-content\\\/uploads\\\/2018\\\/12\\\/Okul_Dergisi_2017_Sayi_5.pdf\",\"wpOptions\":\"true\"}; if(window.DFLIP && DFLIP.parseBooks){DFLIP.parseBooks();}<\/script>[\/vc_column_text][\/vc_column][\/vc_row][vc_row][vc_column width=&#8221;1\/2&#8243;]<div class=\"ult-spacer spacer-69e1509d74f87\" data-id=\"69e1509d74f87\" data-height=\"24\" data-height-mobile=\"24\" data-height-tab=\"24\" data-height-tab-portrait=\"\" data-height-mobile-landscape=\"\" style=\"clear:both;display:block;\"><\/div>[vc_custom_heading text=&#8221;N\u0130SAN 2017 ,SAYI: 4&#8243; use_theme_fonts=&#8221;yes&#8221; css=&#8221;&#8221; metin=&#8221;N\u0130SAN 2017, T\u00fcrk\u00e7e: SAYI: 4&#8243;][vc_column_text]<div class=\"_df_book df-container df-loading \" id=\"df_13534\"  wpoptions=\"true\" ><\/div><script data-cfasync=\"false\">var option_df_13534 = {\"webgl\":\"false\",\"outline\":[],\"height\":\"500\",\"forceFit\":\"true\",\"autoEnableOutline\":\"false\",\"autoEnableThumbnail\":\"false\",\"overwritePDFOutline\":\"false\",\"direction\":\"1\",\"pageMode\":\"0\",\"singlePageMode\":\"2\",\"source\":\"https:\\\/\\\/www.enka.k12.tr\\\/kocaeli\\\/wp-content\\\/uploads\\\/2018\\\/12\\\/Okul_Dergisi_2017_Sayi_4.pdf\",\"wpOptions\":\"true\"}; if(window.DFLIP && DFLIP.parseBooks){DFLIP.parseBooks();}<\/script>[\/vc_column_text][\/vc_column][vc_column width=&#8221;1\/2&#8243;]<div class=\"ult-spacer spacer-69e1509d751b8\" data-id=\"69e1509d751b8\" data-height=\"24\" data-height-mobile=\"24\" data-height-tab=\"24\" data-height-tab-portrait=\"\" data-height-mobile-landscape=\"\" style=\"clear:both;display:block;\"><\/div>[vc_custom_heading text=&#8221;EK\u0130M 2016 ,SAYI: 3&#8243; use_theme_fonts=&#8221;yes&#8221;][vc_column_text]<code><div class=\"_df_book df-container df-loading \" id=\"df_18553\"  wpoptions=\"true\" ><\/div><script data-cfasync=\"false\">var option_df_18553 = {\"webgl\":\"false\",\"outline\":[],\"height\":\"500\",\"forceFit\":\"true\",\"autoEnableOutline\":\"false\",\"autoEnableThumbnail\":\"false\",\"overwritePDFOutline\":\"false\",\"direction\":\"1\",\"pageMode\":\"0\",\"singlePageMode\":\"2\",\"source\":\"https:\\\/\\\/www.enka.k12.tr\\\/kocaeli\\\/wp-content\\\/uploads\\\/2020\\\/09\\\/Ekim-2016.pdf\",\"wpOptions\":\"true\"}; if(window.DFLIP && DFLIP.parseBooks){DFLIP.parseBooks();}<\/script><\/code>[\/vc_column_text][\/vc_column][\/vc_row][vc_row][vc_column][vc_column_text]<\/span><\/span>[\/vc_column_text]<div class=\"ult-spacer spacer-69e1509d753ed\" data-id=\"69e1509d753ed\" data-height=\"24\" data-height-mobile=\"24\" data-height-tab=\"24\" data-height-tab-portrait=\"\" data-height-mobile-landscape=\"\" style=\"clear:both;display:block;\"><\/div>[vc_custom_heading text=&#8221;MAYIS 2015, SAYI: 2&#8243; use_theme_fonts=&#8221;yes&#8221;][vc_column_text]<code><div class=\"_df_book df-container df-loading \" id=\"df_18539\"  wpoptions=\"true\" ><\/div><script data-cfasync=\"false\">var option_df_18539 = {\"webgl\":\"false\",\"outline\":[],\"height\":\"500\",\"forceFit\":\"true\",\"autoEnableOutline\":\"false\",\"autoEnableThumbnail\":\"false\",\"overwritePDFOutline\":\"false\",\"direction\":\"1\",\"pageMode\":\"0\",\"singlePageMode\":\"2\",\"source\":\"https:\\\/\\\/www.enka.k12.tr\\\/kocaeli\\\/wp-content\\\/uploads\\\/2020\\\/09\\\/Mayis-2015.pdf\",\"wpOptions\":\"true\"}; if(window.DFLIP && DFLIP.parseBooks){DFLIP.parseBooks();}<\/script><\/code>[\/vc_column_text][\/vc_column][\/vc_row][vc_column][\/vc_column][vc_column][\/vc_column]<\/p>\n<\/div>","protected":false},"excerpt":{"rendered":"<p>[vc_row][vc_column][\/vc_column][\/vc_row][vc_row padding_top=&#8221;30px&#8221; bg_type=&#8221;bg_color&#8221; bg_color_value=&#8221;#f5f5f5&#8243;][vc_column][\/vc_column][\/vc_row][vc_row padding_top=&#8221;30px&#8221; bg_type=&#8221;bg_color&#8221; bg_color_value=&#8221;#f5f5f5&#8243;][vc_column][vc_column_text]Okulumuzda her y\u0131l \u00f6\u011frencilerin \u00e7al\u0131\u015fmalar\u0131yla \u201cENKA\u2019n\u0131n Sesi\u201d dergisi yay\u0131nlan\u0131r. K\u00fclt\u00fcr-Edebiyat kul\u00fcb\u00fc \u00f6\u011frencilerinin \u00e7al\u0131\u015fmalar\u0131n\u0131n yo\u011fun oldu\u011fu dergi kul\u00fcp d\u0131\u015f\u0131ndan \u00f6\u011frenci \u00fcr\u00fcnlerine de a\u00e7\u0131kt\u0131r. Her say\u0131da \u00f6nceden belirlenen konu ve \u015fahsiyetler i\u015flendi\u011fi gibi \u00f6\u011frencilerin y\u0131l i\u00e7inde derslerde yazd\u0131\u011f\u0131 serbest yaz\u0131lardan da uygun bulunanlar dergide yer al\u0131r. Dergiyi e\u011flenceli ve ilgi \u00e7ekici hale getirmek i\u00e7in \u00f6\u011fretmen ve \u00f6\u011frencilerle ilgili ilgin\u00e7 anekdotlar ara\u015ft\u0131rmac\u0131&#8230;<\/p>\n","protected":false},"author":4,"featured_media":929,"parent":632,"menu_order":0,"comment_status":"closed","ping_status":"closed","template":"","meta":{"_acf_changed":false,"inline_featured_image":false,"footnotes":""},"class_list":["post-655","page","type-page","status-publish","has-post-thumbnail","hentry","custom-post-type-entry"],"aioseo_notices":[],"acf":[],"_links":{"self":[{"href":"https:\/\/www.enka.k12.tr\/kocaeli\/wp-json\/wp\/v2\/pages\/655","targetHints":{"allow":["GET"]}}],"collection":[{"href":"https:\/\/www.enka.k12.tr\/kocaeli\/wp-json\/wp\/v2\/pages"}],"about":[{"href":"https:\/\/www.enka.k12.tr\/kocaeli\/wp-json\/wp\/v2\/types\/page"}],"author":[{"embeddable":true,"href":"https:\/\/www.enka.k12.tr\/kocaeli\/wp-json\/wp\/v2\/users\/4"}],"replies":[{"embeddable":true,"href":"https:\/\/www.enka.k12.tr\/kocaeli\/wp-json\/wp\/v2\/comments?post=655"}],"version-history":[{"count":38,"href":"https:\/\/www.enka.k12.tr\/kocaeli\/wp-json\/wp\/v2\/pages\/655\/revisions"}],"predecessor-version":[{"id":26946,"href":"https:\/\/www.enka.k12.tr\/kocaeli\/wp-json\/wp\/v2\/pages\/655\/revisions\/26946"}],"up":[{"embeddable":true,"href":"https:\/\/www.enka.k12.tr\/kocaeli\/wp-json\/wp\/v2\/pages\/632"}],"wp:featuredmedia":[{"embeddable":true,"href":"https:\/\/www.enka.k12.tr\/kocaeli\/wp-json\/wp\/v2\/media\/929"}],"wp:attachment":[{"href":"https:\/\/www.enka.k12.tr\/kocaeli\/wp-json\/wp\/v2\/media?parent=655"}],"curies":[{"name":"wp","href":"https:\/\/api.w.org\/{rel}","templated":true}]}}