{"id":665,"date":"2017-07-26T08:44:05","date_gmt":"2017-07-26T08:44:05","guid":{"rendered":"http:\/\/www.enka.com\/foundation\/schools\/gebze\/study-abroad\/"},"modified":"2026-03-23T09:57:26","modified_gmt":"2026-03-23T06:57:26","slug":"ingiltere-dil-egitimi","status":"publish","type":"page","link":"https:\/\/www.enka.k12.tr\/kocaeli\/akademik-faaliyetler\/yurt-disi-calismalari\/ingiltere-dil-egitimi\/","title":{"rendered":"\u0130NG\u0130LTERE D\u0130L E\u011e\u0130T\u0130M\u0130"},"content":{"rendered":"<div class=\"wpb-content-wrapper\"><p>[vc_row][vc_column]<div id=\"ultimate-heading-5869fa1dbcea962\" class=\"uvc-heading ult-adjust-bottom-margin ultimate-heading-5869fa1dbcea962 uvc-2106 \" data-hspacer=\"line_with_icon\" data-hline_width=\"auto\" data-hicon_type=\"custom\" data-hborder_style=\"solid\" data-hborder_height=\"3\" data-hborder_color=\"#fe5252\" data-icon_width=\"200\" data-hfixer=\"30\"  data-halign=\"center\" style=\"text-align:center\"><div class=\"uvc-heading-spacer line_with_icon\" style=\"top\"><div class=\"ult-just-icon-wrapper  \"><div class=\"align-icon\" style=\"text-align:center;\">\n<div class=\"aio-icon-img \" style=\"font-size:200px;display:inline-block;\" >\n\t<img decoding=\"async\" class=\"img-icon\" alt=\"null\" src=\"https:\/\/www.enka.k12.tr\/kocaeli\/wp-content\/uploads\/2023\/12\/enka_schools_log_new.jpg\"\/>\n<\/div><\/div><\/div><\/div><\/div><div class=\"ult-spacer spacer-69fa1dbcea9d1\" data-id=\"69fa1dbcea9d1\" data-height=\"30\" data-height-mobile=\"10\" data-height-tab=\"20\" data-height-tab-portrait=\"\" data-height-mobile-landscape=\"\" style=\"clear:both;display:block;\"><\/div>[\/vc_column][\/vc_row][vc_row padding_top=&#8221;30px&#8221; bg_type=&#8221;bg_color&#8221; bg_color_value=&#8221;#f5f5f5&#8243;][vc_column]<div id=\"ultimate-heading-652069fa1dbceaa1e\" class=\"uvc-heading ult-adjust-bottom-margin ultimate-heading-652069fa1dbceaa1e uvc-6543 \" data-hspacer=\"no_spacer\"  data-halign=\"left\" style=\"text-align:left\"><div class=\"uvc-heading-spacer no_spacer\" style=\"top\"><\/div><div class=\"uvc-main-heading ult-responsive\"  data-ultimate-target='.uvc-heading.ultimate-heading-652069fa1dbceaa1e h2'  data-responsive-json-new='{\"font-size\":\"desktop:20px;\",\"line-height\":\"desktop:50px;\"}' ><h2 style=\"font-weight:normal;color:#000000;\">YURT DI\u015eI D\u0130L<\/h2><\/div><div class=\"uvc-sub-heading ult-responsive\"  data-ultimate-target='.uvc-heading.ultimate-heading-652069fa1dbceaa1e .uvc-sub-heading '  data-responsive-json-new='{\"font-size\":\"desktop:50px;tablet:48px;tablet_portrait:46px;mobile_landscape:44px;mobile:42px;\",\"line-height\":\"desktop:50px;tablet:48px;tablet_portrait:46px;mobile_landscape:44px;mobile:42px;\"}'  style=\"font-weight:bold;color:#000000;\"><span style=\"color: #003366; font-size: 36pt;\">\u0130NG\u0130LTERE D\u0130L E\u011e\u0130T\u0130M\u0130<\/span><\/div><\/div>[\/vc_column][\/vc_row][vc_row padding_top=&#8221;30px&#8221; bg_type=&#8221;bg_color&#8221; bg_color_value=&#8221;#f5f5f5&#8243;][vc_column width=&#8221;1\/2&#8243;][vc_column_text]Enka Okullar\u0131 olarak \u00f6\u011frencilerimizin \u0130ngilizce dil becerilerini geli\u015ftirmeyi ve onlar\u0131 global d\u00fcnyaya haz\u0131rlamay\u0131 hedefliyoruz. Bu ama\u00e7la, belirli ba\u015far\u0131 kriterlerini kar\u015f\u0131layan \u00f6\u011frencilerimiz her y\u0131l \u0130ngiltere\u2019deki Stafford House dil okulunda 3 haftal\u0131k dil e\u011fitimi program\u0131na kat\u0131lma f\u0131rsat\u0131 bulurlar.<\/p>\n<p>Program kapsam\u0131nda \u00f6\u011frenciler, \u0130ngilizce derslerinin yan\u0131 s\u0131ra \u015fehir i\u00e7i ve k\u00fclt\u00fcrel geziler, sosyal etkinlikler ve hafta sonu Londra, Cambridge gibi merkezlere d\u00fczenlenen tam g\u00fcnl\u00fck geziler ile \u0130ngiliz k\u00fclt\u00fcr\u00fcn\u00fc deneyimleme imk\u00e2n\u0131 elde ederler.<\/p>\n<p>Bu program, \u00f6\u011frencilerimizin \u0130ngilizce yeterliliklerini art\u0131rmas\u0131n\u0131n yan\u0131 s\u0131ra \u00f6zg\u00fcven, k\u00fclt\u00fcrleraras\u0131 ileti\u015fim ve global fark\u0131ndal\u0131k becerilerini de g\u00fc\u00e7lendirir.[\/vc_column_text][\/vc_column][vc_column width=&#8221;1\/2&#8243;][vc_single_image image=&#8221;4046&#8243;]<div class=\"ult-spacer spacer-69fa1dbceaa92\" data-id=\"69fa1dbceaa92\" data-height=\"24\" data-height-mobile=\"24\" data-height-tab=\"24\" data-height-tab-portrait=\"\" data-height-mobile-landscape=\"\" style=\"clear:both;display:block;\"><\/div>[\/vc_column][\/vc_row]<\/p>\n<\/div>","protected":false},"excerpt":{"rendered":"<p>[vc_row][vc_column][\/vc_column][\/vc_row][vc_row padding_top=&#8221;30px&#8221; bg_type=&#8221;bg_color&#8221; bg_color_value=&#8221;#f5f5f5&#8243;][vc_column][\/vc_column][\/vc_row][vc_row padding_top=&#8221;30px&#8221; bg_type=&#8221;bg_color&#8221; bg_color_value=&#8221;#f5f5f5&#8243;][vc_column width=&#8221;1\/2&#8243;][vc_column_text]Enka Okullar\u0131 olarak \u00f6\u011frencilerimizin \u0130ngilizce dil becerilerini geli\u015ftirmeyi ve onlar\u0131 global d\u00fcnyaya haz\u0131rlamay\u0131 hedefliyoruz. Bu ama\u00e7la, belirli ba\u015far\u0131 kriterlerini kar\u015f\u0131layan \u00f6\u011frencilerimiz her y\u0131l \u0130ngiltere\u2019deki Stafford House dil okulunda 3 haftal\u0131k dil e\u011fitimi program\u0131na kat\u0131lma f\u0131rsat\u0131 bulurlar. Program kapsam\u0131nda \u00f6\u011frenciler, \u0130ngilizce derslerinin yan\u0131 s\u0131ra \u015fehir i\u00e7i ve k\u00fclt\u00fcrel geziler, sosyal etkinlikler ve hafta sonu Londra, Cambridge gibi merkezlere d\u00fczenlenen&#8230;<\/p>\n","protected":false},"author":4,"featured_media":1043,"parent":7895,"menu_order":1,"comment_status":"closed","ping_status":"closed","template":"","meta":{"_acf_changed":false,"inline_featured_image":false,"footnotes":""},"class_list":["post-665","page","type-page","status-publish","has-post-thumbnail","hentry","custom-post-type-entry"],"aioseo_notices":[],"acf":[],"_links":{"self":[{"href":"https:\/\/www.enka.k12.tr\/kocaeli\/wp-json\/wp\/v2\/pages\/665","targetHints":{"allow":["GET"]}}],"collection":[{"href":"https:\/\/www.enka.k12.tr\/kocaeli\/wp-json\/wp\/v2\/pages"}],"about":[{"href":"https:\/\/www.enka.k12.tr\/kocaeli\/wp-json\/wp\/v2\/types\/page"}],"author":[{"embeddable":true,"href":"https:\/\/www.enka.k12.tr\/kocaeli\/wp-json\/wp\/v2\/users\/4"}],"replies":[{"embeddable":true,"href":"https:\/\/www.enka.k12.tr\/kocaeli\/wp-json\/wp\/v2\/comments?post=665"}],"version-history":[{"count":2,"href":"https:\/\/www.enka.k12.tr\/kocaeli\/wp-json\/wp\/v2\/pages\/665\/revisions"}],"predecessor-version":[{"id":26987,"href":"https:\/\/www.enka.k12.tr\/kocaeli\/wp-json\/wp\/v2\/pages\/665\/revisions\/26987"}],"up":[{"embeddable":true,"href":"https:\/\/www.enka.k12.tr\/kocaeli\/wp-json\/wp\/v2\/pages\/7895"}],"wp:featuredmedia":[{"embeddable":true,"href":"https:\/\/www.enka.k12.tr\/kocaeli\/wp-json\/wp\/v2\/media\/1043"}],"wp:attachment":[{"href":"https:\/\/www.enka.k12.tr\/kocaeli\/wp-json\/wp\/v2\/media?parent=665"}],"curies":[{"name":"wp","href":"https:\/\/api.w.org\/{rel}","templated":true}]}}