{"id":667,"date":"2017-07-26T08:45:24","date_gmt":"2017-07-26T08:45:24","guid":{"rendered":"http:\/\/www.enka.com\/foundation\/schools\/gebze\/european-union-projects\/"},"modified":"2026-02-19T12:01:38","modified_gmt":"2026-02-19T09:01:38","slug":"avrupa-birligi-projeleri-erasmus","status":"publish","type":"page","link":"https:\/\/www.enka.k12.tr\/kocaeli\/akademik-faaliyetler\/yurt-disi-calismalari\/avrupa-birligi-projeleri-erasmus\/","title":{"rendered":"AVRUPA B\u0130RL\u0130\u011e\u0130 PROJELER\u0130 (ERASMUS+)"},"content":{"rendered":"<div class=\"wpb-content-wrapper\"><p>[vc_row][vc_column]<div id=\"ultimate-heading-651969fa1dbd411f6\" class=\"uvc-heading ult-adjust-bottom-margin ultimate-heading-651969fa1dbd411f6 uvc-7191 \" data-hspacer=\"line_with_icon\" data-hline_width=\"auto\" data-hicon_type=\"custom\" data-hborder_style=\"solid\" data-hborder_height=\"3\" data-hborder_color=\"#69b3e7\" data-icon_width=\"200\" data-hfixer=\"30\"  data-halign=\"center\" style=\"text-align:center\"><div class=\"uvc-heading-spacer line_with_icon\" style=\"top\"><div class=\"ult-just-icon-wrapper  \"><div class=\"align-icon\" style=\"text-align:center;\">\n<div class=\"aio-icon-img \" style=\"font-size:200px;display:inline-block;\" >\n\t<img decoding=\"async\" class=\"img-icon\" alt=\"null\" src=\"https:\/\/www.enka.k12.tr\/kocaeli\/wp-content\/uploads\/2023\/12\/enka_schools_log_new.jpg\"\/>\n<\/div><\/div><\/div><\/div><\/div><div class=\"ult-spacer spacer-69fa1dbd4126b\" data-id=\"69fa1dbd4126b\" data-height=\"30\" data-height-mobile=\"10\" data-height-tab=\"20\" data-height-tab-portrait=\"\" data-height-mobile-landscape=\"\" style=\"clear:both;display:block;\"><\/div>[\/vc_column][\/vc_row][vc_row padding_top=&#8221;30px&#8221; bg_type=&#8221;bg_color&#8221; bg_color_value=&#8221;#f5f5f5&#8243;][vc_column]<div id=\"ultimate-heading-304669fa1dbd412d8\" class=\"uvc-heading ult-adjust-bottom-margin ultimate-heading-304669fa1dbd412d8 uvc-936 \" data-hspacer=\"line_only\"  data-halign=\"left\" style=\"text-align:left\"><div class=\"uvc-sub-heading ult-responsive\"  data-ultimate-target='.uvc-heading.ultimate-heading-304669fa1dbd412d8 .uvc-sub-heading '  data-responsive-json-new='{\"font-size\":\"desktop:50px;tablet:48px;tablet_portrait:46px;mobile_landscape:44px;mobile:42px;\",\"line-height\":\"desktop:50px;tablet:48px;tablet_portrait:46px;mobile_landscape:44px;mobile:42px;\"}'  style=\"font-weight:bold;color:#000000;\"><span style=\"color: #fe5252;\"><span style=\"color: #69b3e7;\">AVRUPA<\/span> <span style=\"color: #000000;\">B\u0130RL\u0130\u011e\u0130 PROJELER\u0130 (ERASMUS+)<\/span><\/span><\/div><div class=\"uvc-heading-spacer line_only\" style=\"margin-top:10px;height:3px;\"><span class=\"uvc-headings-line\" style=\"border-style:solid;border-bottom-width:3px;border-color:#000000;width:100px;\"><\/span><\/div><\/div>[\/vc_column][\/vc_row][vc_row padding_top=&#8221;30px&#8221; bg_type=&#8221;bg_color&#8221; bg_color_value=&#8221;#f5f5f5&#8243;][vc_column]<div class=\"ult-spacer spacer-69fa1dbd41320\" data-id=\"69fa1dbd41320\" data-height=\"24\" data-height-mobile=\"24\" data-height-tab=\"24\" data-height-tab-portrait=\"\" data-height-mobile-landscape=\"\" style=\"clear:both;display:block;\"><\/div>[\/vc_column][\/vc_row][vc_row disable_element=&#8221;yes&#8221; padding_top=&#8221;10px&#8221; padding_bottom=&#8221;50px&#8221;][vc_column width=&#8221;1\/4&#8243;][vc_custom_heading text=&#8221;ERASMUS+ (2014-2016)&#8221; font_container=&#8221;tag:h2|text_align:center|color:%23012169&#8243; google_fonts=&#8221;font_family:Roboto%20Condensed%3A300%2C300italic%2Cregular%2Citalic%2C700%2C700italic|font_style:400%20regular%3A400%3Anormal&#8221; css=&#8221;&#8221; link=&#8221;url:https%3A%2F%2Fwww.enka.k12.tr%2Fkocaeli%2Fakademik-faaliyetler%2Fyurt-disi-calismalari%2Favrupa-birligi-projeleri-erasmus%2Ferasmus-2014-2016%2F|title:ERASMUS%2B%20(2014-2016)&#8221;]<div tabindex=\"0\" class=\"ult-new-ib ult-ib-effect-style5  ult-ib-resp  \" data-min-width=\"768\" data-max-width=\"900\" style=\"background:#009cde;\" data-opacity=\"1\" data-hover-opacity=\"0.3\" ><img decoding=\"async\" class=\"ult-new-ib-img\" style=\"opacity:1;\" alt=\"null\" src=\"https:\/\/www.enka.k12.tr\/kocaeli\/wp-content\/uploads\/2020\/09\/Erasmus22017-e1771418262813.jpg\"   \/><div id=\"interactive-banner-wrap-6110\" class=\"ult-new-ib-desc\" style=\"background:#009cde;\"><h2 class=\"ult-new-ib-title ult-responsive\"  data-ultimate-target='#interactive-banner-wrap-6110 .ult-new-ib-title'  data-responsive-json-new='{\"font-size\":\"\",\"line-height\":\"\"}'  style=\"font-weight:normal;color:#ffffff;\">ERASMUS+ (2014-2016)<\/h2><\/div><a class=\"ult-new-ib-link\" href=\"https:\/\/www.enka.k12.tr\/kocaeli\/akademik-faaliyetler\/yurt-disi-calismalari\/avrupa-birligi-projeleri-erasmus\/erasmus-2014-2016\/\" title=\"ERASMUS+ (2014-2016)\"  ><\/a><\/div>[\/vc_column][vc_column width=&#8221;1\/4&#8243;][vc_custom_heading text=&#8221;ERASMUS+ (2017-2020)&#8221; font_container=&#8221;tag:h2|text_align:center|color:%23012169&#8243; google_fonts=&#8221;font_family:Roboto%20Condensed%3A300%2C300italic%2Cregular%2Citalic%2C700%2C700italic|font_style:400%20regular%3A400%3Anormal&#8221; css=&#8221;&#8221; link=&#8221;url:https%3A%2F%2Fwww.enka.k12.tr%2Fkocaeli%2Fakademik-faaliyetler%2Fyurt-disi-calismalari%2Favrupa-birligi-projeleri-erasmus%2Ferasmus-2017-2020%2F|title:ERASMUS%2B%20(2017-2020)&#8221;]<div tabindex=\"0\" class=\"ult-new-ib ult-ib-effect-style5  ult-ib-resp  \" data-min-width=\"768\" data-max-width=\"900\" style=\"background:#009cde;\" data-opacity=\"1\" data-hover-opacity=\"0.3\" ><img decoding=\"async\" class=\"ult-new-ib-img\" style=\"opacity:1;\" alt=\"null\" src=\"https:\/\/www.enka.k12.tr\/kocaeli\/wp-content\/uploads\/2020\/09\/Erasmus12017-e1771416656597.jpg\"   \/><div id=\"interactive-banner-wrap-9291\" class=\"ult-new-ib-desc\" style=\"background:#009cde;\"><h2 class=\"ult-new-ib-title ult-responsive\"  data-ultimate-target='#interactive-banner-wrap-9291 .ult-new-ib-title'  data-responsive-json-new='{\"font-size\":\"\",\"line-height\":\"\"}'  style=\"font-weight:normal;color:#ffffff;\">ERASMUS+ (2017-2020)<\/h2><\/div><a class=\"ult-new-ib-link\" href=\"https:\/\/www.enka.k12.tr\/kocaeli\/akademik-faaliyetler\/yurt-disi-calismalari\/avrupa-birligi-projeleri-erasmus\/erasmus-2017-2020\/\" title=\"ERASMUS+ (2017-2020)\"  ><\/a><\/div>[\/vc_column][vc_column width=&#8221;1\/4&#8243;][vc_custom_heading text=&#8221;ERASMUS+ (2021-2024)&#8221; font_container=&#8221;tag:h2|text_align:center|color:%23012169&#8243; google_fonts=&#8221;font_family:Roboto%20Condensed%3A300%2C300italic%2Cregular%2Citalic%2C700%2C700italic|font_style:400%20regular%3A400%3Anormal&#8221; css=&#8221;&#8221; link=&#8221;url:https%3A%2F%2Fwww.enka.k12.tr%2Fkocaeli%2Fakademik-faaliyetler%2Fyurt-disi-calismalari%2Favrupa-birligi-projeleri-erasmus%2Ferasmus-2021-2024%2F|title:ERASMUS%2B%20(2021-2024)&#8221;]<div tabindex=\"0\" class=\"ult-new-ib ult-ib-effect-style5  ult-ib-resp  \" data-min-width=\"768\" data-max-width=\"900\" style=\"background:#62b5e5;\" data-opacity=\"1\" data-hover-opacity=\"0.3\" ><img decoding=\"async\" class=\"ult-new-ib-img\" style=\"opacity:1;\" alt=\"null\" src=\"https:\/\/www.enka.k12.tr\/kocaeli\/wp-content\/uploads\/2023\/12\/Erasmus-1.jpg\"   \/><div id=\"interactive-banner-wrap-5493\" class=\"ult-new-ib-desc\" style=\"background:#62b5e5;\"><h2 class=\"ult-new-ib-title ult-responsive\"  data-ultimate-target='#interactive-banner-wrap-5493 .ult-new-ib-title'  data-responsive-json-new='{\"font-size\":\"\",\"line-height\":\"\"}'  style=\"font-weight:normal;color:#ffffff;\">ERASMUS+ (2021-2024) <\/h2><\/div><a class=\"ult-new-ib-link\" href=\"https:\/\/www.enka.k12.tr\/kocaeli\/akademik-faaliyetler\/yurt-disi-calismalari\/avrupa-birligi-projeleri-erasmus\/erasmus-2021-2024\/\" title=\"ERASMUS+ (2021-2024)\"  ><\/a><\/div>[\/vc_column][vc_column width=&#8221;1\/4&#8243;][vc_custom_heading text=&#8221;ERASMUS+ (2026-2028)&#8221; font_container=&#8221;tag:h2|text_align:center|color:%23012169&#8243; google_fonts=&#8221;font_family:Roboto%20Condensed%3A300%2C300italic%2Cregular%2Citalic%2C700%2C700italic|font_style:400%20regular%3A400%3Anormal&#8221; css=&#8221;&#8221; link=&#8221;url:https%3A%2F%2Fwww.enka.k12.tr%2Fkocaeli%2Fakademik-faaliyetler%2Fyurt-disi-calismalari%2Favrupa-birligi-projeleri-erasmus%2Ferasmus-2026-2028%2F|title:ERASMUS%2B%20(2026-2028)&#8221;]<div tabindex=\"0\" class=\"ult-new-ib ult-ib-effect-style5  ult-ib-resp  \" data-min-width=\"768\" data-max-width=\"900\" style=\"background:#62b5e5;\" data-opacity=\"1\" data-hover-opacity=\"0.3\" ><img decoding=\"async\" class=\"ult-new-ib-img\" style=\"opacity:1;\" alt=\"null\" src=\"https:\/\/www.enka.k12.tr\/kocaeli\/wp-content\/uploads\/2023\/12\/Erasmus-1.jpg\"   \/><div id=\"interactive-banner-wrap-6210\" class=\"ult-new-ib-desc\" style=\"background:#62b5e5;\"><h2 class=\"ult-new-ib-title ult-responsive\"  data-ultimate-target='#interactive-banner-wrap-6210 .ult-new-ib-title'  data-responsive-json-new='{\"font-size\":\"\",\"line-height\":\"\"}'  style=\"font-weight:normal;color:#ffffff;\">ERASMUS+ (2026-2028)<\/h2><\/div><a class=\"ult-new-ib-link\" href=\"https:\/\/www.enka.k12.tr\/kocaeli\/akademik-faaliyetler\/yurt-disi-calismalari\/avrupa-birligi-projeleri-erasmus\/erasmus-2026-2028\/\" title=\"ERASMUS+ (2026-2028)\"  ><\/a><\/div>[\/vc_column][\/vc_row]<\/p>\n<\/div>","protected":false},"excerpt":{"rendered":"<p>[vc_row][vc_column][\/vc_column][\/vc_row][vc_row padding_top=&#8221;30px&#8221; bg_type=&#8221;bg_color&#8221; bg_color_value=&#8221;#f5f5f5&#8243;][vc_column][\/vc_column][\/vc_row][vc_row padding_top=&#8221;30px&#8221; bg_type=&#8221;bg_color&#8221; bg_color_value=&#8221;#f5f5f5&#8243;][vc_column][\/vc_column][\/vc_row][vc_row disable_element=&#8221;yes&#8221; padding_top=&#8221;10px&#8221; padding_bottom=&#8221;50px&#8221;][vc_column width=&#8221;1\/4&#8243;][vc_custom_heading text=&#8221;ERASMUS+ (2014-2016)&#8221; font_container=&#8221;tag:h2|text_align:center|color:%23012169&#8243; google_fonts=&#8221;font_family:Roboto%20Condensed%3A300%2C300italic%2Cregular%2Citalic%2C700%2C700italic|font_style:400%20regular%3A400%3Anormal&#8221; css=&#8221;&#8221; link=&#8221;url:https%3A%2F%2Fwww.enka.k12.tr%2Fkocaeli%2Fakademik-faaliyetler%2Fyurt-disi-calismalari%2Favrupa-birligi-projeleri-erasmus%2Ferasmus-2014-2016%2F|title:ERASMUS%2B%20(2014-2016)&#8221;][\/vc_column][vc_column width=&#8221;1\/4&#8243;][vc_custom_heading text=&#8221;ERASMUS+ (2017-2020)&#8221; font_container=&#8221;tag:h2|text_align:center|color:%23012169&#8243; google_fonts=&#8221;font_family:Roboto%20Condensed%3A300%2C300italic%2Cregular%2Citalic%2C700%2C700italic|font_style:400%20regular%3A400%3Anormal&#8221; css=&#8221;&#8221; link=&#8221;url:https%3A%2F%2Fwww.enka.k12.tr%2Fkocaeli%2Fakademik-faaliyetler%2Fyurt-disi-calismalari%2Favrupa-birligi-projeleri-erasmus%2Ferasmus-2017-2020%2F|title:ERASMUS%2B%20(2017-2020)&#8221;][\/vc_column][vc_column width=&#8221;1\/4&#8243;][vc_custom_heading text=&#8221;ERASMUS+ (2021-2024)&#8221; font_container=&#8221;tag:h2|text_align:center|color:%23012169&#8243; google_fonts=&#8221;font_family:Roboto%20Condensed%3A300%2C300italic%2Cregular%2Citalic%2C700%2C700italic|font_style:400%20regular%3A400%3Anormal&#8221; css=&#8221;&#8221; link=&#8221;url:https%3A%2F%2Fwww.enka.k12.tr%2Fkocaeli%2Fakademik-faaliyetler%2Fyurt-disi-calismalari%2Favrupa-birligi-projeleri-erasmus%2Ferasmus-2021-2024%2F|title:ERASMUS%2B%20(2021-2024)&#8221;][\/vc_column][vc_column width=&#8221;1\/4&#8243;][vc_custom_heading text=&#8221;ERASMUS+ (2026-2028)&#8221; font_container=&#8221;tag:h2|text_align:center|color:%23012169&#8243; google_fonts=&#8221;font_family:Roboto%20Condensed%3A300%2C300italic%2Cregular%2Citalic%2C700%2C700italic|font_style:400%20regular%3A400%3Anormal&#8221; css=&#8221;&#8221; link=&#8221;url:https%3A%2F%2Fwww.enka.k12.tr%2Fkocaeli%2Fakademik-faaliyetler%2Fyurt-disi-calismalari%2Favrupa-birligi-projeleri-erasmus%2Ferasmus-2026-2028%2F|title:ERASMUS%2B%20(2026-2028)&#8221;][\/vc_column][\/vc_row]<\/p>\n","protected":false},"author":4,"featured_media":848,"parent":7895,"menu_order":0,"comment_status":"closed","ping_status":"closed","template":"","meta":{"_acf_changed":false,"inline_featured_image":false,"footnotes":""},"class_list":["post-667","page","type-page","status-publish","has-post-thumbnail","hentry","custom-post-type-entry"],"aioseo_notices":[],"acf":[],"_links":{"self":[{"href":"https:\/\/www.enka.k12.tr\/kocaeli\/wp-json\/wp\/v2\/pages\/667","targetHints":{"allow":["GET"]}}],"collection":[{"href":"https:\/\/www.enka.k12.tr\/kocaeli\/wp-json\/wp\/v2\/pages"}],"about":[{"href":"https:\/\/www.enka.k12.tr\/kocaeli\/wp-json\/wp\/v2\/types\/page"}],"author":[{"embeddable":true,"href":"https:\/\/www.enka.k12.tr\/kocaeli\/wp-json\/wp\/v2\/users\/4"}],"replies":[{"embeddable":true,"href":"https:\/\/www.enka.k12.tr\/kocaeli\/wp-json\/wp\/v2\/comments?post=667"}],"version-history":[{"count":10,"href":"https:\/\/www.enka.k12.tr\/kocaeli\/wp-json\/wp\/v2\/pages\/667\/revisions"}],"predecessor-version":[{"id":26637,"href":"https:\/\/www.enka.k12.tr\/kocaeli\/wp-json\/wp\/v2\/pages\/667\/revisions\/26637"}],"up":[{"embeddable":true,"href":"https:\/\/www.enka.k12.tr\/kocaeli\/wp-json\/wp\/v2\/pages\/7895"}],"wp:featuredmedia":[{"embeddable":true,"href":"https:\/\/www.enka.k12.tr\/kocaeli\/wp-json\/wp\/v2\/media\/848"}],"wp:attachment":[{"href":"https:\/\/www.enka.k12.tr\/kocaeli\/wp-json\/wp\/v2\/media?parent=667"}],"curies":[{"name":"wp","href":"https:\/\/api.w.org\/{rel}","templated":true}]}}