{"id":668,"date":"2017-07-26T08:46:15","date_gmt":"2017-07-26T05:46:15","guid":{"rendered":"http:\/\/www.enka.com\/foundation\/schools\/gebze\/tubitak-science-olympiads\/"},"modified":"2025-05-27T15:41:28","modified_gmt":"2025-05-27T12:41:28","slug":"tubitak-bilim-olimpiyatlari","status":"publish","type":"page","link":"https:\/\/www.enka.k12.tr\/kocaeli\/akademik-faaliyetler\/projelerimiz\/tubitak-bilim-olimpiyatlari\/","title":{"rendered":"T\u00dcB\u0130TAK B\u0130L\u0130M OL\u0130MP\u0130YATLARI"},"content":{"rendered":"<div class=\"wpb-content-wrapper\"><p>[vc_row][vc_column]<div id=\"ultimate-heading-83869fa1dbb92618\" class=\"uvc-heading ult-adjust-bottom-margin ultimate-heading-83869fa1dbb92618 uvc-4182 \" data-hspacer=\"line_with_icon\" data-hline_width=\"auto\" data-hicon_type=\"custom\" data-hborder_style=\"solid\" data-hborder_height=\"3\" data-hborder_color=\"#69b3e7\" data-icon_width=\"200\" data-hfixer=\"30\"  data-halign=\"center\" style=\"text-align:center\"><div class=\"uvc-heading-spacer line_with_icon\" style=\"top\"><div class=\"ult-just-icon-wrapper  \"><div class=\"align-icon\" style=\"text-align:center;\">\n<div class=\"aio-icon-img \" style=\"font-size:200px;display:inline-block;\" >\n\t<img decoding=\"async\" class=\"img-icon\" alt=\"null\" src=\"https:\/\/www.enka.k12.tr\/kocaeli\/wp-content\/uploads\/2023\/12\/enka_schools_log_new.jpg\"\/>\n<\/div><\/div><\/div><\/div><\/div><div class=\"ult-spacer spacer-69fa1dbb92678\" data-id=\"69fa1dbb92678\" data-height=\"30\" data-height-mobile=\"10\" data-height-tab=\"20\" data-height-tab-portrait=\"\" data-height-mobile-landscape=\"\" style=\"clear:both;display:block;\"><\/div>[\/vc_column][\/vc_row][vc_row padding_top=&#8221;30px&#8221; bg_type=&#8221;bg_color&#8221; bg_color_value=&#8221;#f5f5f5&#8243;][vc_column]<div id=\"ultimate-heading-921969fa1dbb926ce\" class=\"uvc-heading ult-adjust-bottom-margin ultimate-heading-921969fa1dbb926ce uvc-6956 \" data-hspacer=\"line_only\"  data-halign=\"left\" style=\"text-align:left\"><div class=\"uvc-main-heading ult-responsive\"  data-ultimate-target='.uvc-heading.ultimate-heading-921969fa1dbb926ce h2'  data-responsive-json-new='{\"font-size\":\"desktop:20px;\",\"line-height\":\"desktop:50px;\"}' ><h2 style=\"font-weight:normal;color:#000000;\">T\u00dcB\u0130TAK B\u0130L\u0130M<\/h2><\/div><div class=\"uvc-sub-heading ult-responsive\"  data-ultimate-target='.uvc-heading.ultimate-heading-921969fa1dbb926ce .uvc-sub-heading '  data-responsive-json-new='{\"font-size\":\"desktop:50px;tablet:48px;tablet_portrait:46px;mobile_landscape:44px;mobile:42px;\",\"line-height\":\"desktop:50px;tablet:48px;tablet_portrait:46px;mobile_landscape:44px;mobile:42px;\"}'  style=\"font-weight:bold;color:#000000;\"><span style=\"color: #69b3e7;\">OL\u0130MP\u0130YATLARI<\/span><\/div><div class=\"uvc-heading-spacer line_only\" style=\"margin-top:10px;height:3px;\"><span class=\"uvc-headings-line\" style=\"border-style:solid;border-bottom-width:3px;border-color:#000000;width:100px;\"><\/span><\/div><\/div>[\/vc_column][\/vc_row][vc_row padding_top=&#8221;30px&#8221; bg_type=&#8221;bg_color&#8221; bg_color_value=&#8221;#f5f5f5&#8243;][vc_column width=&#8221;2\/3&#8243;][vc_column_text]Liseye (son s\u0131n\u0131flar hari\u00e7) devam etmekte olan \u00f6\u011frencileri Temel Bilimlerde \u00e7al\u0131\u015fmalar yapmaya \u00f6zendirmek, \u00e7al\u0131\u015fmalar\u0131n\u0131 y\u00f6nlendirmek ve bu alanlarda geli\u015fmelerini destekleyerek katk\u0131 sa\u011flamak amac\u0131yla Matematik, Bilgisayar, Fizik, Kimya ve Biyoloji dallar\u0131nda Ulusal Bilim Olimpiyatlar\u0131 T\u00dcB\u0130TAK taraf\u0131ndan d\u00fczenlenmektedir.<br \/>\nUlusal Bilim Olimpiyatlar\u0131 iki a\u015famal\u0131 bir s\u0131nav sistemiyle uygulanmakta olup, ikinci a\u015fama s\u0131navlar\u0131 sonucunda madalya almaya hak kazanan \u00f6\u011frenciler, ald\u0131klar\u0131 madalya ve para \u00f6d\u00fcl\u00fcn\u00fcn yan\u0131 s\u0131ra, s\u0131navdaki dereceleri oran\u0131nda girecekleri ilk Y\u00fcksek\u00f6\u011fretim Kurumlar\u0131 S\u0131nav\u0131nda (YKS) bir kereye \u00f6zg\u00fc olmak \u00fczere ek katsay\u0131 uygulamas\u0131ndan yararlan\u0131r. Ayr\u0131ca YKS sonucunda \u00fcniversitelerimizin temel bilim b\u00f6l\u00fcmlerinden birini kazanarak kay\u0131t yapt\u0131ran \u00f6\u011frenciler, Bilim \u0130nsan\u0131 Destekleme Daire Ba\u015fkanl\u0131\u011f\u0131 taraf\u0131ndan 2205-Yurt i\u00e7i Lisans Burs Program\u0131 \u00e7er\u00e7evesinde desteklenmektedir.[\/vc_column_text][\/vc_column][vc_column width=&#8221;1\/3&#8243;][vc_single_image image=&#8221;2077&#8243; img_size=&#8221;full&#8221;][\/vc_column][\/vc_row][vc_row padding_top=&#8221;30px&#8221; bg_type=&#8221;bg_color&#8221; bg_color_value=&#8221;#f5f5f5&#8243;][vc_column][vc_column_text]T\u00dcB\u0130TAK Bilim olimpiyatlar\u0131, okulumuzda akademik anlamda Matematik, Fizik, Kimya, Biyoloji ve Bilgisayar alanlar\u0131nda bilimsel \u00e7al\u0131\u015fmalar\u0131 te\u015fvik etmek, \u00f6\u011frencilerin bu alanda yeteneklerini de\u011ferlendirmek ve geli\u015ftirmek amac\u0131yla yap\u0131lmaktad\u0131r. \u00d6\u011frencilerimiz, dan\u0131\u015fman \u00f6\u011fretmenlerin deste\u011fiyle Matematik, Fizik, Kimya, Biyoloji ve Bilgisayar e\u011fitimlerini \u00fcniversite d\u00fczeyinde g\u00f6rmektedir. Haz\u0131rl\u0131k s\u0131n\u0131f\u0131na kaydolan \u00f6\u011frenciler, y\u00fcr\u00fctt\u00fc\u011f\u00fcm\u00fcz T\u00dcB\u0130TAK ULUSAL B\u0130L\u0130M OL\u0130MP\u0130YATLARI haz\u0131rl\u0131k \u00e7al\u0131\u015fmalar\u0131 kapsam\u0131nda e\u011fitim-\u00f6\u011fretim ba\u015flamadan \u00f6nce yakla\u015f\u0131k bir haftal\u0131k Olimpiyat \u00e7al\u0131\u015fma kamp\u0131na al\u0131n\u0131r. E\u011fitim-\u00f6\u011fretimin ba\u015flamas\u0131n\u0131n ard\u0131ndan okul saatleri d\u0131\u015f\u0131nda hafta i\u00e7i bir g\u00fcn ve Cumartesi g\u00fcnleri tam g\u00fcn, uzman akademisyenler taraf\u0131ndan ayn\u0131 do\u011frultuda \u00e7al\u0131\u015ft\u0131r\u0131lan \u00f6\u011frenciler belirlenen tarihte ba\u015far\u0131 ve e\u011filimlerine g\u00f6re Matematik, Fizik, Astrofizik, Kimya, Biyoloji ve Bilgisayar olarak alt\u0131 tak\u0131ma ayr\u0131l\u0131r. Kendi alanlar\u0131nda \u00e7al\u0131\u015fmalar\u0131na yo\u011funla\u015farak May\u0131s ay\u0131nda T\u00dcB\u0130TAK\u2019\u0131n yapm\u0131\u015f oldu\u011fu ulusal bilim olimpiyat s\u0131nav\u0131na girerler. Olimpiyat \u00e7al\u0131\u015fmalar\u0131 9. 10. ve 11. S\u0131n\u0131fta da devam eder.[\/vc_column_text]<div class=\"ult-spacer spacer-69fa1dbb92749\" data-id=\"69fa1dbb92749\" data-height=\"24\" data-height-mobile=\"24\" data-height-tab=\"24\" data-height-tab-portrait=\"\" data-height-mobile-landscape=\"\" style=\"clear:both;display:block;\"><\/div>[\/vc_column][\/vc_row]<\/p>\n<\/div>","protected":false},"excerpt":{"rendered":"<p>[vc_row][vc_column][\/vc_column][\/vc_row][vc_row padding_top=&#8221;30px&#8221; bg_type=&#8221;bg_color&#8221; bg_color_value=&#8221;#f5f5f5&#8243;][vc_column][\/vc_column][\/vc_row][vc_row padding_top=&#8221;30px&#8221; bg_type=&#8221;bg_color&#8221; bg_color_value=&#8221;#f5f5f5&#8243;][vc_column width=&#8221;2\/3&#8243;][vc_column_text]Liseye (son s\u0131n\u0131flar hari\u00e7) devam etmekte olan \u00f6\u011frencileri Temel Bilimlerde \u00e7al\u0131\u015fmalar yapmaya \u00f6zendirmek, \u00e7al\u0131\u015fmalar\u0131n\u0131 y\u00f6nlendirmek ve bu alanlarda geli\u015fmelerini destekleyerek katk\u0131 sa\u011flamak amac\u0131yla Matematik, Bilgisayar, Fizik, Kimya ve Biyoloji dallar\u0131nda Ulusal Bilim Olimpiyatlar\u0131 T\u00dcB\u0130TAK taraf\u0131ndan d\u00fczenlenmektedir. Ulusal Bilim Olimpiyatlar\u0131 iki a\u015famal\u0131 bir s\u0131nav sistemiyle uygulanmakta olup, ikinci a\u015fama s\u0131navlar\u0131 sonucunda madalya almaya hak kazanan \u00f6\u011frenciler, ald\u0131klar\u0131 madalya ve&#8230;<\/p>\n","protected":false},"author":4,"featured_media":1058,"parent":7897,"menu_order":0,"comment_status":"closed","ping_status":"closed","template":"","meta":{"_acf_changed":false,"inline_featured_image":false,"footnotes":""},"class_list":["post-668","page","type-page","status-publish","has-post-thumbnail","hentry","custom-post-type-entry"],"aioseo_notices":[],"acf":[],"_links":{"self":[{"href":"https:\/\/www.enka.k12.tr\/kocaeli\/wp-json\/wp\/v2\/pages\/668","targetHints":{"allow":["GET"]}}],"collection":[{"href":"https:\/\/www.enka.k12.tr\/kocaeli\/wp-json\/wp\/v2\/pages"}],"about":[{"href":"https:\/\/www.enka.k12.tr\/kocaeli\/wp-json\/wp\/v2\/types\/page"}],"author":[{"embeddable":true,"href":"https:\/\/www.enka.k12.tr\/kocaeli\/wp-json\/wp\/v2\/users\/4"}],"replies":[{"embeddable":true,"href":"https:\/\/www.enka.k12.tr\/kocaeli\/wp-json\/wp\/v2\/comments?post=668"}],"version-history":[{"count":2,"href":"https:\/\/www.enka.k12.tr\/kocaeli\/wp-json\/wp\/v2\/pages\/668\/revisions"}],"predecessor-version":[{"id":23890,"href":"https:\/\/www.enka.k12.tr\/kocaeli\/wp-json\/wp\/v2\/pages\/668\/revisions\/23890"}],"up":[{"embeddable":true,"href":"https:\/\/www.enka.k12.tr\/kocaeli\/wp-json\/wp\/v2\/pages\/7897"}],"wp:featuredmedia":[{"embeddable":true,"href":"https:\/\/www.enka.k12.tr\/kocaeli\/wp-json\/wp\/v2\/media\/1058"}],"wp:attachment":[{"href":"https:\/\/www.enka.k12.tr\/kocaeli\/wp-json\/wp\/v2\/media?parent=668"}],"curies":[{"name":"wp","href":"https:\/\/api.w.org\/{rel}","templated":true}]}}