{"id":670,"date":"2017-07-26T08:47:03","date_gmt":"2017-07-26T08:47:03","guid":{"rendered":"http:\/\/www.enka.com\/foundation\/schools\/gebze\/other-projects-and-competitions\/"},"modified":"2023-12-25T15:48:48","modified_gmt":"2023-12-25T12:48:48","slug":"diger-bilimsel-projeler-ve-yarismalar","status":"publish","type":"page","link":"https:\/\/www.enka.k12.tr\/kocaeli\/akademik-faaliyetler\/projelerimiz\/diger-bilimsel-projeler-ve-yarismalar\/","title":{"rendered":"D\u0130\u011eER B\u0130L\u0130MSEL PROJELER VE YARI\u015eMALAR"},"content":{"rendered":"<div class=\"wpb-content-wrapper\"><p>[vc_row][vc_column]<div id=\"ultimate-heading-66346a0602d42721e\" class=\"uvc-heading ult-adjust-bottom-margin ultimate-heading-66346a0602d42721e uvc-7099 \" data-hspacer=\"line_with_icon\" data-hline_width=\"auto\" data-hicon_type=\"custom\" data-hborder_style=\"solid\" data-hborder_height=\"3\" data-hborder_color=\"#69b3e7\" data-icon_width=\"200\" data-hfixer=\"30\"  data-halign=\"center\" style=\"text-align:center\"><div class=\"uvc-heading-spacer line_with_icon\" style=\"top\"><div class=\"ult-just-icon-wrapper  \"><div class=\"align-icon\" style=\"text-align:center;\">\n<div class=\"aio-icon-img \" style=\"font-size:200px;display:inline-block;\" >\n\t<img decoding=\"async\" class=\"img-icon\" alt=\"null\" src=\"https:\/\/www.enka.k12.tr\/kocaeli\/wp-content\/uploads\/2023\/12\/enka_schools_log_new.jpg\"\/>\n<\/div><\/div><\/div><\/div><\/div><div class=\"ult-spacer spacer-6a0602d42727a\" data-id=\"6a0602d42727a\" data-height=\"30\" data-height-mobile=\"10\" data-height-tab=\"20\" data-height-tab-portrait=\"\" data-height-mobile-landscape=\"\" style=\"clear:both;display:block;\"><\/div>[\/vc_column][\/vc_row][vc_row padding_top=&#8221;30px&#8221; bg_type=&#8221;bg_color&#8221; bg_color_value=&#8221;#f5f5f5&#8243;][vc_column]<div id=\"ultimate-heading-40956a0602d4272d0\" class=\"uvc-heading ult-adjust-bottom-margin ultimate-heading-40956a0602d4272d0 uvc-3591 \" data-hspacer=\"line_only\"  data-halign=\"left\" style=\"text-align:left\"><div class=\"uvc-main-heading ult-responsive\"  data-ultimate-target='.uvc-heading.ultimate-heading-40956a0602d4272d0 h2'  data-responsive-json-new='{\"font-size\":\"desktop:20px;\",\"line-height\":\"desktop:50px;\"}' ><h2 style=\"font-weight:normal;color:#000000;\">D\u0130\u011eER B\u0130L\u0130MSEL<\/h2><\/div><div class=\"uvc-sub-heading ult-responsive\"  data-ultimate-target='.uvc-heading.ultimate-heading-40956a0602d4272d0 .uvc-sub-heading '  data-responsive-json-new='{\"font-size\":\"desktop:50px;tablet:48px;tablet_portrait:46px;mobile_landscape:44px;mobile:42px;\",\"line-height\":\"desktop:50px;tablet:48px;tablet_portrait:46px;mobile_landscape:44px;mobile:42px;\"}'  style=\"font-weight:bold;color:#000000;\"><span style=\"color: #69b3e7;\">PROJELER <\/span>VE<span style=\"color: #fe5252;\">\u00a0<span style=\"color: #69b3e7;\">YARI\u015eMALAR<\/span><\/span><\/div><div class=\"uvc-heading-spacer line_only\" style=\"margin-top:10px;height:3px;\"><span class=\"uvc-headings-line\" style=\"border-style:solid;border-bottom-width:3px;border-color:#000000;width:100px;\"><\/span><\/div><\/div>[\/vc_column][\/vc_row][vc_row padding_top=&#8221;30px&#8221; bg_type=&#8221;bg_color&#8221; bg_color_value=&#8221;#f5f5f5&#8243;][vc_column width=&#8221;1\/2&#8243;][vc_column_text]\u00d6zel ENKA Teknik okullar\u0131nda \u00f6\u011frenciler, akademik y\u0131llar\u0131n\u0131 en iyi \u015fekilde tamamlamaya \u00e7al\u0131\u015f\u0131rken, bir yandan da bilimsel projeler \u00fcretmeye te\u015fvik edilir. \u00d6\u011frenciler derslerinden kalan zamanlar\u0131n\u0131n bir b\u00f6l\u00fcm\u00fcn\u00fc ulusal ve uluslararas\u0131 bilimsel proje yar\u0131\u015fmalar\u0131na kat\u0131lacak fikirleri \u00fcretmekle ge\u00e7irir. Haz\u0131rl\u0131k a\u015famas\u0131nda \u00f6\u011frenciler,\u00a0 hem okul laboratuvarlar\u0131m\u0131zda hem de \u00e7e\u015fitli \u00fcniversitelerin laboratuvarlar\u0131nda nitelikli projelerin \u00e7\u0131kmas\u0131 amac\u0131yla yo\u011fun \u00e7al\u0131\u015fmalar yaparlar.<\/p>\n<p>Alan\u0131nda uzman kadromuzun rehberli\u011finde, fikirlerini hayata ge\u00e7iren \u00f6\u011frencilerimiz, se\u00e7tikleri bir konunun proje haline getirilmesi, sunulmas\u0131, savunulmas\u0131 ayn\u0131 alanda farkl\u0131 projelerle yar\u0131\u015fma s\u00fcreci ile e\u015fsiz bir \u00f6\u011frenme s\u00fcreci ge\u00e7irir ve deneyim kazan\u0131rlar.[\/vc_column_text][\/vc_column][vc_column width=&#8221;1\/2&#8243;][vc_single_image image=&#8221;4050&#8243;]<div class=\"ult-spacer spacer-6a0602d427332\" data-id=\"6a0602d427332\" data-height=\"24\" data-height-mobile=\"24\" data-height-tab=\"24\" data-height-tab-portrait=\"\" data-height-mobile-landscape=\"\" style=\"clear:both;display:block;\"><\/div>[\/vc_column][\/vc_row]<\/p>\n<\/div>","protected":false},"excerpt":{"rendered":"<p>[vc_row][vc_column][\/vc_column][\/vc_row][vc_row padding_top=&#8221;30px&#8221; bg_type=&#8221;bg_color&#8221; bg_color_value=&#8221;#f5f5f5&#8243;][vc_column][\/vc_column][\/vc_row][vc_row padding_top=&#8221;30px&#8221; bg_type=&#8221;bg_color&#8221; bg_color_value=&#8221;#f5f5f5&#8243;][vc_column width=&#8221;1\/2&#8243;][vc_column_text]\u00d6zel ENKA Teknik okullar\u0131nda \u00f6\u011frenciler, akademik y\u0131llar\u0131n\u0131 en iyi \u015fekilde tamamlamaya \u00e7al\u0131\u015f\u0131rken, bir yandan da bilimsel projeler \u00fcretmeye te\u015fvik edilir. \u00d6\u011frenciler derslerinden kalan zamanlar\u0131n\u0131n bir b\u00f6l\u00fcm\u00fcn\u00fc ulusal ve uluslararas\u0131 bilimsel proje yar\u0131\u015fmalar\u0131na kat\u0131lacak fikirleri \u00fcretmekle ge\u00e7irir. Haz\u0131rl\u0131k a\u015famas\u0131nda \u00f6\u011frenciler,\u00a0 hem okul laboratuvarlar\u0131m\u0131zda hem de \u00e7e\u015fitli \u00fcniversitelerin laboratuvarlar\u0131nda nitelikli projelerin \u00e7\u0131kmas\u0131 amac\u0131yla yo\u011fun \u00e7al\u0131\u015fmalar yaparlar. Alan\u0131nda uzman kadromuzun rehberli\u011finde,&#8230;<\/p>\n","protected":false},"author":4,"featured_media":900,"parent":7897,"menu_order":0,"comment_status":"closed","ping_status":"closed","template":"","meta":{"_acf_changed":false,"inline_featured_image":false,"footnotes":""},"class_list":["post-670","page","type-page","status-publish","has-post-thumbnail","hentry","custom-post-type-entry"],"aioseo_notices":[],"acf":[],"_links":{"self":[{"href":"https:\/\/www.enka.k12.tr\/kocaeli\/wp-json\/wp\/v2\/pages\/670","targetHints":{"allow":["GET"]}}],"collection":[{"href":"https:\/\/www.enka.k12.tr\/kocaeli\/wp-json\/wp\/v2\/pages"}],"about":[{"href":"https:\/\/www.enka.k12.tr\/kocaeli\/wp-json\/wp\/v2\/types\/page"}],"author":[{"embeddable":true,"href":"https:\/\/www.enka.k12.tr\/kocaeli\/wp-json\/wp\/v2\/users\/4"}],"replies":[{"embeddable":true,"href":"https:\/\/www.enka.k12.tr\/kocaeli\/wp-json\/wp\/v2\/comments?post=670"}],"version-history":[{"count":0,"href":"https:\/\/www.enka.k12.tr\/kocaeli\/wp-json\/wp\/v2\/pages\/670\/revisions"}],"up":[{"embeddable":true,"href":"https:\/\/www.enka.k12.tr\/kocaeli\/wp-json\/wp\/v2\/pages\/7897"}],"wp:featuredmedia":[{"embeddable":true,"href":"https:\/\/www.enka.k12.tr\/kocaeli\/wp-json\/wp\/v2\/media\/900"}],"wp:attachment":[{"href":"https:\/\/www.enka.k12.tr\/kocaeli\/wp-json\/wp\/v2\/media?parent=670"}],"curies":[{"name":"wp","href":"https:\/\/api.w.org\/{rel}","templated":true}]}}