{"id":693,"date":"2017-07-26T08:47:49","date_gmt":"2017-07-26T08:47:49","guid":{"rendered":"http:\/\/www.enka.com\/foundation\/schools\/gebze\/lego-training\/"},"modified":"2023-12-25T15:05:44","modified_gmt":"2023-12-25T12:05:44","slug":"lego-egitimi","status":"publish","type":"page","link":"https:\/\/www.enka.k12.tr\/kocaeli\/akademik-faaliyetler\/robot-yarismalari\/lego-egitimi\/","title":{"rendered":"LEGO E\u011e\u0130T\u0130M\u0130"},"content":{"rendered":"<div class=\"wpb-content-wrapper\"><p>[vc_row][vc_column]<div id=\"ultimate-heading-206869fa1dca422f5\" class=\"uvc-heading ult-adjust-bottom-margin ultimate-heading-206869fa1dca422f5 uvc-7072 \" data-hspacer=\"line_with_icon\" data-hline_width=\"auto\" data-hicon_type=\"custom\" data-hborder_style=\"solid\" data-hborder_height=\"3\" data-hborder_color=\"#69b3e7\" data-icon_width=\"200\" data-hfixer=\"30\"  data-halign=\"center\" style=\"text-align:center\"><div class=\"uvc-heading-spacer line_with_icon\" style=\"top\"><div class=\"ult-just-icon-wrapper  \"><div class=\"align-icon\" style=\"text-align:center;\">\n<div class=\"aio-icon-img \" style=\"font-size:200px;display:inline-block;\" >\n\t<img decoding=\"async\" class=\"img-icon\" alt=\"null\" src=\"https:\/\/www.enka.k12.tr\/kocaeli\/wp-content\/uploads\/2023\/12\/enka_schools_log_new.jpg\"\/>\n<\/div><\/div><\/div><\/div><\/div><div class=\"ult-spacer spacer-69fa1dca42373\" data-id=\"69fa1dca42373\" data-height=\"30\" data-height-mobile=\"10\" data-height-tab=\"20\" data-height-tab-portrait=\"\" data-height-mobile-landscape=\"\" style=\"clear:both;display:block;\"><\/div>[\/vc_column][\/vc_row][vc_row padding_top=&#8221;30px&#8221; bg_type=&#8221;bg_color&#8221; bg_color_value=&#8221;#f5f5f5&#8243;][vc_column]<div id=\"ultimate-heading-516669fa1dca423cd\" class=\"uvc-heading ult-adjust-bottom-margin ultimate-heading-516669fa1dca423cd uvc-7416 \" data-hspacer=\"line_only\"  data-halign=\"left\" style=\"text-align:left\"><div class=\"uvc-sub-heading ult-responsive\"  data-ultimate-target='.uvc-heading.ultimate-heading-516669fa1dca423cd .uvc-sub-heading '  data-responsive-json-new='{\"font-size\":\"desktop:50px;tablet:48px;tablet_portrait:46px;mobile_landscape:44px;mobile:42px;\",\"line-height\":\"desktop:50px;tablet:48px;tablet_portrait:46px;mobile_landscape:44px;mobile:42px;\"}'  style=\"font-weight:bold;color:#000000;\"><span style=\"color: #69b3e7;\">LEGO <\/span>E\u011e\u0130T\u0130M\u0130<\/div><div class=\"uvc-heading-spacer line_only\" style=\"margin-top:10px;height:3px;\"><span class=\"uvc-headings-line\" style=\"border-style:solid;border-bottom-width:3px;border-color:#000000;width:100px;\"><\/span><\/div><\/div>[\/vc_column][\/vc_row][vc_row padding_top=&#8221;30px&#8221; bg_type=&#8221;bg_color&#8221; bg_color_value=&#8221;#f5f5f5&#8243;][vc_column width=&#8221;2\/3&#8243;][vc_column_text]\u00d6zg\u00fcven sahibi, sorgulayan, tak\u0131m halinde toplumsal sorunlara \u00e7\u00f6z\u00fcmler \u00fcretebilen bir gen\u00e7lik yeti\u015fmesi niyetiyle, T\u00fcrkiye ile birlikte d\u00fcnyada\u00a0 80 \u00fclkede yap\u0131lan FIRST\u00ae LEGO\u00ae LEAGUE\u00a0\u00a0\u00a0 (FLL) etkinli\u011finde art\u0131k ENKA TEKN\u0130K OKULLARI olarak biz de var\u0131z.\u00a0\u00a0 FLL\u2019 nin yan\u0131 s\u0131ra D\u00fcnya Robot Olimpiyatlar\u0131 (WRO) da bu kapsam i\u00e7erisinde yapt\u0131\u011f\u0131m\u0131z uygulamalar\u0131n i\u00e7indedir. D\u00fcnya Robot Olimpiyatlar\u0131n\u0131n (WRO) amac\u0131 gen\u00e7lerin robot ve bilime kar\u015f\u0131 ilgilerini artt\u0131rmakt\u0131r. WRO ilkokuldan \u00fcniversiteye d\u00fcnyan\u0131n her yerinde t\u00fcm \u00f6\u011frencilerin fikir \u00fcretme ve problem \u00e7\u00f6zme gibi yeteneklerini \u201cd\u00fc\u015f\u00fcnd\u00fcr\u00fcc\u00fc ve e\u011fitici robot turnuvalar\u0131 ve aktiviteleri\u201d d\u00fczenleyerek geli\u015ftirir.[\/vc_column_text][\/vc_column][vc_column width=&#8221;1\/3&#8243;][vc_single_image image=&#8221;18600&#8243;][\/vc_column][\/vc_row][vc_row padding_top=&#8221;30px&#8221; bg_type=&#8221;bg_color&#8221; bg_color_value=&#8221;#f5f5f5&#8243;][vc_column][vc_column_text]\u00d6\u011frencilerimiz okulumuzda kurdu\u011fumuz LEGO s\u0131n\u0131f\u0131m\u0131zda, LEGO MINDSTORMS EV3 setleriyle \u00e7al\u0131\u015fmalar yap\u0131yor. B\u00f6ylece \u00f6\u011frencilerimizde el becerilerinde art\u0131\u015f, tasar\u0131m, algoritma d\u00fc\u015f\u00fcnce \u015fekilleri, yaz\u0131l\u0131m becerileri, fen-matematik-m\u00fchendislik konular\u0131na ilgi art\u0131\u015f\u0131, teknolojinin \u00fcretim i\u00e7in kullan\u0131ld\u0131\u011f\u0131 fark\u0131ndal\u0131\u011f\u0131, tak\u0131m \u00e7al\u0131\u015fmas\u0131 becerileri geli\u015fecektir.[\/vc_column_text]<div class=\"ult-spacer spacer-69fa1dca4240f\" data-id=\"69fa1dca4240f\" data-height=\"24\" data-height-mobile=\"24\" data-height-tab=\"24\" data-height-tab-portrait=\"\" data-height-mobile-landscape=\"\" style=\"clear:both;display:block;\"><\/div>[\/vc_column][\/vc_row]<\/p>\n<\/div>","protected":false},"excerpt":{"rendered":"<p>[vc_row][vc_column][\/vc_column][\/vc_row][vc_row padding_top=&#8221;30px&#8221; bg_type=&#8221;bg_color&#8221; bg_color_value=&#8221;#f5f5f5&#8243;][vc_column][\/vc_column][\/vc_row][vc_row padding_top=&#8221;30px&#8221; bg_type=&#8221;bg_color&#8221; bg_color_value=&#8221;#f5f5f5&#8243;][vc_column width=&#8221;2\/3&#8243;][vc_column_text]\u00d6zg\u00fcven sahibi, sorgulayan, tak\u0131m halinde toplumsal sorunlara \u00e7\u00f6z\u00fcmler \u00fcretebilen bir gen\u00e7lik yeti\u015fmesi niyetiyle, T\u00fcrkiye ile birlikte d\u00fcnyada\u00a0 80 \u00fclkede yap\u0131lan FIRST\u00ae LEGO\u00ae LEAGUE\u00a0\u00a0\u00a0 (FLL) etkinli\u011finde art\u0131k ENKA TEKN\u0130K OKULLARI olarak biz de var\u0131z.\u00a0\u00a0 FLL\u2019 nin yan\u0131 s\u0131ra D\u00fcnya Robot Olimpiyatlar\u0131 (WRO) da bu kapsam i\u00e7erisinde yapt\u0131\u011f\u0131m\u0131z uygulamalar\u0131n i\u00e7indedir. D\u00fcnya Robot Olimpiyatlar\u0131n\u0131n (WRO) amac\u0131 gen\u00e7lerin robot ve bilime kar\u015f\u0131&#8230;<\/p>\n","protected":false},"author":4,"featured_media":876,"parent":695,"menu_order":0,"comment_status":"closed","ping_status":"closed","template":"","meta":{"_acf_changed":false,"inline_featured_image":false,"footnotes":""},"class_list":["post-693","page","type-page","status-publish","has-post-thumbnail","hentry","custom-post-type-entry"],"aioseo_notices":[],"acf":[],"_links":{"self":[{"href":"https:\/\/www.enka.k12.tr\/kocaeli\/wp-json\/wp\/v2\/pages\/693","targetHints":{"allow":["GET"]}}],"collection":[{"href":"https:\/\/www.enka.k12.tr\/kocaeli\/wp-json\/wp\/v2\/pages"}],"about":[{"href":"https:\/\/www.enka.k12.tr\/kocaeli\/wp-json\/wp\/v2\/types\/page"}],"author":[{"embeddable":true,"href":"https:\/\/www.enka.k12.tr\/kocaeli\/wp-json\/wp\/v2\/users\/4"}],"replies":[{"embeddable":true,"href":"https:\/\/www.enka.k12.tr\/kocaeli\/wp-json\/wp\/v2\/comments?post=693"}],"version-history":[{"count":0,"href":"https:\/\/www.enka.k12.tr\/kocaeli\/wp-json\/wp\/v2\/pages\/693\/revisions"}],"up":[{"embeddable":true,"href":"https:\/\/www.enka.k12.tr\/kocaeli\/wp-json\/wp\/v2\/pages\/695"}],"wp:featuredmedia":[{"embeddable":true,"href":"https:\/\/www.enka.k12.tr\/kocaeli\/wp-json\/wp\/v2\/media\/876"}],"wp:attachment":[{"href":"https:\/\/www.enka.k12.tr\/kocaeli\/wp-json\/wp\/v2\/media?parent=693"}],"curies":[{"name":"wp","href":"https:\/\/api.w.org\/{rel}","templated":true}]}}