{"id":695,"date":"2017-07-26T08:48:45","date_gmt":"2017-07-26T08:48:45","guid":{"rendered":"http:\/\/www.enka.com\/foundation\/schools\/gebze\/robot-competitions\/"},"modified":"2026-04-02T10:12:02","modified_gmt":"2026-04-02T07:12:02","slug":"robot-yarismalari","status":"publish","type":"page","link":"https:\/\/www.enka.k12.tr\/kocaeli\/akademik-faaliyetler\/robot-yarismalari\/","title":{"rendered":"ROBOT YARI\u015eMALARI"},"content":{"rendered":"<div class=\"wpb-content-wrapper\"><p>[vc_row][vc_column]<div id=\"ultimate-heading-448069fa1dbc98fe9\" class=\"uvc-heading ult-adjust-bottom-margin ultimate-heading-448069fa1dbc98fe9 uvc-9409 \" data-hspacer=\"line_with_icon\" data-hline_width=\"auto\" data-hicon_type=\"custom\" data-hborder_style=\"solid\" data-hborder_height=\"3\" data-hborder_color=\"#69b3e7\" data-icon_width=\"200\" data-hfixer=\"30\"  data-halign=\"center\" style=\"text-align:center\"><div class=\"uvc-heading-spacer line_with_icon\" style=\"top\"><div class=\"ult-just-icon-wrapper  \"><div class=\"align-icon\" style=\"text-align:center;\">\n<div class=\"aio-icon-img \" style=\"font-size:200px;display:inline-block;\" >\n\t<img decoding=\"async\" class=\"img-icon\" alt=\"null\" src=\"https:\/\/www.enka.k12.tr\/kocaeli\/wp-content\/uploads\/2023\/12\/enka_schools_log_new.jpg\"\/>\n<\/div><\/div><\/div><\/div><\/div><div class=\"ult-spacer spacer-69fa1dbc99042\" data-id=\"69fa1dbc99042\" data-height=\"30\" data-height-mobile=\"10\" data-height-tab=\"20\" data-height-tab-portrait=\"\" data-height-mobile-landscape=\"\" style=\"clear:both;display:block;\"><\/div>[\/vc_column][\/vc_row][vc_row padding_top=&#8221;30px&#8221; bg_type=&#8221;bg_color&#8221; bg_color_value=&#8221;#f5f5f5&#8243;][vc_column]<div id=\"ultimate-heading-40369fa1dbc99096\" class=\"uvc-heading ult-adjust-bottom-margin ultimate-heading-40369fa1dbc99096 uvc-231 \" data-hspacer=\"no_spacer\"  data-halign=\"left\" style=\"text-align:left\"><div class=\"uvc-heading-spacer no_spacer\" style=\"top\"><\/div><div class=\"uvc-sub-heading ult-responsive\"  data-ultimate-target='.uvc-heading.ultimate-heading-40369fa1dbc99096 .uvc-sub-heading '  data-responsive-json-new='{\"font-size\":\"desktop:50px;tablet:48px;tablet_portrait:46px;mobile_landscape:44px;mobile:42px;\",\"line-height\":\"desktop:50px;tablet:48px;tablet_portrait:46px;mobile_landscape:44px;mobile:42px;\"}'  style=\"font-weight:bold;color:#000000;\"><span style=\"color: #003366;\">ROBOT YARI\u015eMALARI<\/span><\/div><\/div><div class=\"ult-spacer spacer-69fa1dbc990d3\" data-id=\"69fa1dbc990d3\" data-height=\"24\" data-height-mobile=\"24\" data-height-tab=\"24\" data-height-tab-portrait=\"\" data-height-mobile-landscape=\"\" style=\"clear:both;display:block;\"><\/div>[\/vc_column][\/vc_row][vc_row padding_top=&#8221;30px&#8221; bg_type=&#8221;bg_color&#8221; bg_color_value=&#8221;#f5f5f5&#8243;][vc_column][vc_column_text]ENKA Okullar\u0131 olarak amac\u0131m\u0131z, evrensel bilgi \u00fcreten ve bu bilgiyi toplum ve insanl\u0131k yarar\u0131na kullanan, \u00e7a\u011fda\u015f anlay\u0131\u015fta ve sorumluluk sahibi bireyler yeti\u015ftirmektir. Bu vizyon do\u011frultusunda, \u00f6\u011frencilerimiz teknolojik ve bilimsel yeteneklerini geli\u015ftirebilecekleri bir ortamda \u00e7al\u0131\u015fmalar yapar ve kendilerini \u00e7e\u015fitli projelerde s\u0131nama f\u0131rsat\u0131 bulur.<\/p>\n<p>Robot \u00e7al\u0131\u015fmalar\u0131 yapan \u00f6\u011frencilerimiz hem ulusal hem de uluslararas\u0131 yar\u0131\u015fmalarda okulumuzu ve \u00fclkemizi gururla temsil eder. Bu yar\u0131\u015fmalar aras\u0131nda Mill\u00ee E\u011fitim Bakanl\u0131\u011f\u0131 Temal\u0131 Robot Yar\u0131\u015fmalar\u0131, Drone \u0130nsans\u0131z Hava Ara\u00e7lar\u0131 yar\u0131\u015fmalar\u0131, Y\u0131ld\u0131z Sava\u015flar\u0131, First Robotics Competition (FRC), FLL Lego League ve WRO Lego gibi etkinlikler bulunur. Bu s\u00fcre\u00e7, \u00f6\u011frencilerimizin farkl\u0131 m\u00fchendislik ve tasar\u0131m alanlar\u0131nda kendilerini geli\u015ftirmelerine imk\u00e2n tan\u0131r.<\/p>\n<p>Bu \u00e7al\u0131\u015fmalar s\u0131ras\u0131nda \u00f6\u011frencilerimiz yarat\u0131c\u0131l\u0131k, problem \u00e7\u00f6zme, analitik d\u00fc\u015f\u00fcnme ve tak\u0131m \u00e7al\u0131\u015fmas\u0131 becerilerini geli\u015ftirirken, ayn\u0131 zamanda okulumuzu ve \u00fclkemizi ulusal ve uluslararas\u0131 platformlarda ba\u015far\u0131yla temsil ederler. Robot projeleri, \u00f6\u011frencilerimizin bilimsel meraklar\u0131n\u0131 ve m\u00fchendislik becerilerini birle\u015ftirerek onlar\u0131 gelece\u011fin yenilik\u00e7i liderleri olmaya haz\u0131rlar.[\/vc_column_text]<div class=\"ult-spacer spacer-69fa1dbc990fb\" data-id=\"69fa1dbc990fb\" data-height=\"24\" data-height-mobile=\"24\" data-height-tab=\"24\" data-height-tab-portrait=\"\" data-height-mobile-landscape=\"\" style=\"clear:both;display:block;\"><\/div>[\/vc_column][\/vc_row]<\/p>\n<\/div>","protected":false},"excerpt":{"rendered":"<p>[vc_row][vc_column][\/vc_column][\/vc_row][vc_row padding_top=&#8221;30px&#8221; bg_type=&#8221;bg_color&#8221; bg_color_value=&#8221;#f5f5f5&#8243;][vc_column][\/vc_column][\/vc_row][vc_row padding_top=&#8221;30px&#8221; bg_type=&#8221;bg_color&#8221; bg_color_value=&#8221;#f5f5f5&#8243;][vc_column][vc_column_text]ENKA Okullar\u0131 olarak amac\u0131m\u0131z, evrensel bilgi \u00fcreten ve bu bilgiyi toplum ve insanl\u0131k yarar\u0131na kullanan, \u00e7a\u011fda\u015f anlay\u0131\u015fta ve sorumluluk sahibi bireyler yeti\u015ftirmektir. Bu vizyon do\u011frultusunda, \u00f6\u011frencilerimiz teknolojik ve bilimsel yeteneklerini geli\u015ftirebilecekleri bir ortamda \u00e7al\u0131\u015fmalar yapar ve kendilerini \u00e7e\u015fitli projelerde s\u0131nama f\u0131rsat\u0131 bulur. Robot \u00e7al\u0131\u015fmalar\u0131 yapan \u00f6\u011frencilerimiz hem ulusal hem de uluslararas\u0131 yar\u0131\u015fmalarda okulumuzu ve \u00fclkemizi gururla temsil eder. Bu&#8230;<\/p>\n","protected":false},"author":4,"featured_media":931,"parent":664,"menu_order":0,"comment_status":"closed","ping_status":"closed","template":"","meta":{"_acf_changed":false,"inline_featured_image":false,"footnotes":""},"class_list":["post-695","page","type-page","status-publish","has-post-thumbnail","hentry","custom-post-type-entry"],"aioseo_notices":[],"acf":[],"_links":{"self":[{"href":"https:\/\/www.enka.k12.tr\/kocaeli\/wp-json\/wp\/v2\/pages\/695","targetHints":{"allow":["GET"]}}],"collection":[{"href":"https:\/\/www.enka.k12.tr\/kocaeli\/wp-json\/wp\/v2\/pages"}],"about":[{"href":"https:\/\/www.enka.k12.tr\/kocaeli\/wp-json\/wp\/v2\/types\/page"}],"author":[{"embeddable":true,"href":"https:\/\/www.enka.k12.tr\/kocaeli\/wp-json\/wp\/v2\/users\/4"}],"replies":[{"embeddable":true,"href":"https:\/\/www.enka.k12.tr\/kocaeli\/wp-json\/wp\/v2\/comments?post=695"}],"version-history":[{"count":2,"href":"https:\/\/www.enka.k12.tr\/kocaeli\/wp-json\/wp\/v2\/pages\/695\/revisions"}],"predecessor-version":[{"id":27020,"href":"https:\/\/www.enka.k12.tr\/kocaeli\/wp-json\/wp\/v2\/pages\/695\/revisions\/27020"}],"up":[{"embeddable":true,"href":"https:\/\/www.enka.k12.tr\/kocaeli\/wp-json\/wp\/v2\/pages\/664"}],"wp:featuredmedia":[{"embeddable":true,"href":"https:\/\/www.enka.k12.tr\/kocaeli\/wp-json\/wp\/v2\/media\/931"}],"wp:attachment":[{"href":"https:\/\/www.enka.k12.tr\/kocaeli\/wp-json\/wp\/v2\/media?parent=695"}],"curies":[{"name":"wp","href":"https:\/\/api.w.org\/{rel}","templated":true}]}}