{"id":696,"date":"2017-07-26T09:41:21","date_gmt":"2017-07-26T09:41:21","guid":{"rendered":"http:\/\/www.enka.com\/foundation\/schools\/gebze\/meb-robot\/"},"modified":"2023-12-25T08:36:31","modified_gmt":"2023-12-25T05:36:31","slug":"meb-robot","status":"publish","type":"page","link":"https:\/\/www.enka.k12.tr\/kocaeli\/akademik-faaliyetler\/robot-yarismalari\/meb-robot\/","title":{"rendered":"MEB ROBOT"},"content":{"rendered":"<div class=\"wpb-content-wrapper\"><p>[vc_row][vc_column]<div id=\"ultimate-heading-498269fa1dbb916d1\" class=\"uvc-heading ult-adjust-bottom-margin ultimate-heading-498269fa1dbb916d1 uvc-2105 \" data-hspacer=\"line_with_icon\" data-hline_width=\"auto\" data-hicon_type=\"custom\" data-hborder_style=\"solid\" data-hborder_height=\"3\" data-hborder_color=\"#69b3e7\" data-icon_width=\"200\" data-hfixer=\"30\"  data-halign=\"center\" style=\"text-align:center\"><div class=\"uvc-heading-spacer line_with_icon\" style=\"top\"><div class=\"ult-just-icon-wrapper  \"><div class=\"align-icon\" style=\"text-align:center;\">\n<div class=\"aio-icon-img \" style=\"font-size:200px;display:inline-block;\" >\n\t<img decoding=\"async\" class=\"img-icon\" alt=\"null\" src=\"https:\/\/www.enka.k12.tr\/kocaeli\/wp-content\/uploads\/2023\/12\/enka_schools_log_new.jpg\"\/>\n<\/div><\/div><\/div><\/div><\/div><div class=\"ult-spacer spacer-69fa1dbb91726\" data-id=\"69fa1dbb91726\" data-height=\"30\" data-height-mobile=\"10\" data-height-tab=\"20\" data-height-tab-portrait=\"\" data-height-mobile-landscape=\"\" style=\"clear:both;display:block;\"><\/div>[\/vc_column][\/vc_row][vc_row padding_top=&#8221;30px&#8221; bg_type=&#8221;bg_color&#8221; bg_color_value=&#8221;#f5f5f5&#8243;][vc_column]<div id=\"ultimate-heading-46669fa1dbb917a4\" class=\"uvc-heading ult-adjust-bottom-margin ultimate-heading-46669fa1dbb917a4 uvc-9132 \" data-hspacer=\"line_only\"  data-halign=\"left\" style=\"text-align:left\"><div class=\"uvc-sub-heading ult-responsive\"  data-ultimate-target='.uvc-heading.ultimate-heading-46669fa1dbb917a4 .uvc-sub-heading '  data-responsive-json-new='{\"font-size\":\"desktop:50px;tablet:48px;tablet_portrait:46px;mobile_landscape:44px;mobile:42px;\",\"line-height\":\"desktop:50px;tablet:48px;tablet_portrait:46px;mobile_landscape:44px;mobile:42px;\"}'  style=\"font-weight:bold;color:#000000;\"><span style=\"color: #fe5252;\"><span style=\"color: #69b3e7;\">MEB<\/span>\u00a0<\/span>TEMALI ROBOT<\/div><div class=\"uvc-heading-spacer line_only\" style=\"margin-top:10px;height:3px;\"><span class=\"uvc-headings-line\" style=\"border-style:solid;border-bottom-width:3px;border-color:#000000;width:100px;\"><\/span><\/div><\/div>[\/vc_column][\/vc_row][vc_row padding_top=&#8221;30px&#8221; bg_type=&#8221;bg_color&#8221; bg_color_value=&#8221;#f5f5f5&#8243;][vc_column width=&#8221;1\/2&#8243;][vc_column_text]Mill\u00ee E\u011fitim Bakanl\u0131\u011f\u0131nca, Ekonomik \u0130\u015fbirli\u011fi Te\u015fkilat\u0131 E\u011fitim Enstit\u00fcs\u00fc (E\u0130T) ve T\u00dcB\u0130TAK ortakl\u0131\u011f\u0131yla d\u00fczenlenen MEB Robot Yar\u0131\u015fmas\u0131n\u0131n Temal\u0131 kategorisi her y\u0131l b\u00fcy\u00fck ilgi g\u00f6rmektedir.<\/p>\n<p>\u00d6\u011frencilerimizin, Teorik bilgilerinin at\u00f6lye becerileri ile birle\u015ftirilmesi sonucu ortaya \u00e7\u0131kar\u0131lan bu robotlar\u0131n her y\u0131l farkl\u0131 g\u00f6rev alan\u0131 olan Mekanik ve Yaz\u0131l\u0131m y\u00f6nlerini zorlamak amac\u0131yla zorlu bir parkurda yar\u0131\u015ft\u0131r\u0131lmaktad\u0131r.<\/p>\n<p>Her y\u0131l ENKA Teknik Okullar\u0131 olarak kat\u0131ld\u0131\u011f\u0131m\u0131z bu robot yar\u0131\u015fmas\u0131nda okulumuzu ba\u015far\u0131 ve gururla temsil etmekteyiz.[\/vc_column_text][\/vc_column][vc_column width=&#8221;1\/2&#8243;][vc_single_image image=&#8221;3090&#8243;]<div class=\"ult-spacer spacer-69fa1dbb917e3\" data-id=\"69fa1dbb917e3\" data-height=\"24\" data-height-mobile=\"24\" data-height-tab=\"24\" data-height-tab-portrait=\"\" data-height-mobile-landscape=\"\" style=\"clear:both;display:block;\"><\/div>[\/vc_column][\/vc_row]<\/p>\n<\/div>","protected":false},"excerpt":{"rendered":"<p>[vc_row][vc_column][\/vc_column][\/vc_row][vc_row padding_top=&#8221;30px&#8221; bg_type=&#8221;bg_color&#8221; bg_color_value=&#8221;#f5f5f5&#8243;][vc_column][\/vc_column][\/vc_row][vc_row padding_top=&#8221;30px&#8221; bg_type=&#8221;bg_color&#8221; bg_color_value=&#8221;#f5f5f5&#8243;][vc_column width=&#8221;1\/2&#8243;][vc_column_text]Mill\u00ee E\u011fitim Bakanl\u0131\u011f\u0131nca, Ekonomik \u0130\u015fbirli\u011fi Te\u015fkilat\u0131 E\u011fitim Enstit\u00fcs\u00fc (E\u0130T) ve T\u00dcB\u0130TAK ortakl\u0131\u011f\u0131yla d\u00fczenlenen MEB Robot Yar\u0131\u015fmas\u0131n\u0131n Temal\u0131 kategorisi her y\u0131l b\u00fcy\u00fck ilgi g\u00f6rmektedir. \u00d6\u011frencilerimizin, Teorik bilgilerinin at\u00f6lye becerileri ile birle\u015ftirilmesi sonucu ortaya \u00e7\u0131kar\u0131lan bu robotlar\u0131n her y\u0131l farkl\u0131 g\u00f6rev alan\u0131 olan Mekanik ve Yaz\u0131l\u0131m y\u00f6nlerini zorlamak amac\u0131yla zorlu bir parkurda yar\u0131\u015ft\u0131r\u0131lmaktad\u0131r. Her y\u0131l ENKA Teknik Okullar\u0131 olarak kat\u0131ld\u0131\u011f\u0131m\u0131z&#8230;<\/p>\n","protected":false},"author":4,"featured_media":890,"parent":695,"menu_order":0,"comment_status":"closed","ping_status":"closed","template":"","meta":{"_acf_changed":false,"inline_featured_image":false,"footnotes":""},"class_list":["post-696","page","type-page","status-publish","has-post-thumbnail","hentry","custom-post-type-entry"],"aioseo_notices":[],"acf":[],"_links":{"self":[{"href":"https:\/\/www.enka.k12.tr\/kocaeli\/wp-json\/wp\/v2\/pages\/696","targetHints":{"allow":["GET"]}}],"collection":[{"href":"https:\/\/www.enka.k12.tr\/kocaeli\/wp-json\/wp\/v2\/pages"}],"about":[{"href":"https:\/\/www.enka.k12.tr\/kocaeli\/wp-json\/wp\/v2\/types\/page"}],"author":[{"embeddable":true,"href":"https:\/\/www.enka.k12.tr\/kocaeli\/wp-json\/wp\/v2\/users\/4"}],"replies":[{"embeddable":true,"href":"https:\/\/www.enka.k12.tr\/kocaeli\/wp-json\/wp\/v2\/comments?post=696"}],"version-history":[{"count":0,"href":"https:\/\/www.enka.k12.tr\/kocaeli\/wp-json\/wp\/v2\/pages\/696\/revisions"}],"up":[{"embeddable":true,"href":"https:\/\/www.enka.k12.tr\/kocaeli\/wp-json\/wp\/v2\/pages\/695"}],"wp:featuredmedia":[{"embeddable":true,"href":"https:\/\/www.enka.k12.tr\/kocaeli\/wp-json\/wp\/v2\/media\/890"}],"wp:attachment":[{"href":"https:\/\/www.enka.k12.tr\/kocaeli\/wp-json\/wp\/v2\/media?parent=696"}],"curies":[{"name":"wp","href":"https:\/\/api.w.org\/{rel}","templated":true}]}}