{"id":697,"date":"2017-07-26T09:42:02","date_gmt":"2017-07-26T09:42:02","guid":{"rendered":"http:\/\/www.enka.com\/foundation\/schools\/gebze\/star-wars\/"},"modified":"2023-12-22T17:21:47","modified_gmt":"2023-12-22T14:21:47","slug":"yildiz-savaslari","status":"publish","type":"page","link":"https:\/\/www.enka.k12.tr\/kocaeli\/akademik-faaliyetler\/robot-yarismalari\/yildiz-savaslari\/","title":{"rendered":"YILDIZ SAVA\u015eLARI"},"content":{"rendered":"<div class=\"wpb-content-wrapper\"><p>[vc_row][vc_column]<div id=\"ultimate-heading-635369fa1dbd84e63\" class=\"uvc-heading ult-adjust-bottom-margin ultimate-heading-635369fa1dbd84e63 uvc-9741 \" data-hspacer=\"line_with_icon\" data-hline_width=\"auto\" data-hicon_type=\"custom\" data-hborder_style=\"solid\" data-hborder_height=\"3\" data-hborder_color=\"#69b3e7\" data-icon_width=\"200\" data-hfixer=\"30\"  data-halign=\"center\" style=\"text-align:center\"><div class=\"uvc-heading-spacer line_with_icon\" style=\"top\"><div class=\"ult-just-icon-wrapper  \"><div class=\"align-icon\" style=\"text-align:center;\">\n<div class=\"aio-icon-img \" style=\"font-size:200px;display:inline-block;\" >\n\t<img decoding=\"async\" class=\"img-icon\" alt=\"null\" src=\"https:\/\/www.enka.k12.tr\/kocaeli\/wp-content\/uploads\/2023\/12\/enka_schools_log_new.jpg\"\/>\n<\/div><\/div><\/div><\/div><\/div><div class=\"ult-spacer spacer-69fa1dbd84ec3\" data-id=\"69fa1dbd84ec3\" data-height=\"30\" data-height-mobile=\"10\" data-height-tab=\"20\" data-height-tab-portrait=\"\" data-height-mobile-landscape=\"\" style=\"clear:both;display:block;\"><\/div>[\/vc_column][\/vc_row][vc_row padding_top=&#8221;30px&#8221; bg_type=&#8221;bg_color&#8221; bg_color_value=&#8221;#f5f5f5&#8243;][vc_column width=&#8221;1\/2&#8243;]<div id=\"ultimate-heading-980669fa1dbd84f55\" class=\"uvc-heading ult-adjust-bottom-margin ultimate-heading-980669fa1dbd84f55 uvc-6504 \" data-hspacer=\"line_only\"  data-halign=\"left\" style=\"text-align:left\"><div class=\"uvc-sub-heading ult-responsive\"  data-ultimate-target='.uvc-heading.ultimate-heading-980669fa1dbd84f55 .uvc-sub-heading '  data-responsive-json-new='{\"font-size\":\"desktop:50px;tablet:48px;tablet_portrait:46px;mobile_landscape:44px;mobile:42px;\",\"line-height\":\"desktop:50px;tablet:48px;tablet_portrait:46px;mobile_landscape:44px;mobile:42px;\"}'  style=\"font-weight:bold;color:#000000;\"><span style=\"color: #69b3e7;\">YILDIZ<\/span>\u00a0SAVA\u015eLARI<\/div><div class=\"uvc-heading-spacer line_only\" style=\"margin-top:10px;height:3px;\"><span class=\"uvc-headings-line\" style=\"border-style:solid;border-bottom-width:3px;border-color:#000000;width:100px;\"><\/span><\/div><\/div><div class=\"ult-spacer spacer-69fa1dbd84f9a\" data-id=\"69fa1dbd84f9a\" data-height=\"24\" data-height-mobile=\"24\" data-height-tab=\"24\" data-height-tab-portrait=\"\" data-height-mobile-landscape=\"\" style=\"clear:both;display:block;\"><\/div>[\/vc_column][vc_column width=&#8221;1\/2&#8243;][\/vc_column][\/vc_row][vc_row padding_top=&#8221;30px&#8221; bg_type=&#8221;bg_color&#8221; bg_color_value=&#8221;#f5f5f5&#8243;][vc_column width=&#8221;2\/3&#8243;][vc_column_text]Her y\u0131l geleneksel olarak d\u00fczenlenen Y\u0131ld\u0131z Teknik \u00dcniversitesi Robot yar\u0131\u015fmas\u0131nda k\u0131yas\u0131ya m\u00fccadelenin ya\u015fand\u0131\u011f\u0131 yar\u0131\u015fmalarda en \u00e7ok ilgi toplayan b\u00f6l\u00fcm hi\u00e7 ku\u015fkusuz Y\u0131ld\u0131z Sava\u015flar\u0131 kategorisidir.<\/p>\n<p style=\"text-align: justify;\">Y\u0131ld\u0131z Sava\u015flar\u0131nda robotlar bir kafesin i\u00e7erisine konularak birbirlerini etkisiz hale getirmeye \u00e7al\u0131\u015f\u0131yor ve m\u00fccadelelerde \u00fcst\u00fcn gelen robotlar tur atlayarak bir \u00fcst tura ge\u00e7me hakk\u0131na sahip oluyor.<\/p>\n<p style=\"text-align: justify;\">Her y\u0131l ENKA Tech ekibi olarak kat\u0131ld\u0131\u011f\u0131m\u0131z bu robot yar\u0131\u015fmas\u0131nda \u00f6d\u00fclleri toplayarak okulumuzu temsil ediyoruz.<\/p>\n<p>[\/vc_column_text][\/vc_column][vc_column width=&#8221;1\/3&#8243;][vc_single_image image=&#8221;2165&#8243; img_size=&#8221;full&#8221;]<div class=\"ult-spacer spacer-69fa1dbd84fd2\" data-id=\"69fa1dbd84fd2\" data-height=\"24\" data-height-mobile=\"24\" data-height-tab=\"24\" data-height-tab-portrait=\"\" data-height-mobile-landscape=\"\" style=\"clear:both;display:block;\"><\/div>[\/vc_column][\/vc_row]<\/p>\n<\/div>","protected":false},"excerpt":{"rendered":"<p>[vc_row][vc_column][\/vc_column][\/vc_row][vc_row padding_top=&#8221;30px&#8221; bg_type=&#8221;bg_color&#8221; bg_color_value=&#8221;#f5f5f5&#8243;][vc_column width=&#8221;1\/2&#8243;][\/vc_column][vc_column width=&#8221;1\/2&#8243;][\/vc_column][\/vc_row][vc_row padding_top=&#8221;30px&#8221; bg_type=&#8221;bg_color&#8221; bg_color_value=&#8221;#f5f5f5&#8243;][vc_column width=&#8221;2\/3&#8243;][vc_column_text]Her y\u0131l geleneksel olarak d\u00fczenlenen Y\u0131ld\u0131z Teknik \u00dcniversitesi Robot yar\u0131\u015fmas\u0131nda k\u0131yas\u0131ya m\u00fccadelenin ya\u015fand\u0131\u011f\u0131 yar\u0131\u015fmalarda en \u00e7ok ilgi toplayan b\u00f6l\u00fcm hi\u00e7 ku\u015fkusuz Y\u0131ld\u0131z Sava\u015flar\u0131 kategorisidir. Y\u0131ld\u0131z Sava\u015flar\u0131nda robotlar bir kafesin i\u00e7erisine konularak birbirlerini etkisiz hale getirmeye \u00e7al\u0131\u015f\u0131yor ve m\u00fccadelelerde \u00fcst\u00fcn gelen robotlar tur atlayarak bir \u00fcst tura ge\u00e7me hakk\u0131na sahip oluyor. Her y\u0131l ENKA Tech ekibi olarak&#8230;<\/p>\n","protected":false},"author":4,"featured_media":1025,"parent":695,"menu_order":0,"comment_status":"closed","ping_status":"closed","template":"","meta":{"_acf_changed":false,"inline_featured_image":false,"footnotes":""},"class_list":["post-697","page","type-page","status-publish","has-post-thumbnail","hentry","custom-post-type-entry"],"aioseo_notices":[],"acf":[],"_links":{"self":[{"href":"https:\/\/www.enka.k12.tr\/kocaeli\/wp-json\/wp\/v2\/pages\/697","targetHints":{"allow":["GET"]}}],"collection":[{"href":"https:\/\/www.enka.k12.tr\/kocaeli\/wp-json\/wp\/v2\/pages"}],"about":[{"href":"https:\/\/www.enka.k12.tr\/kocaeli\/wp-json\/wp\/v2\/types\/page"}],"author":[{"embeddable":true,"href":"https:\/\/www.enka.k12.tr\/kocaeli\/wp-json\/wp\/v2\/users\/4"}],"replies":[{"embeddable":true,"href":"https:\/\/www.enka.k12.tr\/kocaeli\/wp-json\/wp\/v2\/comments?post=697"}],"version-history":[{"count":0,"href":"https:\/\/www.enka.k12.tr\/kocaeli\/wp-json\/wp\/v2\/pages\/697\/revisions"}],"up":[{"embeddable":true,"href":"https:\/\/www.enka.k12.tr\/kocaeli\/wp-json\/wp\/v2\/pages\/695"}],"wp:featuredmedia":[{"embeddable":true,"href":"https:\/\/www.enka.k12.tr\/kocaeli\/wp-json\/wp\/v2\/media\/1025"}],"wp:attachment":[{"href":"https:\/\/www.enka.k12.tr\/kocaeli\/wp-json\/wp\/v2\/media?parent=697"}],"curies":[{"name":"wp","href":"https:\/\/api.w.org\/{rel}","templated":true}]}}