{"id":698,"date":"2017-07-26T09:42:22","date_gmt":"2017-07-26T09:42:22","guid":{"rendered":"http:\/\/www.enka.com\/foundation\/schools\/gebze\/lego-plane\/"},"modified":"2023-12-22T17:25:47","modified_gmt":"2023-12-22T14:25:47","slug":"insansiz-hava-araclari","status":"publish","type":"page","link":"https:\/\/www.enka.k12.tr\/kocaeli\/akademik-faaliyetler\/robot-yarismalari\/insansiz-hava-araclari\/","title":{"rendered":"\u0130NSANSIZ HAVA ARA\u00c7LARI"},"content":{"rendered":"<div class=\"wpb-content-wrapper\"><p>[vc_row][vc_column]<div id=\"ultimate-heading-231869f5761fb843c\" class=\"uvc-heading ult-adjust-bottom-margin ultimate-heading-231869f5761fb843c uvc-143 \" data-hspacer=\"line_with_icon\" data-hline_width=\"auto\" data-hicon_type=\"custom\" data-hborder_style=\"solid\" data-hborder_height=\"3\" data-hborder_color=\"#69b3e7\" data-icon_width=\"200\" data-hfixer=\"30\"  data-halign=\"center\" style=\"text-align:center\"><div class=\"uvc-heading-spacer line_with_icon\" style=\"top\"><div class=\"ult-just-icon-wrapper  \"><div class=\"align-icon\" style=\"text-align:center;\">\n<div class=\"aio-icon-img \" style=\"font-size:200px;display:inline-block;\" >\n\t<img decoding=\"async\" class=\"img-icon\" alt=\"null\" src=\"https:\/\/www.enka.k12.tr\/kocaeli\/wp-content\/uploads\/2023\/12\/enka_schools_log_new.jpg\"\/>\n<\/div><\/div><\/div><\/div><\/div><div class=\"ult-spacer spacer-69f5761fb84a3\" data-id=\"69f5761fb84a3\" data-height=\"30\" data-height-mobile=\"10\" data-height-tab=\"20\" data-height-tab-portrait=\"\" data-height-mobile-landscape=\"\" style=\"clear:both;display:block;\"><\/div>[\/vc_column][\/vc_row][vc_row padding_top=&#8221;30px&#8221; bg_type=&#8221;bg_color&#8221; bg_color_value=&#8221;#f5f5f5&#8243;][vc_column]<div id=\"ultimate-heading-811469f5761fb850f\" class=\"uvc-heading ult-adjust-bottom-margin ultimate-heading-811469f5761fb850f uvc-2116 \" data-hspacer=\"line_only\"  data-halign=\"left\" style=\"text-align:left\"><div class=\"uvc-sub-heading ult-responsive\"  data-ultimate-target='.uvc-heading.ultimate-heading-811469f5761fb850f .uvc-sub-heading '  data-responsive-json-new='{\"font-size\":\"desktop:50px;tablet:48px;tablet_portrait:46px;mobile_landscape:44px;mobile:42px;\",\"line-height\":\"desktop:50px;tablet:48px;tablet_portrait:46px;mobile_landscape:44px;mobile:42px;\"}'  style=\"font-weight:bold;color:#000000;\">\u0130NSANSIZ <span style=\"color: #69b3e7;\">HAVA<\/span>\u00a0ARA\u00c7LARI<\/div><div class=\"uvc-heading-spacer line_only\" style=\"margin-top:10px;height:3px;\"><span class=\"uvc-headings-line\" style=\"border-style:solid;border-bottom-width:3px;border-color:#69b3e7;width:100px;\"><\/span><\/div><\/div><div class=\"ult-spacer spacer-69f5761fb854d\" data-id=\"69f5761fb854d\" data-height=\"24\" data-height-mobile=\"24\" data-height-tab=\"24\" data-height-tab-portrait=\"\" data-height-mobile-landscape=\"\" style=\"clear:both;display:block;\"><\/div>[\/vc_column][\/vc_row][vc_row padding_top=&#8221;30px&#8221; bg_type=&#8221;bg_color&#8221; bg_color_value=&#8221;#f5f5f5&#8243;][vc_column width=&#8221;2\/3&#8243;][vc_column_text]Sabit kanatl\u0131 ve d\u00f6ner kanatl\u0131 \u0130nsans\u0131z Hava Ara\u00e7lar\u0131 kategorilerinde okulumuz \u00f6\u011frencileri, kendilerinin tasarlad\u0131klar\u0131 Drone ve Model U\u00e7aklarla okulumuzu Milli E\u011fitim Bakanl\u0131\u011f\u0131 Robot yar\u0131\u015fmas\u0131, Tasarla- Yap \u2013 U\u00e7ur (TYU) Model U\u00e7ak Yar\u0131\u015fmas\u0131 ve T\u00dcB\u0130TAK UAV (Unmanned Aerial Vehicle) \u0130nsans\u0131z Hava Ara\u00e7lar\u0131 yar\u0131\u015fmalar\u0131nda temsil etmekteler.<br \/>\nBu cihazlar\u0131n \u00fcretiminin her a\u015famas\u0131 okulumuz \u00f6\u011frencilerinin ve dan\u0131\u015fman \u00f6\u011fretmenlerimizin \u00e7aba ve gayretleriyle olu\u015fmaktad\u0131r. Bu yar\u0131\u015fmalarda ge\u00e7mi\u015f y\u0131llarda okulumuz \u00f6\u011frencilerinin ald\u0131klar\u0131 \u00e7e\u015fitli dereceler mevcuttur.[\/vc_column_text][\/vc_column][vc_column width=&#8221;1\/3&#8243;][vc_single_image image=&#8221;2187&#8243; img_size=&#8221;full&#8221;]<div class=\"ult-spacer spacer-69f5761fb8575\" data-id=\"69f5761fb8575\" data-height=\"24\" data-height-mobile=\"24\" data-height-tab=\"24\" data-height-tab-portrait=\"\" data-height-mobile-landscape=\"\" style=\"clear:both;display:block;\"><\/div>[\/vc_column][\/vc_row]<\/p>\n<\/div>","protected":false},"excerpt":{"rendered":"<p>[vc_row][vc_column][\/vc_column][\/vc_row][vc_row padding_top=&#8221;30px&#8221; bg_type=&#8221;bg_color&#8221; bg_color_value=&#8221;#f5f5f5&#8243;][vc_column][\/vc_column][\/vc_row][vc_row padding_top=&#8221;30px&#8221; bg_type=&#8221;bg_color&#8221; bg_color_value=&#8221;#f5f5f5&#8243;][vc_column width=&#8221;2\/3&#8243;][vc_column_text]Sabit kanatl\u0131 ve d\u00f6ner kanatl\u0131 \u0130nsans\u0131z Hava Ara\u00e7lar\u0131 kategorilerinde okulumuz \u00f6\u011frencileri, kendilerinin tasarlad\u0131klar\u0131 Drone ve Model U\u00e7aklarla okulumuzu Milli E\u011fitim Bakanl\u0131\u011f\u0131 Robot yar\u0131\u015fmas\u0131, Tasarla- Yap \u2013 U\u00e7ur (TYU) Model U\u00e7ak Yar\u0131\u015fmas\u0131 ve T\u00dcB\u0130TAK UAV (Unmanned Aerial Vehicle) \u0130nsans\u0131z Hava Ara\u00e7lar\u0131 yar\u0131\u015fmalar\u0131nda temsil etmekteler. Bu cihazlar\u0131n \u00fcretiminin her a\u015famas\u0131 okulumuz \u00f6\u011frencilerinin ve dan\u0131\u015fman \u00f6\u011fretmenlerimizin \u00e7aba ve gayretleriyle olu\u015fmaktad\u0131r. Bu&#8230;<\/p>\n","protected":false},"author":4,"featured_media":874,"parent":695,"menu_order":0,"comment_status":"closed","ping_status":"closed","template":"","meta":{"_acf_changed":false,"inline_featured_image":false,"footnotes":""},"class_list":["post-698","page","type-page","status-publish","has-post-thumbnail","hentry","custom-post-type-entry"],"aioseo_notices":[],"acf":[],"_links":{"self":[{"href":"https:\/\/www.enka.k12.tr\/kocaeli\/wp-json\/wp\/v2\/pages\/698","targetHints":{"allow":["GET"]}}],"collection":[{"href":"https:\/\/www.enka.k12.tr\/kocaeli\/wp-json\/wp\/v2\/pages"}],"about":[{"href":"https:\/\/www.enka.k12.tr\/kocaeli\/wp-json\/wp\/v2\/types\/page"}],"author":[{"embeddable":true,"href":"https:\/\/www.enka.k12.tr\/kocaeli\/wp-json\/wp\/v2\/users\/4"}],"replies":[{"embeddable":true,"href":"https:\/\/www.enka.k12.tr\/kocaeli\/wp-json\/wp\/v2\/comments?post=698"}],"version-history":[{"count":0,"href":"https:\/\/www.enka.k12.tr\/kocaeli\/wp-json\/wp\/v2\/pages\/698\/revisions"}],"up":[{"embeddable":true,"href":"https:\/\/www.enka.k12.tr\/kocaeli\/wp-json\/wp\/v2\/pages\/695"}],"wp:featuredmedia":[{"embeddable":true,"href":"https:\/\/www.enka.k12.tr\/kocaeli\/wp-json\/wp\/v2\/media\/874"}],"wp:attachment":[{"href":"https:\/\/www.enka.k12.tr\/kocaeli\/wp-json\/wp\/v2\/media?parent=698"}],"curies":[{"name":"wp","href":"https:\/\/api.w.org\/{rel}","templated":true}]}}