{"id":699,"date":"2017-07-26T09:42:42","date_gmt":"2017-07-26T06:42:42","guid":{"rendered":"http:\/\/www.enka.com\/foundation\/schools\/gebze\/robotino\/"},"modified":"2025-07-05T11:33:17","modified_gmt":"2025-07-05T08:33:17","slug":"frc-6985","status":"publish","type":"page","link":"https:\/\/www.enka.k12.tr\/kocaeli\/akademik-faaliyetler\/robot-yarismalari\/frc-6985\/","title":{"rendered":"FRC #6985"},"content":{"rendered":"<div class=\"wpb-content-wrapper\"><p>[vc_row][vc_column]<div id=\"ultimate-heading-242069dfe91af1622\" class=\"uvc-heading ult-adjust-bottom-margin ultimate-heading-242069dfe91af1622 uvc-4497 \" data-hspacer=\"line_with_icon\" data-hline_width=\"auto\" data-hicon_type=\"custom\" data-hborder_style=\"solid\" data-hborder_height=\"3\" data-hborder_color=\"#69b3e7\" data-icon_width=\"200\" data-hfixer=\"30\"  data-halign=\"center\" style=\"text-align:center\"><div class=\"uvc-heading-spacer line_with_icon\" style=\"top\"><div class=\"ult-just-icon-wrapper  \"><div class=\"align-icon\" style=\"text-align:center;\">\n<div class=\"aio-icon-img \" style=\"font-size:200px;display:inline-block;\" >\n\t<img decoding=\"async\" class=\"img-icon\" alt=\"null\" src=\"https:\/\/www.enka.k12.tr\/kocaeli\/wp-content\/uploads\/2023\/12\/enka_schools_log_new.jpg\"\/>\n<\/div><\/div><\/div><\/div><\/div><div class=\"ult-spacer spacer-69dfe91af1682\" data-id=\"69dfe91af1682\" data-height=\"30\" data-height-mobile=\"10\" data-height-tab=\"20\" data-height-tab-portrait=\"\" data-height-mobile-landscape=\"\" style=\"clear:both;display:block;\"><\/div>[\/vc_column][\/vc_row][vc_row padding_top=&#8221;30px&#8221; bg_type=&#8221;bg_color&#8221; bg_color_value=&#8221;#f5f5f5&#8243;][vc_column width=&#8221;1\/2&#8243;][vc_column_text]<strong>ENKATECH ROBOT TEAM\u00a0 ( #6985 ) <\/strong><\/p>\n<p>Enkatech Robot Team olarak 2017 den beri kat\u0131ld\u0131\u011f\u0131m\u0131z yar\u0131\u015fmalarda \u00e7e\u015fitli \u00f6d\u00fcller almaya hak kazand\u0131k. Bir \u00e7ok farkl\u0131 \u00f6d\u00fcle lay\u0131k g\u00f6r\u00fcld\u00fck. Ald\u0131\u011f\u0131m\u0131z ba\u015far\u0131lar sayesinde Amerikada yap\u0131lan uluslararas\u0131 finalinde \u00fclkemizi temsil etme f\u0131rsat\u0131 bulduk. Kurmu\u015f oldu\u011fumuz bu tak\u0131m \u00f6\u011frencilerimizin himayesinde her ge\u00e7en g\u00fcn b\u00fcy\u00fcyerek ve geli\u015ferek devam ediyor. Robot yapman\u0131n yan\u0131nda tak\u0131m \u00e7al\u0131\u015fmas\u0131, i\u015f b\u00f6l\u00fcm\u00fc , ileti\u015fim, g\u00fcvenlik, yabanc\u0131 dil, algoritmik d\u00fc\u015f\u00fcnme gibi pek \u00e7ok alanda b\u00fcy\u00fck geli\u015fimler g\u00f6stermi\u015ftir.[\/vc_column_text]<div class=\"ult-spacer spacer-69dfe91af16c3\" data-id=\"69dfe91af16c3\" data-height=\"24\" data-height-mobile=\"24\" data-height-tab=\"24\" data-height-tab-portrait=\"\" data-height-mobile-landscape=\"\" style=\"clear:both;display:block;\"><\/div>[vc_column_text]<strong>FIRST NED\u0130R?<\/strong><br \/>\n<strong>FIRST (For Inspiration and Recognition of Science and Technology)<\/strong><br \/>\n1989 y\u0131l\u0131nda mucit Dean Kamen taraf\u0131ndan kuruldu. Amac\u0131 gen\u00e7lerin bilim ve teknoloji alan\u0131ndaki ilgisini artt\u0131rmakt\u0131r.<br \/>\nFirst Robotics Competition (FRC) ise, First Vakf\u0131 taraf\u0131ndan her sene d\u00fczenlenen bir robotik yar\u0131\u015fmad\u0131r. Tak\u0131mlar, her y\u0131l bir tema \u00e7er\u00e7evesinde, yapt\u0131klar\u0131 robotlarla belirli g\u00f6revlerin \u00fcstesinden gelmeye \u00e7al\u0131\u015f\u0131rlar.<br \/>\n\u0130lk FRC 1992\u2019de New Hempshire\u2019de bir spor salonunda 28 tak\u0131m\u0131n kat\u0131l\u0131m\u0131 ile ger\u00e7ekle\u015fmi\u015f. \u015eimdi ise ABD, Kanada, \u0130srail, Meksika, Avustralya, T\u00fcrkiye, \u00c7in, Brezilya, \u015eili, Dominik Cumhuriyeti, Hollanda, \u015eili, \u0130ngiltere, Tayvan, Singapur,BAE ve T\u00fcrkiye\u2019den 250 binden fazla \u00f6\u011frenci FRC\u2019ye kat\u0131l\u0131yor.[\/vc_column_text][\/vc_column][vc_column width=&#8221;1\/2&#8243;][vc_single_image image=&#8221;20553&#8243;][\/vc_column][\/vc_row]<\/p>\n<\/div>","protected":false},"excerpt":{"rendered":"<p>[vc_row][vc_column][\/vc_column][\/vc_row][vc_row padding_top=&#8221;30px&#8221; bg_type=&#8221;bg_color&#8221; bg_color_value=&#8221;#f5f5f5&#8243;][vc_column width=&#8221;1\/2&#8243;][vc_column_text]ENKATECH ROBOT TEAM\u00a0 ( #6985 ) Enkatech Robot Team olarak 2017 den beri kat\u0131ld\u0131\u011f\u0131m\u0131z yar\u0131\u015fmalarda \u00e7e\u015fitli \u00f6d\u00fcller almaya hak kazand\u0131k. Bir \u00e7ok farkl\u0131 \u00f6d\u00fcle lay\u0131k g\u00f6r\u00fcld\u00fck. Ald\u0131\u011f\u0131m\u0131z ba\u015far\u0131lar sayesinde Amerikada yap\u0131lan uluslararas\u0131 finalinde \u00fclkemizi temsil etme f\u0131rsat\u0131 bulduk. Kurmu\u015f oldu\u011fumuz bu tak\u0131m \u00f6\u011frencilerimizin himayesinde her ge\u00e7en g\u00fcn b\u00fcy\u00fcyerek ve geli\u015ferek devam ediyor. Robot yapman\u0131n yan\u0131nda tak\u0131m \u00e7al\u0131\u015fmas\u0131, i\u015f b\u00f6l\u00fcm\u00fc , ileti\u015fim,&#8230;<\/p>\n","protected":false},"author":4,"featured_media":1441,"parent":695,"menu_order":0,"comment_status":"closed","ping_status":"closed","template":"","meta":{"_acf_changed":false,"inline_featured_image":false,"footnotes":""},"class_list":["post-699","page","type-page","status-publish","has-post-thumbnail","hentry","custom-post-type-entry"],"aioseo_notices":[],"acf":[],"_links":{"self":[{"href":"https:\/\/www.enka.k12.tr\/kocaeli\/wp-json\/wp\/v2\/pages\/699","targetHints":{"allow":["GET"]}}],"collection":[{"href":"https:\/\/www.enka.k12.tr\/kocaeli\/wp-json\/wp\/v2\/pages"}],"about":[{"href":"https:\/\/www.enka.k12.tr\/kocaeli\/wp-json\/wp\/v2\/types\/page"}],"author":[{"embeddable":true,"href":"https:\/\/www.enka.k12.tr\/kocaeli\/wp-json\/wp\/v2\/users\/4"}],"replies":[{"embeddable":true,"href":"https:\/\/www.enka.k12.tr\/kocaeli\/wp-json\/wp\/v2\/comments?post=699"}],"version-history":[{"count":5,"href":"https:\/\/www.enka.k12.tr\/kocaeli\/wp-json\/wp\/v2\/pages\/699\/revisions"}],"predecessor-version":[{"id":24049,"href":"https:\/\/www.enka.k12.tr\/kocaeli\/wp-json\/wp\/v2\/pages\/699\/revisions\/24049"}],"up":[{"embeddable":true,"href":"https:\/\/www.enka.k12.tr\/kocaeli\/wp-json\/wp\/v2\/pages\/695"}],"wp:featuredmedia":[{"embeddable":true,"href":"https:\/\/www.enka.k12.tr\/kocaeli\/wp-json\/wp\/v2\/media\/1441"}],"wp:attachment":[{"href":"https:\/\/www.enka.k12.tr\/kocaeli\/wp-json\/wp\/v2\/media?parent=699"}],"curies":[{"name":"wp","href":"https:\/\/api.w.org\/{rel}","templated":true}]}}