{"id":721,"date":"2017-07-26T09:43:54","date_gmt":"2017-07-26T09:43:54","guid":{"rendered":"http:\/\/www.enka.com\/foundation\/schools\/gebze\/genetic\/"},"modified":"2020-09-14T12:31:38","modified_gmt":"2020-09-14T09:31:38","slug":"genetik","status":"publish","type":"page","link":"https:\/\/www.enka.k12.tr\/kocaeli\/akademik-faaliyetler\/laboratuvarlar\/genetik\/","title":{"rendered":"GENET\u0130K"},"content":{"rendered":"<div class=\"wpb-content-wrapper\"><p>[vc_row][vc_column]<div id=\"ultimate-heading-1269e1b1e0673ae\" class=\"uvc-heading ult-adjust-bottom-margin ultimate-heading-1269e1b1e0673ae uvc-1624 \" data-hspacer=\"line_with_icon\" data-hline_width=\"auto\" data-hicon_type=\"custom\" data-hborder_style=\"solid\" data-hborder_height=\"3\" data-hborder_color=\"#fe5252\" data-icon_width=\"200\" data-hfixer=\"30\"  data-halign=\"center\" style=\"text-align:center\"><div class=\"uvc-heading-spacer line_with_icon\" style=\"top\"><div class=\"ult-just-icon-wrapper  \"><div class=\"align-icon\" style=\"text-align:center;\">\n<div class=\"aio-icon-img \" style=\"font-size:200px;display:inline-block;\" >\n\t<img decoding=\"async\" class=\"img-icon\" alt=\"null\" src=\"https:\/\/www.enka.k12.tr\/istanbul\/wp-content\/uploads\/2017\/04\/ENKA_Okullari_Istanbul_Logo.svg\"\/>\n<\/div><\/div><\/div><\/div><\/div><div class=\"ult-spacer spacer-69e1b1e06740f\" data-id=\"69e1b1e06740f\" data-height=\"30\" data-height-mobile=\"10\" data-height-tab=\"20\" data-height-tab-portrait=\"\" data-height-mobile-landscape=\"\" style=\"clear:both;display:block;\"><\/div>[\/vc_column][\/vc_row][vc_row padding_top=&#8221;30px&#8221; bg_type=&#8221;bg_color&#8221; bg_color_value=&#8221;#f5f5f5&#8243;][vc_column]<div id=\"ultimate-heading-636669e1b1e067463\" class=\"uvc-heading ult-adjust-bottom-margin ultimate-heading-636669e1b1e067463 uvc-2709 \" data-hspacer=\"line_only\"  data-halign=\"left\" style=\"text-align:left\"><div class=\"uvc-sub-heading ult-responsive\"  data-ultimate-target='.uvc-heading.ultimate-heading-636669e1b1e067463 .uvc-sub-heading '  data-responsive-json-new='{\"font-size\":\"desktop:50px;tablet:48px;tablet_portrait:46px;mobile_landscape:44px;mobile:42px;\",\"line-height\":\"desktop:50px;tablet:48px;tablet_portrait:46px;mobile_landscape:44px;mobile:42px;\"}'  style=\"font-weight:bold;color:#000000;\"><span style=\"color: #fe5252;\">GENET\u0130K <\/span>LABORATUVARI<\/div><div class=\"uvc-heading-spacer line_only\" style=\"margin-top:10px;height:3px;\"><span class=\"uvc-headings-line\" style=\"border-style:solid;border-bottom-width:3px;border-color:#000000;width:100px;\"><\/span><\/div><\/div>[\/vc_column][\/vc_row][vc_row padding_top=&#8221;30px&#8221; bg_type=&#8221;bg_color&#8221; bg_color_value=&#8221;#f5f5f5&#8243;][vc_column][vc_column_text]<\/p>\n<p style=\"text-align: justify;\">Okulumuzda Milli E\u011fitim Bakanl\u0131\u011f\u0131n\u0131n belirledi\u011fi \u00d6zel Fen Lisesi m\u00fcfredat program\u0131 uygulanmaktad\u0131r. Bunun yan\u0131nda TIP alan\u0131n\u0131 hedefleyen \u00f6\u011frencilerimiz 10. S\u0131n\u0131ftan itibaren \u201cGenetik Bilimine Giri\u015f\u201d se\u00e7meli dersi ile desteklenirler. Amac\u0131m\u0131z, kariyer plan\u0131n\u0131 t\u0131p \u00fczerine kuran gen\u00e7leri, liseden itibaren bu disiplin ile tan\u0131\u015ft\u0131rmakt\u0131r. \u00d6\u011frencilerimiz bu alanda ilgili g\u00fcncel bilgileri s\u00fcrekli takip ederek bilgi ve yarat\u0131c\u0131l\u0131klar\u0131n\u0131 hayata ge\u00e7irebilme kabiliyetine sahip bireyler olarak yeti\u015fmektedir.<\/p>\n<p>[\/vc_column_text]<div class=\"ult-spacer spacer-69e1b1e0674a0\" data-id=\"69e1b1e0674a0\" data-height=\"24\" data-height-mobile=\"24\" data-height-tab=\"24\" data-height-tab-portrait=\"\" data-height-mobile-landscape=\"\" style=\"clear:both;display:block;\"><\/div>[\/vc_column][\/vc_row]<\/p>\n<\/div>","protected":false},"excerpt":{"rendered":"<p>[vc_row][vc_column][\/vc_column][\/vc_row][vc_row padding_top=&#8221;30px&#8221; bg_type=&#8221;bg_color&#8221; bg_color_value=&#8221;#f5f5f5&#8243;][vc_column][\/vc_column][\/vc_row][vc_row padding_top=&#8221;30px&#8221; bg_type=&#8221;bg_color&#8221; bg_color_value=&#8221;#f5f5f5&#8243;][vc_column][vc_column_text] Okulumuzda Milli E\u011fitim Bakanl\u0131\u011f\u0131n\u0131n belirledi\u011fi \u00d6zel Fen Lisesi m\u00fcfredat program\u0131 uygulanmaktad\u0131r. Bunun yan\u0131nda TIP alan\u0131n\u0131 hedefleyen \u00f6\u011frencilerimiz 10. S\u0131n\u0131ftan itibaren \u201cGenetik Bilimine Giri\u015f\u201d se\u00e7meli dersi ile desteklenirler. Amac\u0131m\u0131z, kariyer plan\u0131n\u0131 t\u0131p \u00fczerine kuran gen\u00e7leri, liseden itibaren bu disiplin ile tan\u0131\u015ft\u0131rmakt\u0131r. \u00d6\u011frencilerimiz bu alanda ilgili g\u00fcncel bilgileri s\u00fcrekli takip ederek bilgi ve yarat\u0131c\u0131l\u0131klar\u0131n\u0131 hayata ge\u00e7irebilme kabiliyetine sahip bireyler olarak&#8230;<\/p>\n","protected":false},"author":4,"featured_media":862,"parent":720,"menu_order":0,"comment_status":"closed","ping_status":"closed","template":"","meta":{"_acf_changed":false,"inline_featured_image":false,"footnotes":""},"class_list":["post-721","page","type-page","status-publish","has-post-thumbnail","hentry","custom-post-type-entry"],"aioseo_notices":[],"acf":[],"_links":{"self":[{"href":"https:\/\/www.enka.k12.tr\/kocaeli\/wp-json\/wp\/v2\/pages\/721","targetHints":{"allow":["GET"]}}],"collection":[{"href":"https:\/\/www.enka.k12.tr\/kocaeli\/wp-json\/wp\/v2\/pages"}],"about":[{"href":"https:\/\/www.enka.k12.tr\/kocaeli\/wp-json\/wp\/v2\/types\/page"}],"author":[{"embeddable":true,"href":"https:\/\/www.enka.k12.tr\/kocaeli\/wp-json\/wp\/v2\/users\/4"}],"replies":[{"embeddable":true,"href":"https:\/\/www.enka.k12.tr\/kocaeli\/wp-json\/wp\/v2\/comments?post=721"}],"version-history":[{"count":0,"href":"https:\/\/www.enka.k12.tr\/kocaeli\/wp-json\/wp\/v2\/pages\/721\/revisions"}],"up":[{"embeddable":true,"href":"https:\/\/www.enka.k12.tr\/kocaeli\/wp-json\/wp\/v2\/pages\/720"}],"wp:featuredmedia":[{"embeddable":true,"href":"https:\/\/www.enka.k12.tr\/kocaeli\/wp-json\/wp\/v2\/media\/862"}],"wp:attachment":[{"href":"https:\/\/www.enka.k12.tr\/kocaeli\/wp-json\/wp\/v2\/media?parent=721"}],"curies":[{"name":"wp","href":"https:\/\/api.w.org\/{rel}","templated":true}]}}