{"id":768,"date":"2017-07-26T09:56:54","date_gmt":"2017-07-26T09:56:54","guid":{"rendered":"http:\/\/www.enka.com\/foundation\/schools\/gebze\/health-services\/"},"modified":"2026-03-14T14:26:59","modified_gmt":"2026-03-14T11:26:59","slug":"saglik-hizmetleri","status":"publish","type":"page","link":"https:\/\/www.enka.k12.tr\/kocaeli\/kampusumuz\/saglik-hizmetleri\/","title":{"rendered":"SA\u011eLIK H\u0130ZMETLER\u0130"},"content":{"rendered":"<div class=\"wpb-content-wrapper\"><p>[vc_row][vc_column]<div id=\"ultimate-heading-845569e9fd67193fa\" class=\"uvc-heading ult-adjust-bottom-margin ultimate-heading-845569e9fd67193fa uvc-3987 \" data-hspacer=\"line_with_icon\" data-hline_width=\"auto\" data-hicon_type=\"custom\" data-hborder_style=\"solid\" data-hborder_height=\"3\" data-hborder_color=\"#69b3e7\" data-icon_width=\"200\" data-hfixer=\"30\"  data-halign=\"center\" style=\"text-align:center\"><div class=\"uvc-heading-spacer line_with_icon\" style=\"top\"><div class=\"ult-just-icon-wrapper  \"><div class=\"align-icon\" style=\"text-align:center;\">\n<div class=\"aio-icon-img \" style=\"font-size:200px;display:inline-block;\" >\n\t<img decoding=\"async\" class=\"img-icon\" alt=\"null\" src=\"https:\/\/www.enka.k12.tr\/kocaeli\/wp-content\/uploads\/2023\/12\/enka_schools_log_new.jpg\"\/>\n<\/div><\/div><\/div><\/div><\/div><div class=\"ult-spacer spacer-69e9fd671945f\" data-id=\"69e9fd671945f\" data-height=\"30\" data-height-mobile=\"10\" data-height-tab=\"20\" data-height-tab-portrait=\"\" data-height-mobile-landscape=\"\" style=\"clear:both;display:block;\"><\/div>[\/vc_column][\/vc_row][vc_row gap=&#8221;30&#8243; padding_top=&#8221;40px&#8221; bg_type=&#8221;bg_color&#8221; bg_color_value=&#8221;rgba(247,247,247,0.8)&#8221;][vc_column]<div id=\"ultimate-heading-183569e9fd67194ae\" class=\"uvc-heading ult-adjust-bottom-margin ultimate-heading-183569e9fd67194ae uvc-2307 \" data-hspacer=\"no_spacer\"  data-halign=\"left\" style=\"text-align:left\"><div class=\"uvc-heading-spacer no_spacer\" style=\"top\"><\/div><div class=\"uvc-sub-heading ult-responsive\"  data-ultimate-target='.uvc-heading.ultimate-heading-183569e9fd67194ae .uvc-sub-heading '  data-responsive-json-new='{\"font-size\":\"desktop:45px;tablet_portrait:35px;mobile_landscape:35px;mobile:35px;\",\"line-height\":\"desktop:50px;tablet_portrait:50px;mobile_landscape:50px;mobile:50px;\"}'  style=\"font-weight:bold;color:#000000;\"><span style=\"font-size: 36pt; color: #003366;\">SA\u011eLIK H\u0130ZMETLER\u0130<\/span><\/div><\/div>[\/vc_column][\/vc_row][vc_row gap=&#8221;30&#8243; padding_top=&#8221;40px&#8221; padding_bottom=&#8221;40px&#8221; padding_left=&#8221;10px&#8221; padding_right=&#8221;10px&#8221; bg_type=&#8221;bg_color&#8221; bg_color_value=&#8221;rgba(247,247,247,0.8)&#8221;][vc_column][vc_column_text]Okul Sa\u011fl\u0131k Birimi; bir doktor, bir hem\u015fire ile \u00f6\u011frencilerimize ve \u00e7al\u0131\u015fanlar\u0131m\u0131za koruyucu sa\u011fl\u0131k, acil tedavi ve dan\u0131\u015fmanl\u0131k hizmeti vermektedir. \u00d6\u011frencilerimizin sa\u011fl\u0131k sorunlar\u0131yla ilgili olarak velilerle ileti\u015fim kurmak, varsa devam eden tedavi s\u00fcre\u00e7lerini izlemek, acil m\u00fcdahale gereksinimi olas\u0131 rahats\u0131zl\u0131klar\u0131 olan \u00f6\u011frencilerin takibi ve d\u00fczenli ila\u00e7 kullan\u0131m\u0131na gereksinim duyan \u00f6\u011frencilere ila\u00e7 uygulama deste\u011fi sa\u011fl\u0131k birimimiz taraf\u0131ndan yap\u0131lmaktad\u0131r. Sa\u011fl\u0131k Bakanl\u0131\u011f\u0131 taraf\u0131ndan uygulanan a\u015f\u0131lama, tarama programlar\u0131n\u0131n takibi ile bula\u015f\u0131c\u0131 hastal\u0131klar konusunda bilgilendirme ve \u00f6nlem alma da sa\u011fl\u0131k birimimizin hizmetleri aras\u0131ndad\u0131r. Revirimiz, muayene ve m\u00fcdahale odas\u0131, iki yatakl\u0131 g\u00f6zlem odas\u0131 ve hasta kay\u0131t b\u00f6l\u00fcmlerinden olu\u015fmakta ve muayene, acil m\u00fcdahale ve klinik g\u00f6zlem i\u00e7in gerekli t\u0131bbi donan\u0131m\u0131 bulunmaktad\u0131r.<\/p>\n<p>Okulun t\u00fcm birimlerinin hijyen standartlar\u0131na uygunlu\u011funu g\u00fcnl\u00fck olarak takip etmek ve t\u00fcm birimlerin bu standartlara uymas\u0131n\u0131 sa\u011flamak da sa\u011fl\u0131k birimimizin g\u00f6revleri aras\u0131ndad\u0131r.<\/p>\n<p>Okulumuz genelindeki i\u00e7ilebilir su olarak Kimya Teknolojileri b\u00f6l\u00fcm\u00fcm\u00fcz taraf\u0131ndan analiz ve ar\u0131tma i\u015flemlerine tabii tutulan \u015febeke suyu kullan\u0131lmaktad\u0131r. Bu sular\u0131n depoland\u0131\u011f\u0131 sebillerin rutin organik temizliklerinin kontrol\u00fc de sa\u011fl\u0131k birimimize aittir.<\/p>\n<p>Okulumuzda ISO 9001-2015 standartlar\u0131 gere\u011fi uygulan at\u0131k y\u00f6netimi s\u00fcreci dahilinde t\u0131bbi at\u0131klar sa\u011fl\u0131k birimizce toplanmaktad\u0131r.[\/vc_column_text][\/vc_column][\/vc_row][vc_row gap=&#8221;30&#8243; padding_top=&#8221;40px&#8221; padding_bottom=&#8221;40px&#8221; padding_left=&#8221;10px&#8221; padding_right=&#8221;10px&#8221; bg_type=&#8221;bg_color&#8221; bg_color_value=&#8221;rgba(247,247,247,0.8)&#8221;][vc_column width=&#8221;1\/4&#8243;]<div class=\"ult-spacer spacer-69e9fd67194f0\" data-id=\"69e9fd67194f0\" data-height=\"20\" data-height-mobile=\"20\" data-height-tab=\"20\" data-height-tab-portrait=\"20\" data-height-mobile-landscape=\"20\" style=\"clear:both;display:block;\"><\/div><div id=\"ultimate-heading-26769e9fd6719530\" class=\"uvc-heading ult-adjust-bottom-margin ultimate-heading-26769e9fd6719530 uvc-6278 \" data-hspacer=\"no_spacer\"  data-halign=\"left\" style=\"text-align:left\"><div class=\"uvc-heading-spacer no_spacer\" style=\"top\"><\/div><div class=\"uvc-sub-heading ult-responsive\"  data-ultimate-target='.uvc-heading.ultimate-heading-26769e9fd6719530 .uvc-sub-heading '  data-responsive-json-new='{\"font-size\":\"desktop:30px;tablet_portrait:30px;mobile_landscape:30px;mobile:30px;\",\"line-height\":\"desktop:50px;tablet_portrait:50px;mobile_landscape:50px;mobile:50px;\"}'  style=\"font-weight:bold;color:#000000;\"><span style=\"color: #003366; font-size: 14pt;\">SA\u011eLIK <\/span><span style=\"color: #003366; font-size: 14pt;\">Sigortas\u0131<\/span><\/div><\/div>[\/vc_column][vc_column width=&#8221;3\/4&#8243;][vc_column_text]T\u00fcm \u00f6\u011frenci ve personelimiz okula ula\u015f\u0131m s\u0131ras\u0131nda olu\u015fabilecek herhangi bir kazaya kar\u015f\u0131 s\u00f6zle\u015fme gere\u011fi ilgili firman\u0131n sa\u011flad\u0131\u011f\u0131 \u201cferdi kaza sigortas\u0131\u201d ile g\u00fcvence alt\u0131na al\u0131nm\u0131\u015ft\u0131r.<\/p>\n<p>Olu\u015fabilecek acil durumlarda ambulans ve sa\u011fl\u0131k birimi personelinin herhangi bir sebeple okulda bulunamamas\u0131 halinde ge\u00e7ici personel en yak\u0131n sa\u011fl\u0131k biriminden temin edilir.[\/vc_column_text][\/vc_column][\/vc_row]<\/p>\n<\/div>","protected":false},"excerpt":{"rendered":"<p>[vc_row][vc_column][\/vc_column][\/vc_row][vc_row gap=&#8221;30&#8243; padding_top=&#8221;40px&#8221; bg_type=&#8221;bg_color&#8221; bg_color_value=&#8221;rgba(247,247,247,0.8)&#8221;][vc_column][\/vc_column][\/vc_row][vc_row gap=&#8221;30&#8243; padding_top=&#8221;40px&#8221; padding_bottom=&#8221;40px&#8221; padding_left=&#8221;10px&#8221; padding_right=&#8221;10px&#8221; bg_type=&#8221;bg_color&#8221; bg_color_value=&#8221;rgba(247,247,247,0.8)&#8221;][vc_column][vc_column_text]Okul Sa\u011fl\u0131k Birimi; bir doktor, bir hem\u015fire ile \u00f6\u011frencilerimize ve \u00e7al\u0131\u015fanlar\u0131m\u0131za koruyucu sa\u011fl\u0131k, acil tedavi ve dan\u0131\u015fmanl\u0131k hizmeti vermektedir. \u00d6\u011frencilerimizin sa\u011fl\u0131k sorunlar\u0131yla ilgili olarak velilerle ileti\u015fim kurmak, varsa devam eden tedavi s\u00fcre\u00e7lerini izlemek, acil m\u00fcdahale gereksinimi olas\u0131 rahats\u0131zl\u0131klar\u0131 olan \u00f6\u011frencilerin takibi ve d\u00fczenli ila\u00e7 kullan\u0131m\u0131na gereksinim duyan \u00f6\u011frencilere ila\u00e7 uygulama deste\u011fi sa\u011fl\u0131k birimimiz taraf\u0131ndan&#8230;<\/p>\n","protected":false},"author":4,"featured_media":1699,"parent":765,"menu_order":0,"comment_status":"closed","ping_status":"closed","template":"","meta":{"_acf_changed":false,"inline_featured_image":false,"footnotes":""},"class_list":["post-768","page","type-page","status-publish","has-post-thumbnail","hentry","custom-post-type-entry"],"aioseo_notices":[],"acf":[],"_links":{"self":[{"href":"https:\/\/www.enka.k12.tr\/kocaeli\/wp-json\/wp\/v2\/pages\/768","targetHints":{"allow":["GET"]}}],"collection":[{"href":"https:\/\/www.enka.k12.tr\/kocaeli\/wp-json\/wp\/v2\/pages"}],"about":[{"href":"https:\/\/www.enka.k12.tr\/kocaeli\/wp-json\/wp\/v2\/types\/page"}],"author":[{"embeddable":true,"href":"https:\/\/www.enka.k12.tr\/kocaeli\/wp-json\/wp\/v2\/users\/4"}],"replies":[{"embeddable":true,"href":"https:\/\/www.enka.k12.tr\/kocaeli\/wp-json\/wp\/v2\/comments?post=768"}],"version-history":[{"count":3,"href":"https:\/\/www.enka.k12.tr\/kocaeli\/wp-json\/wp\/v2\/pages\/768\/revisions"}],"predecessor-version":[{"id":26962,"href":"https:\/\/www.enka.k12.tr\/kocaeli\/wp-json\/wp\/v2\/pages\/768\/revisions\/26962"}],"up":[{"embeddable":true,"href":"https:\/\/www.enka.k12.tr\/kocaeli\/wp-json\/wp\/v2\/pages\/765"}],"wp:featuredmedia":[{"embeddable":true,"href":"https:\/\/www.enka.k12.tr\/kocaeli\/wp-json\/wp\/v2\/media\/1699"}],"wp:attachment":[{"href":"https:\/\/www.enka.k12.tr\/kocaeli\/wp-json\/wp\/v2\/media?parent=768"}],"curies":[{"name":"wp","href":"https:\/\/api.w.org\/{rel}","templated":true}]}}