{"id":769,"date":"2017-07-26T09:57:15","date_gmt":"2017-07-26T09:57:15","guid":{"rendered":"http:\/\/www.enka.com\/foundation\/schools\/gebze\/nutrition\/"},"modified":"2026-03-14T14:28:42","modified_gmt":"2026-03-14T11:28:42","slug":"beslenme","status":"publish","type":"page","link":"https:\/\/www.enka.k12.tr\/kocaeli\/kampusumuz\/beslenme\/","title":{"rendered":"BESLENME"},"content":{"rendered":"<div class=\"wpb-content-wrapper\"><p>[vc_row][vc_column]<div id=\"ultimate-heading-765169fa2c989beec\" class=\"uvc-heading ult-adjust-bottom-margin ultimate-heading-765169fa2c989beec uvc-8279 \" data-hspacer=\"line_with_icon\" data-hline_width=\"auto\" data-hicon_type=\"custom\" data-hborder_style=\"solid\" data-hborder_height=\"3\" data-hborder_color=\"#69b3e7\" data-icon_width=\"200\" data-hfixer=\"30\"  data-halign=\"center\" style=\"text-align:center\"><div class=\"uvc-heading-spacer line_with_icon\" style=\"top\"><div class=\"ult-just-icon-wrapper  \"><div class=\"align-icon\" style=\"text-align:center;\">\n<div class=\"aio-icon-img \" style=\"font-size:200px;display:inline-block;\" >\n\t<img decoding=\"async\" class=\"img-icon\" alt=\"null\" src=\"https:\/\/www.enka.k12.tr\/kocaeli\/wp-content\/uploads\/2023\/12\/enka_schools_log_new.jpg\"\/>\n<\/div><\/div><\/div><\/div><\/div><div class=\"ult-spacer spacer-69fa2c989bf46\" data-id=\"69fa2c989bf46\" data-height=\"30\" data-height-mobile=\"10\" data-height-tab=\"20\" data-height-tab-portrait=\"\" data-height-mobile-landscape=\"\" style=\"clear:both;display:block;\"><\/div>[\/vc_column][\/vc_row][vc_row padding_top=&#8221;80px&#8221; bg_type=&#8221;image&#8221; bg_override=&#8221;full&#8221; enable_overlay=&#8221;enable_overlay_value&#8221; overlay_color=&#8221;rgba(255,255,255,0.8)&#8221; overlay_pattern=&#8221;transperant&#8221; overlay_pattern_opacity=&#8221;80&#8243; overlay_pattern_attachment=&#8221;fixed&#8221; seperator_enable=&#8221;seperator_enable_value&#8221; seperator_type=&#8221;clouds_seperator&#8221; seperator_position=&#8221;top_bottom_seperator&#8221; seperator_svg_height=&#8221;80&#8243; seperator_shape_background=&#8221;#f5f5f5&#8243;][vc_column]<div id=\"ultimate-heading-739469fa2c989bfa3\" class=\"uvc-heading ult-adjust-bottom-margin ultimate-heading-739469fa2c989bfa3 uvc-8209 \" data-hspacer=\"no_spacer\"  data-halign=\"left\" style=\"text-align:left\"><div class=\"uvc-heading-spacer no_spacer\" style=\"top\"><\/div><div class=\"uvc-sub-heading ult-responsive\"  data-ultimate-target='.uvc-heading.ultimate-heading-739469fa2c989bfa3 .uvc-sub-heading '  data-responsive-json-new='{\"font-size\":\"desktop:45px;tablet_portrait:35px;mobile_landscape:35px;mobile:35px;\",\"line-height\":\"desktop:45px;tablet_portrait:35px;mobile_landscape:35px;mobile:35px;\"}'  style=\"font-weight:bold;color:#69b3e7;\"><span style=\"color: #003366; font-size: 24pt;\">BESLENME<\/span><\/div><\/div><div class=\"ult-spacer spacer-69fa2c989bfe2\" data-id=\"69fa2c989bfe2\" data-height=\"30\" data-height-mobile=\"10\" data-height-tab=\"20\" data-height-tab-portrait=\"\" data-height-mobile-landscape=\"\" style=\"clear:both;display:block;\"><\/div>[\/vc_column][\/vc_row][vc_row][vc_column][vc_column_text]<\/p>\n<p style=\"background: white; vertical-align: baseline; margin: 0cm 0cm 15pt;\"><span style=\"font-size: 10.5pt; font-family: 'enka_font','serif';\">Okulumuzun yemekhane hizmetleri <\/span><strong><span style=\"font-size: 9.0pt; font-family: 'Arial','sans-serif';\">TSE-EN-ISO 50001 Enerji Y\u00f6netimi,<\/span><\/strong><span style=\"font-size: 9.0pt; font-family: 'Arial','sans-serif';\"> <strong><span style=\"font-family: 'Arial','sans-serif';\">TSE-EN-ISO 9001:2008 Kalite Y\u00f6netimi,<\/span><\/strong> <strong><span style=\"font-family: 'Arial','sans-serif';\">TSE-ISO-EN 14001:2004 \u00c7evre Y\u00f6netim Sistemi,<\/span><\/strong> <strong><span style=\"font-family: 'Arial','sans-serif';\">TSE \u0130SG OHSAS TS 18001: 2014 \u0130\u015f Sa\u011fl\u0131\u011f\u0131 ve G\u00fcvenli\u011fi Y\u00f6netim Sistemi,\u00a0TSE \u0130SO 10002 2014 M\u00fc\u015fteri Memnuniyeti Y\u00f6netim Sistemi belgeleri sahibi SOFRA GROUP-OBASAN traraf\u0131ndan verilmektedir.<\/span><\/strong><\/span><span style=\"font-size: 10.5pt; font-family: 'enka_font','serif';\"> Firma, 10 personel ile t\u00fcm okula 4 kap yemek esas\u0131yla \u00f6\u011fle yeme\u011fi hizmeti vermektedir. Ayr\u0131ca okulda yap\u0131lan ek \u00e7al\u0131\u015fmalarda da yemek hizmeti sa\u011flanmaktad\u0131r.<\/span><\/p>\n<p style=\"background: white; vertical-align: baseline; margin: 0cm 0cm 15pt;\"><span style=\"font-size: 10.5pt; font-family: 'enka_font','serif';\">Yemekler g\u00fcnl\u00fck olarak ENKA Okullar\u0131nda haz\u0131rlanmakta olup, men\u00fc, uzman diyetisyen taraf\u0131ndan, \u00f6\u011frencilerin g\u00fcnl\u00fck beslenme ve enerji ihtiya\u00e7lar\u0131 g\u00f6z \u00f6n\u00fcne al\u0131narak, ayl\u0131k olarak haz\u0131rlanmakta, velilerimiz web sayfas\u0131 arac\u0131l\u0131\u011f\u0131 ile ayl\u0131k olarak bilgilendirilmektedir.<\/span><\/p>\n<p style=\"background: white; vertical-align: baseline; margin: 0cm 0cm 15pt;\"><span style=\"font-size: 10.5pt; font-family: 'enka_font','serif';\">Okul kantini, klasik okul kantini konseptinden farkl\u0131 olarak yaln\u0131zca otomatlarla \u00f6\u011frencilere yiyecek ve s\u0131cak-so\u011fuk i\u00e7ecek hizmeti sunmaktad\u0131r. Otomatlar\u0131n kontrol\u00fc ve malzeme tedariki ilgili firma taraf\u0131ndan haftal\u0131k periyotlarla yap\u0131lmaktad\u0131r.<\/span><\/p>\n<p style=\"background: white; vertical-align: baseline; margin: 0cm 0cm 15pt;\"><span style=\"font-size: 10.5pt; font-family: 'enka_font','serif';\">Yemekhaneler ve \u00fcretim alan\u0131, belirli aral\u0131klarla, ENKA Okullar\u0131 Sa\u011fl\u0131k Birimi ve ba\u011f\u0131ms\u0131z bir denetleme firmas\u0131 taraf\u0131ndan, denetlenmekte, al\u0131nan su ve yemek numuneleri ise d\u00fczenli olarak g\u0131da kontrol laboratuvar\u0131na g\u00f6nderilmektedir. <\/span><\/p>\n<p style=\"background: white; vertical-align: baseline; margin: 0cm 0cm 15pt;\"><span style=\"font-size: 10.5pt; font-family: 'enka_font','serif';\">Yemek \u00fcretiminde kullan\u0131lan ham maddeler, T\u00fcrkiye\u2019nin se\u00e7kin firmalar\u0131ndan tedarik edilmekte ve tedarik\u00e7iler sahibi oldu\u011fumuz ISO-9001-2015 kalite y\u00f6netim sisteminin s\u00fcre\u00e7leri gere\u011fi rutin kontrollere tabi tutulmaktad\u0131rlar.<\/span><\/p>\n<p>[\/vc_column_text][\/vc_column][\/vc_row]<\/p>\n<\/div>","protected":false},"excerpt":{"rendered":"<p>[vc_row][vc_column][\/vc_column][\/vc_row][vc_row padding_top=&#8221;80px&#8221; bg_type=&#8221;image&#8221; bg_override=&#8221;full&#8221; enable_overlay=&#8221;enable_overlay_value&#8221; overlay_color=&#8221;rgba(255,255,255,0.8)&#8221; overlay_pattern=&#8221;transperant&#8221; overlay_pattern_opacity=&#8221;80&#8243; overlay_pattern_attachment=&#8221;fixed&#8221; seperator_enable=&#8221;seperator_enable_value&#8221; seperator_type=&#8221;clouds_seperator&#8221; seperator_position=&#8221;top_bottom_seperator&#8221; seperator_svg_height=&#8221;80&#8243; seperator_shape_background=&#8221;#f5f5f5&#8243;][vc_column][\/vc_column][\/vc_row][vc_row][vc_column][vc_column_text] Okulumuzun yemekhane hizmetleri TSE-EN-ISO 50001 Enerji Y\u00f6netimi, TSE-EN-ISO 9001:2008 Kalite Y\u00f6netimi, TSE-ISO-EN 14001:2004 \u00c7evre Y\u00f6netim Sistemi, TSE \u0130SG OHSAS TS 18001: 2014 \u0130\u015f Sa\u011fl\u0131\u011f\u0131 ve G\u00fcvenli\u011fi Y\u00f6netim Sistemi,\u00a0TSE \u0130SO 10002 2014 M\u00fc\u015fteri Memnuniyeti Y\u00f6netim Sistemi belgeleri sahibi SOFRA GROUP-OBASAN traraf\u0131ndan verilmektedir. Firma, 10 personel ile t\u00fcm okula 4 kap yemek esas\u0131yla&#8230;<\/p>\n","protected":false},"author":4,"featured_media":898,"parent":765,"menu_order":0,"comment_status":"closed","ping_status":"closed","template":"","meta":{"_acf_changed":false,"inline_featured_image":false,"footnotes":""},"class_list":["post-769","page","type-page","status-publish","has-post-thumbnail","hentry","custom-post-type-entry"],"aioseo_notices":[],"acf":[],"_links":{"self":[{"href":"https:\/\/www.enka.k12.tr\/kocaeli\/wp-json\/wp\/v2\/pages\/769","targetHints":{"allow":["GET"]}}],"collection":[{"href":"https:\/\/www.enka.k12.tr\/kocaeli\/wp-json\/wp\/v2\/pages"}],"about":[{"href":"https:\/\/www.enka.k12.tr\/kocaeli\/wp-json\/wp\/v2\/types\/page"}],"author":[{"embeddable":true,"href":"https:\/\/www.enka.k12.tr\/kocaeli\/wp-json\/wp\/v2\/users\/4"}],"replies":[{"embeddable":true,"href":"https:\/\/www.enka.k12.tr\/kocaeli\/wp-json\/wp\/v2\/comments?post=769"}],"version-history":[{"count":3,"href":"https:\/\/www.enka.k12.tr\/kocaeli\/wp-json\/wp\/v2\/pages\/769\/revisions"}],"predecessor-version":[{"id":26965,"href":"https:\/\/www.enka.k12.tr\/kocaeli\/wp-json\/wp\/v2\/pages\/769\/revisions\/26965"}],"up":[{"embeddable":true,"href":"https:\/\/www.enka.k12.tr\/kocaeli\/wp-json\/wp\/v2\/pages\/765"}],"wp:featuredmedia":[{"embeddable":true,"href":"https:\/\/www.enka.k12.tr\/kocaeli\/wp-json\/wp\/v2\/media\/898"}],"wp:attachment":[{"href":"https:\/\/www.enka.k12.tr\/kocaeli\/wp-json\/wp\/v2\/media?parent=769"}],"curies":[{"name":"wp","href":"https:\/\/api.w.org\/{rel}","templated":true}]}}