{"id":7895,"date":"2017-10-21T15:29:16","date_gmt":"2017-10-21T12:29:16","guid":{"rendered":"http:\/\/www.enka.k12.tr\/kocaeli\/?page_id=7895"},"modified":"2026-02-18T14:39:21","modified_gmt":"2026-02-18T11:39:21","slug":"yurt-disi-calismalari","status":"publish","type":"page","link":"https:\/\/www.enka.k12.tr\/kocaeli\/akademik-faaliyetler\/yurt-disi-calismalari\/","title":{"rendered":"YURT DI\u015eI \u00c7ALI\u015eMALARI"},"content":{"rendered":"<div class=\"wpb-content-wrapper\"><p>[vc_row][vc_column]<div id=\"ultimate-heading-993969e341a59adab\" class=\"uvc-heading ult-adjust-bottom-margin ultimate-heading-993969e341a59adab uvc-2312 \" data-hspacer=\"line_with_icon\" data-hline_width=\"auto\" data-hicon_type=\"custom\" data-hborder_style=\"solid\" data-hborder_height=\"3\" data-hborder_color=\"#69b3e7\" data-icon_width=\"200\" data-hfixer=\"30\"  data-halign=\"center\" style=\"text-align:center\"><div class=\"uvc-heading-spacer line_with_icon\" style=\"top\"><div class=\"ult-just-icon-wrapper  \"><div class=\"align-icon\" style=\"text-align:center;\">\n<div class=\"aio-icon-img \" style=\"font-size:200px;display:inline-block;\" >\n\t<img decoding=\"async\" class=\"img-icon\" alt=\"null\" src=\"https:\/\/www.enka.k12.tr\/kocaeli\/wp-content\/uploads\/2023\/12\/enka_schools_log_new.jpg\"\/>\n<\/div><\/div><\/div><\/div><\/div><div class=\"ult-spacer spacer-69e341a59ae06\" data-id=\"69e341a59ae06\" data-height=\"30\" data-height-mobile=\"10\" data-height-tab=\"20\" data-height-tab-portrait=\"\" data-height-mobile-landscape=\"\" style=\"clear:both;display:block;\"><\/div>[\/vc_column][\/vc_row][vc_row disable_element=&#8221;yes&#8221; padding_top=&#8221;10px&#8221; padding_bottom=&#8221;50px&#8221;][vc_column width=&#8221;1\/3&#8243;][vc_custom_heading text=&#8221;\u0130NG\u0130LTERE D\u0130L E\u011e\u0130T\u0130M\u0130&#8221; font_container=&#8221;tag:h2|text_align:center|color:%23012169&#8243; google_fonts=&#8221;font_family:Roboto%20Condensed%3A300%2C300italic%2Cregular%2Citalic%2C700%2C700italic|font_style:400%20regular%3A400%3Anormal&#8221; css=&#8221;&#8221; link=&#8221;url:https%3A%2F%2Fwww.enka.k12.tr%2Fkocaeli%2Fakademik-faaliyetler%2Fyurt-disi-calismalari%2Fingiltere-dil-egitimi%2F|title:%C4%B0NG%C4%B0LTERE%20D%C4%B0L%20E%C4%9E%C4%B0T%C4%B0M%C4%B0&#8243;]<div tabindex=\"0\" class=\"ult-new-ib ult-ib-effect-style5  ult-ib-resp  \" data-min-width=\"768\" data-max-width=\"900\" style=\"background:#62b5e5;\" data-opacity=\"1\" data-hover-opacity=\"0.3\" ><img decoding=\"async\" class=\"ult-new-ib-img\" style=\"opacity:1;\" alt=\"null\" src=\"https:\/\/www.enka.k12.tr\/kocaeli\/wp-content\/uploads\/2017\/07\/study_abroad_fi-1.jpg\"   \/><div id=\"interactive-banner-wrap-8726\" class=\"ult-new-ib-desc\" style=\"background:#62b5e5;\"><h2 class=\"ult-new-ib-title ult-responsive\"  data-ultimate-target='#interactive-banner-wrap-8726 .ult-new-ib-title'  data-responsive-json-new='{\"font-size\":\"\",\"line-height\":\"\"}'  style=\"font-weight:normal;color:#ffffff;\">\u0130NG\u0130LTERE D\u0130L E\u011e\u0130T\u0130M\u0130<\/h2><\/div><a class=\"ult-new-ib-link\" href=\"https:\/\/www.enka.k12.tr\/kocaeli\/akademik-faaliyetler\/yurt-disi-calismalari\/ingiltere-dil-egitimi\/\" title=\"\u0130NG\u0130LTERE D\u0130L E\u011e\u0130T\u0130M\u0130\"  ><\/a><\/div>[\/vc_column][vc_column width=&#8221;1\/3&#8243;][vc_custom_heading text=&#8221;YURT DI\u015eI MESLEK STAJI&#8221; font_container=&#8221;tag:h2|text_align:center|color:%23012169&#8243; google_fonts=&#8221;font_family:Roboto%20Condensed%3A300%2C300italic%2Cregular%2Citalic%2C700%2C700italic|font_style:400%20regular%3A400%3Anormal&#8221; css=&#8221;&#8221; link=&#8221;url:https%3A%2F%2Fwww.enka.k12.tr%2Fkocaeli%2Fakademik-faaliyetler%2Fyurt-disi-calismalari%2Fyurt-disi-meslek-staji%2F|title:YURT%20DI%C5%9EI%20MESLEK%20STAJI&#8221;]<div tabindex=\"0\" class=\"ult-new-ib ult-ib-effect-style5  ult-ib-resp  \" data-min-width=\"768\" data-max-width=\"900\" style=\"background:#009cde;\" data-opacity=\"1\" data-hover-opacity=\"0.3\" ><img decoding=\"async\" class=\"ult-new-ib-img\" style=\"opacity:1;\" alt=\"null\" src=\"https:\/\/www.enka.k12.tr\/kocaeli\/wp-content\/uploads\/2017\/07\/robot_competitions_fi-1.jpg\"   \/><div id=\"interactive-banner-wrap-3631\" class=\"ult-new-ib-desc\" style=\"background:#009cde;\"><h2 class=\"ult-new-ib-title ult-responsive\"  data-ultimate-target='#interactive-banner-wrap-3631 .ult-new-ib-title'  data-responsive-json-new='{\"font-size\":\"\",\"line-height\":\"\"}'  style=\"font-weight:normal;color:#ffffff;\">YURT DI\u015eI MESLEK STAJI<\/h2><\/div><a class=\"ult-new-ib-link\" href=\"https:\/\/www.enka.k12.tr\/kocaeli\/akademik-faaliyetler\/yurt-disi-calismalari\/yurt-disi-meslek-staji\/\" title=\"YURT DI\u015eI MESLEK STAJI\"  ><\/a><\/div>[\/vc_column][vc_column width=&#8221;1\/3&#8243;][vc_custom_heading text=&#8221;MUN (Model Birle\u015fmi\u015f Milletler)&#8221; font_container=&#8221;tag:h2|text_align:center|color:%23012169&#8243; google_fonts=&#8221;font_family:Roboto%20Condensed%3A300%2C300italic%2Cregular%2Citalic%2C700%2C700italic|font_style:400%20regular%3A400%3Anormal&#8221; css=&#8221;&#8221; link=&#8221;url:https%3A%2F%2Fwww.enka.k12.tr%2Fkocaeli%2Fakademik-faaliyetler%2Fyurt-disi-calismalari%2Fmun-model-birlesmis-milletler%2F|title:MUN%20(Model%20Birle%C5%9Fmi%C5%9F%20Milletler)&#8221;]<div tabindex=\"0\" class=\"ult-new-ib ult-ib-effect-style5  ult-ib-resp  \" data-min-width=\"768\" data-max-width=\"900\" style=\"background:#009cde;\" data-opacity=\"1\" data-hover-opacity=\"0.3\" ><img decoding=\"async\" class=\"ult-new-ib-img\" style=\"opacity:1;\" alt=\"null\" src=\"https:\/\/www.enka.k12.tr\/kocaeli\/wp-content\/uploads\/2017\/07\/robot_competitions_fi-1.jpg\"   \/><div id=\"interactive-banner-wrap-7868\" class=\"ult-new-ib-desc\" style=\"background:#009cde;\"><h2 class=\"ult-new-ib-title ult-responsive\"  data-ultimate-target='#interactive-banner-wrap-7868 .ult-new-ib-title'  data-responsive-json-new='{\"font-size\":\"\",\"line-height\":\"\"}'  style=\"font-weight:normal;color:#ffffff;\">MUN (Model Birle\u015fmi\u015f Milletler)<\/h2><\/div><a class=\"ult-new-ib-link\" href=\"https:\/\/www.enka.k12.tr\/kocaeli\/akademik-faaliyetler\/yurt-disi-calismalari\/mun-model-birlesmis-milletler\/\" title=\"MUN (Model Birle\u015fmi\u015f Milletler)\"  ><\/a><\/div>[\/vc_column][\/vc_row][vc_row disable_element=&#8221;yes&#8221; padding_top=&#8221;10px&#8221; padding_bottom=&#8221;50px&#8221;][vc_column width=&#8221;1\/3&#8243;][vc_custom_heading text=&#8221;AVRUPA B\u0130RL\u0130\u011e\u0130 PROJELER\u0130 (ERASMUS+)&#8221; font_container=&#8221;tag:h2|text_align:center|color:%23012169&#8243; google_fonts=&#8221;font_family:Roboto%20Condensed%3A300%2C300italic%2Cregular%2Citalic%2C700%2C700italic|font_style:400%20regular%3A400%3Anormal&#8221; css=&#8221;&#8221; link=&#8221;url:https%3A%2F%2Fwww.enka.k12.tr%2Fkocaeli%2Fakademik-faaliyetler%2Fyurt-disi-calismalari%2Favrupa-birligi-projeleri-erasmus%2F|title:AVRUPA%20B%C4%B0RL%C4%B0%C4%9E%C4%B0%20PROJELER%C4%B0%20(ERASMUS%2B)&#8221;]<div tabindex=\"0\" class=\"ult-new-ib ult-ib-effect-style5  ult-ib-resp  \" data-min-width=\"768\" data-max-width=\"900\" style=\"background:#62b5e5;\" data-opacity=\"1\" data-hover-opacity=\"0.3\" ><img decoding=\"async\" class=\"ult-new-ib-img\" style=\"opacity:1;\" alt=\"null\" src=\"https:\/\/www.enka.k12.tr\/kocaeli\/wp-content\/uploads\/2017\/07\/study_abroad_fi-1.jpg\"   \/><div id=\"interactive-banner-wrap-9793\" class=\"ult-new-ib-desc\" style=\"background:#62b5e5;\"><h2 class=\"ult-new-ib-title ult-responsive\"  data-ultimate-target='#interactive-banner-wrap-9793 .ult-new-ib-title'  data-responsive-json-new='{\"font-size\":\"\",\"line-height\":\"\"}'  style=\"font-weight:normal;color:#ffffff;\">AVRUPA B\u0130RL\u0130\u011e\u0130 PROJELER\u0130 (ERASMUS+)<\/h2><\/div><a class=\"ult-new-ib-link\" href=\"https:\/\/www.enka.k12.tr\/kocaeli\/akademik-faaliyetler\/yurt-disi-calismalari\/avrupa-birligi-projeleri-erasmus\/\" title=\"AVRUPA B\u0130RL\u0130\u011e\u0130 PROJELER\u0130 (ERASMUS+)\"  ><\/a><\/div>[\/vc_column][vc_column width=&#8221;1\/3&#8243;][vc_custom_heading text=&#8221;AVRUPA B\u0130RL\u0130\u011e\u0130 \u201c\u0130Y\u0130 \u00d6RNEKLER\u201d RAPORU&#8221; font_container=&#8221;tag:h2|text_align:center|color:%23012169&#8243; google_fonts=&#8221;font_family:Roboto%20Condensed%3A300%2C300italic%2Cregular%2Citalic%2C700%2C700italic|font_style:400%20regular%3A400%3Anormal&#8221; css=&#8221;&#8221; link=&#8221;url:https%3A%2F%2Fwww.enka.k12.tr%2Fkocaeli%2Fakademik-faaliyetler%2Fyurt-disi-calismalari%2Favrupa-birligi-projeleri-erasmus%2F|title:AVRUPA%20B%C4%B0RL%C4%B0%C4%9E%C4%B0%20%E2%80%9C%C4%B0Y%C4%B0%20%C3%96RNEKLER%E2%80%9D%20RAPORU&#8221;]<div tabindex=\"0\" class=\"ult-new-ib ult-ib-effect-style5  ult-ib-resp  \" data-min-width=\"768\" data-max-width=\"900\" style=\"background:#009cde;\" data-opacity=\"1\" data-hover-opacity=\"0.3\" ><img decoding=\"async\" class=\"ult-new-ib-img\" style=\"opacity:1;\" alt=\"null\" src=\"https:\/\/www.enka.k12.tr\/kocaeli\/wp-content\/uploads\/2017\/07\/robot_competitions_fi-1.jpg\"   \/><div id=\"interactive-banner-wrap-2540\" class=\"ult-new-ib-desc\" style=\"background:#009cde;\"><h2 class=\"ult-new-ib-title ult-responsive\"  data-ultimate-target='#interactive-banner-wrap-2540 .ult-new-ib-title'  data-responsive-json-new='{\"font-size\":\"\",\"line-height\":\"\"}'  style=\"font-weight:normal;color:#ffffff;\">AVRUPA B\u0130RL\u0130\u011e\u0130 \u201c\u0130Y\u0130 \u00d6RNEKLER\u201d RAPORU<\/h2><\/div><a class=\"ult-new-ib-link\" href=\"https:\/\/www.enka.k12.tr\/kocaeli\/akademik-faaliyetler\/yurt-disi-calismalari\/avrupa-birligi-iyi-ornekler-raporu\/\" title=\"AVRUPA B\u0130RL\u0130\u011e\u0130 \u201c\u0130Y\u0130 \u00d6RNEKLER\u201d RAPORU\"  ><\/a><\/div>[\/vc_column][\/vc_row]<\/p>\n<\/div>","protected":false},"excerpt":{"rendered":"<p>[vc_row][vc_column][\/vc_column][\/vc_row][vc_row disable_element=&#8221;yes&#8221; padding_top=&#8221;10px&#8221; padding_bottom=&#8221;50px&#8221;][vc_column width=&#8221;1\/3&#8243;][vc_custom_heading text=&#8221;\u0130NG\u0130LTERE D\u0130L E\u011e\u0130T\u0130M\u0130&#8221; font_container=&#8221;tag:h2|text_align:center|color:%23012169&#8243; google_fonts=&#8221;font_family:Roboto%20Condensed%3A300%2C300italic%2Cregular%2Citalic%2C700%2C700italic|font_style:400%20regular%3A400%3Anormal&#8221; css=&#8221;&#8221; link=&#8221;url:https%3A%2F%2Fwww.enka.k12.tr%2Fkocaeli%2Fakademik-faaliyetler%2Fyurt-disi-calismalari%2Fingiltere-dil-egitimi%2F|title:%C4%B0NG%C4%B0LTERE%20D%C4%B0L%20E%C4%9E%C4%B0T%C4%B0M%C4%B0&#8243;][\/vc_column][vc_column width=&#8221;1\/3&#8243;][vc_custom_heading text=&#8221;YURT DI\u015eI MESLEK STAJI&#8221; font_container=&#8221;tag:h2|text_align:center|color:%23012169&#8243; google_fonts=&#8221;font_family:Roboto%20Condensed%3A300%2C300italic%2Cregular%2Citalic%2C700%2C700italic|font_style:400%20regular%3A400%3Anormal&#8221; css=&#8221;&#8221; link=&#8221;url:https%3A%2F%2Fwww.enka.k12.tr%2Fkocaeli%2Fakademik-faaliyetler%2Fyurt-disi-calismalari%2Fyurt-disi-meslek-staji%2F|title:YURT%20DI%C5%9EI%20MESLEK%20STAJI&#8221;][\/vc_column][vc_column width=&#8221;1\/3&#8243;][vc_custom_heading text=&#8221;MUN (Model Birle\u015fmi\u015f Milletler)&#8221; font_container=&#8221;tag:h2|text_align:center|color:%23012169&#8243; google_fonts=&#8221;font_family:Roboto%20Condensed%3A300%2C300italic%2Cregular%2Citalic%2C700%2C700italic|font_style:400%20regular%3A400%3Anormal&#8221; css=&#8221;&#8221; link=&#8221;url:https%3A%2F%2Fwww.enka.k12.tr%2Fkocaeli%2Fakademik-faaliyetler%2Fyurt-disi-calismalari%2Fmun-model-birlesmis-milletler%2F|title:MUN%20(Model%20Birle%C5%9Fmi%C5%9F%20Milletler)&#8221;][\/vc_column][\/vc_row][vc_row disable_element=&#8221;yes&#8221; padding_top=&#8221;10px&#8221; padding_bottom=&#8221;50px&#8221;][vc_column width=&#8221;1\/3&#8243;][vc_custom_heading text=&#8221;AVRUPA B\u0130RL\u0130\u011e\u0130 PROJELER\u0130 (ERASMUS+)&#8221; font_container=&#8221;tag:h2|text_align:center|color:%23012169&#8243; google_fonts=&#8221;font_family:Roboto%20Condensed%3A300%2C300italic%2Cregular%2Citalic%2C700%2C700italic|font_style:400%20regular%3A400%3Anormal&#8221; css=&#8221;&#8221; link=&#8221;url:https%3A%2F%2Fwww.enka.k12.tr%2Fkocaeli%2Fakademik-faaliyetler%2Fyurt-disi-calismalari%2Favrupa-birligi-projeleri-erasmus%2F|title:AVRUPA%20B%C4%B0RL%C4%B0%C4%9E%C4%B0%20PROJELER%C4%B0%20(ERASMUS%2B)&#8221;][\/vc_column][vc_column width=&#8221;1\/3&#8243;][vc_custom_heading text=&#8221;AVRUPA B\u0130RL\u0130\u011e\u0130 \u201c\u0130Y\u0130 \u00d6RNEKLER\u201d RAPORU&#8221; font_container=&#8221;tag:h2|text_align:center|color:%23012169&#8243; google_fonts=&#8221;font_family:Roboto%20Condensed%3A300%2C300italic%2Cregular%2Citalic%2C700%2C700italic|font_style:400%20regular%3A400%3Anormal&#8221; css=&#8221;&#8221; link=&#8221;url:https%3A%2F%2Fwww.enka.k12.tr%2Fkocaeli%2Fakademik-faaliyetler%2Fyurt-disi-calismalari%2Favrupa-birligi-projeleri-erasmus%2F|title:AVRUPA%20B%C4%B0RL%C4%B0%C4%9E%C4%B0%20%E2%80%9C%C4%B0Y%C4%B0%20%C3%96RNEKLER%E2%80%9D%20RAPORU&#8221;][\/vc_column][\/vc_row]<\/p>\n","protected":false},"author":1,"featured_media":0,"parent":664,"menu_order":2,"comment_status":"closed","ping_status":"closed","template":"","meta":{"_acf_changed":false,"inline_featured_image":false,"footnotes":""},"class_list":["post-7895","page","type-page","status-publish","hentry","custom-post-type-entry"],"aioseo_notices":[],"acf":[],"_links":{"self":[{"href":"https:\/\/www.enka.k12.tr\/kocaeli\/wp-json\/wp\/v2\/pages\/7895","targetHints":{"allow":["GET"]}}],"collection":[{"href":"https:\/\/www.enka.k12.tr\/kocaeli\/wp-json\/wp\/v2\/pages"}],"about":[{"href":"https:\/\/www.enka.k12.tr\/kocaeli\/wp-json\/wp\/v2\/types\/page"}],"author":[{"embeddable":true,"href":"https:\/\/www.enka.k12.tr\/kocaeli\/wp-json\/wp\/v2\/users\/1"}],"replies":[{"embeddable":true,"href":"https:\/\/www.enka.k12.tr\/kocaeli\/wp-json\/wp\/v2\/comments?post=7895"}],"version-history":[{"count":3,"href":"https:\/\/www.enka.k12.tr\/kocaeli\/wp-json\/wp\/v2\/pages\/7895\/revisions"}],"predecessor-version":[{"id":26593,"href":"https:\/\/www.enka.k12.tr\/kocaeli\/wp-json\/wp\/v2\/pages\/7895\/revisions\/26593"}],"up":[{"embeddable":true,"href":"https:\/\/www.enka.k12.tr\/kocaeli\/wp-json\/wp\/v2\/pages\/664"}],"wp:attachment":[{"href":"https:\/\/www.enka.k12.tr\/kocaeli\/wp-json\/wp\/v2\/media?parent=7895"}],"curies":[{"name":"wp","href":"https:\/\/api.w.org\/{rel}","templated":true}]}}