{"id":7897,"date":"2017-10-21T15:15:20","date_gmt":"2017-10-21T12:15:20","guid":{"rendered":"http:\/\/www.enka.k12.tr\/kocaeli\/?page_id=7897"},"modified":"2026-04-02T10:10:32","modified_gmt":"2026-04-02T07:10:32","slug":"projelerimiz","status":"publish","type":"page","link":"https:\/\/www.enka.k12.tr\/kocaeli\/akademik-faaliyetler\/projelerimiz\/","title":{"rendered":"PROJELER\u0130M\u0130Z"},"content":{"rendered":"<div class=\"wpb-content-wrapper\"><p>[vc_row][vc_column]<div id=\"ultimate-heading-786669fa1dc8c9500\" class=\"uvc-heading ult-adjust-bottom-margin ultimate-heading-786669fa1dc8c9500 uvc-109 \" data-hspacer=\"line_with_icon\" data-hline_width=\"auto\" data-hicon_type=\"custom\" data-hborder_style=\"solid\" data-hborder_height=\"3\" data-hborder_color=\"#69b3e7\" data-icon_width=\"200\" data-hfixer=\"30\"  data-halign=\"center\" style=\"text-align:center\"><div class=\"uvc-heading-spacer line_with_icon\" style=\"top\"><div class=\"ult-just-icon-wrapper  \"><div class=\"align-icon\" style=\"text-align:center;\">\n<div class=\"aio-icon-img \" style=\"font-size:200px;display:inline-block;\" >\n\t<img decoding=\"async\" class=\"img-icon\" alt=\"null\" src=\"https:\/\/www.enka.k12.tr\/kocaeli\/wp-content\/uploads\/2023\/12\/enka_schools_log_new.jpg\"\/>\n<\/div><\/div><\/div><\/div><\/div><div class=\"ult-spacer spacer-69fa1dc8c9565\" data-id=\"69fa1dc8c9565\" data-height=\"30\" data-height-mobile=\"10\" data-height-tab=\"20\" data-height-tab-portrait=\"\" data-height-mobile-landscape=\"\" style=\"clear:both;display:block;\"><\/div>[\/vc_column][\/vc_row][vc_row padding_top=&#8221;30px&#8221; bg_type=&#8221;bg_color&#8221; bg_color_value=&#8221;#f5f5f5&#8243;][vc_column]<div id=\"ultimate-heading-377169fa1dc8c95b5\" class=\"uvc-heading ult-adjust-bottom-margin ultimate-heading-377169fa1dc8c95b5 uvc-6571 \" data-hspacer=\"no_spacer\"  data-halign=\"left\" style=\"text-align:left\"><div class=\"uvc-heading-spacer no_spacer\" style=\"top\"><\/div><div class=\"uvc-sub-heading ult-responsive\"  data-ultimate-target='.uvc-heading.ultimate-heading-377169fa1dc8c95b5 .uvc-sub-heading '  data-responsive-json-new='{\"font-size\":\"desktop:50px;tablet:48px;tablet_portrait:46px;mobile_landscape:44px;mobile:42px;\",\"line-height\":\"desktop:50px;tablet:48px;tablet_portrait:46px;mobile_landscape:44px;mobile:42px;\"}'  style=\"font-weight:bold;color:#000000;\"><span style=\"color: #003366;\">PROJELER\u0130M\u0130Z<\/span><\/div><\/div><div class=\"ult-spacer spacer-69fa1dc8c9602\" data-id=\"69fa1dc8c9602\" data-height=\"24\" data-height-mobile=\"24\" data-height-tab=\"24\" data-height-tab-portrait=\"\" data-height-mobile-landscape=\"\" style=\"clear:both;display:block;\"><\/div>[\/vc_column][\/vc_row][vc_row padding_top=&#8221;30px&#8221; bg_type=&#8221;bg_color&#8221; bg_color_value=&#8221;#f5f5f5&#8243;][vc_column width=&#8221;1\/2&#8243;][vc_column_text]Okulumuzda bilimsel merak ve ara\u015ft\u0131rma k\u00fclt\u00fcr\u00fc, \u00f6\u011frencilerimizin akademik yolculu\u011funun merkezinde yer al\u0131r. \u00d6\u011frencilerimiz, yarat\u0131c\u0131 ve \u00f6zg\u00fcn fikirlerini projelere d\u00f6n\u00fc\u015ft\u00fcrerek hem bireysel hem de ekip \u00e7al\u0131\u015fmas\u0131 becerilerini geli\u015ftirir.<\/p>\n<p>Y\u00fcr\u00fctt\u00fc\u011f\u00fcm\u00fcz projeler, T\u00dcB\u0130TAK Ulusal ve Uluslararas\u0131 Projeleri, TEKNOFEST yar\u0131\u015fmalar\u0131, ISEF (International Science and Engineering Fair) ve di\u011fer ulusal ve uluslararas\u0131 bilimsel projeler ve yar\u0131\u015fmalar\u0131 kapsar. \u00d6\u011frencilerimiz, fen, teknoloji, m\u00fchendislik, matematik ve sosyal bilimler gibi farkl\u0131 alanlarda ara\u015ft\u0131rma projeleri geli\u015ftirir, deneyler yapar ve sonu\u00e7lar\u0131n\u0131 bilimsel platformlarda payla\u015f\u0131r.<\/p>\n<p>\u00d6zellikle ISEF\u2019te elde etti\u011fimiz b\u00fcy\u00fck ba\u015far\u0131, \u00f6\u011frencilerimizin uluslararas\u0131 arenada ne kadar rekabet\u00e7i ve yarat\u0131c\u0131 oldu\u011funu g\u00f6stermektedir. TEKNOFEST ve di\u011fer uluslararas\u0131 projelerde de \u00f6\u011frencilerimiz, problem \u00e7\u00f6zme, analitik d\u00fc\u015f\u00fcnme ve yenilik\u00e7i bak\u0131\u015f a\u00e7\u0131lar\u0131n\u0131 geli\u015ftirirken, \u00fclkemizi ba\u015far\u0131yla temsil ederler. T\u00dcB\u0130TAK projelerimiz ise teorik bilgileri uygulamaya d\u00f6n\u00fc\u015ft\u00fcrme ve bilimsel ara\u015ft\u0131rma s\u00fcre\u00e7lerini deneyimleme f\u0131rsat\u0131 sunar.<\/p>\n<p>Bu projeler sayesinde \u00f6\u011frencilerimiz yarat\u0131c\u0131l\u0131k, \u00f6zg\u00fcven ve liderlik becerilerini peki\u015ftirirken, akademik ba\u015far\u0131lar\u0131n\u0131n yan\u0131 s\u0131ra ulusal ve uluslararas\u0131 platformlarda da \u00f6ne \u00e7\u0131kma \u015fans\u0131 elde eder. Okulumuz, her \u00f6\u011frencinin bilimsel merak\u0131n\u0131 destekleyerek onlar\u0131 gelece\u011fin ara\u015ft\u0131rmac\u0131lar\u0131 ve yenilik\u00e7ileri olarak yeti\u015ftirmeyi hedefler.[\/vc_column_text]<div class=\"ult-spacer spacer-69fa1dc8c962b\" data-id=\"69fa1dc8c962b\" data-height=\"24\" data-height-mobile=\"24\" data-height-tab=\"24\" data-height-tab-portrait=\"\" data-height-mobile-landscape=\"\" style=\"clear:both;display:block;\"><\/div><div class=\"ult-spacer spacer-69fa1dc8c9652\" data-id=\"69fa1dc8c9652\" data-height=\"24\" data-height-mobile=\"24\" data-height-tab=\"24\" data-height-tab-portrait=\"\" data-height-mobile-landscape=\"\" style=\"clear:both;display:block;\"><\/div>[\/vc_column][vc_column width=&#8221;1\/2&#8243;][vc_single_image image=&#8221;3079&#8243;][\/vc_column][\/vc_row]<\/p>\n<\/div>","protected":false},"excerpt":{"rendered":"<p>[vc_row][vc_column][\/vc_column][\/vc_row][vc_row padding_top=&#8221;30px&#8221; bg_type=&#8221;bg_color&#8221; bg_color_value=&#8221;#f5f5f5&#8243;][vc_column][\/vc_column][\/vc_row][vc_row padding_top=&#8221;30px&#8221; bg_type=&#8221;bg_color&#8221; bg_color_value=&#8221;#f5f5f5&#8243;][vc_column width=&#8221;1\/2&#8243;][vc_column_text]Okulumuzda bilimsel merak ve ara\u015ft\u0131rma k\u00fclt\u00fcr\u00fc, \u00f6\u011frencilerimizin akademik yolculu\u011funun merkezinde yer al\u0131r. \u00d6\u011frencilerimiz, yarat\u0131c\u0131 ve \u00f6zg\u00fcn fikirlerini projelere d\u00f6n\u00fc\u015ft\u00fcrerek hem bireysel hem de ekip \u00e7al\u0131\u015fmas\u0131 becerilerini geli\u015ftirir. Y\u00fcr\u00fctt\u00fc\u011f\u00fcm\u00fcz projeler, T\u00dcB\u0130TAK Ulusal ve Uluslararas\u0131 Projeleri, TEKNOFEST yar\u0131\u015fmalar\u0131, ISEF (International Science and Engineering Fair) ve di\u011fer ulusal ve uluslararas\u0131 bilimsel projeler ve yar\u0131\u015fmalar\u0131 kapsar. \u00d6\u011frencilerimiz, fen, teknoloji, m\u00fchendislik, matematik ve&#8230;<\/p>\n","protected":false},"author":14,"featured_media":931,"parent":664,"menu_order":0,"comment_status":"closed","ping_status":"closed","template":"","meta":{"_acf_changed":false,"inline_featured_image":false,"footnotes":""},"class_list":["post-7897","page","type-page","status-publish","has-post-thumbnail","hentry","custom-post-type-entry"],"aioseo_notices":[],"acf":[],"_links":{"self":[{"href":"https:\/\/www.enka.k12.tr\/kocaeli\/wp-json\/wp\/v2\/pages\/7897","targetHints":{"allow":["GET"]}}],"collection":[{"href":"https:\/\/www.enka.k12.tr\/kocaeli\/wp-json\/wp\/v2\/pages"}],"about":[{"href":"https:\/\/www.enka.k12.tr\/kocaeli\/wp-json\/wp\/v2\/types\/page"}],"author":[{"embeddable":true,"href":"https:\/\/www.enka.k12.tr\/kocaeli\/wp-json\/wp\/v2\/users\/14"}],"replies":[{"embeddable":true,"href":"https:\/\/www.enka.k12.tr\/kocaeli\/wp-json\/wp\/v2\/comments?post=7897"}],"version-history":[{"count":2,"href":"https:\/\/www.enka.k12.tr\/kocaeli\/wp-json\/wp\/v2\/pages\/7897\/revisions"}],"predecessor-version":[{"id":27018,"href":"https:\/\/www.enka.k12.tr\/kocaeli\/wp-json\/wp\/v2\/pages\/7897\/revisions\/27018"}],"up":[{"embeddable":true,"href":"https:\/\/www.enka.k12.tr\/kocaeli\/wp-json\/wp\/v2\/pages\/664"}],"wp:featuredmedia":[{"embeddable":true,"href":"https:\/\/www.enka.k12.tr\/kocaeli\/wp-json\/wp\/v2\/media\/931"}],"wp:attachment":[{"href":"https:\/\/www.enka.k12.tr\/kocaeli\/wp-json\/wp\/v2\/media?parent=7897"}],"curies":[{"name":"wp","href":"https:\/\/api.w.org\/{rel}","templated":true}]}}